{"id":10240,"date":"2014-10-13T21:37:04","date_gmt":"2014-10-13T19:37:04","guid":{"rendered":"http:\/\/www.farnost-strazske.sk\/?page_id=10240"},"modified":"2022-08-29T00:23:58","modified_gmt":"2022-08-28T22:23:58","slug":"historia-spravcov-farnosti","status":"publish","type":"page","link":"https:\/\/www.farnost-strazske.sk\/?page_id=10240","title":{"rendered":"Hist\u00f3ria spr\u00e1vcov farnosti"},"content":{"rendered":"<p><strong><span style=\"text-decoration: underline;\">Hist\u00f3ria spr\u00e1vcov farnosti Str\u00e1\u017eske:<\/span><br \/>\n<\/strong><em>Skoczik Andrej<br \/>\nSimkovicz Michal<br \/>\n1713 &#8211; 1722&nbsp; Kalas \u0160tefan<br \/>\n1722 &#8211; 1733&nbsp; Veis V\u00e1clav<br \/>\n1733 &#8211; 1742&nbsp; Volenszky Adam<br \/>\n1742 &#8211; 1750&nbsp; Urbanovits Matej<br \/>\n1750 &#8211; 1760&nbsp; Mojzes Jakub<br \/>\n1760 &#8211; 1761&nbsp; Albini Franti\u0161ek<br \/>\n1761 &#8211; 1763&nbsp; J\u00e1szay J\u00e1n<br \/>\n1763 &#8211; 1773&nbsp; Rembeczky Jozef<br \/>\n1773 &#8211; 1774&nbsp; Sz\u00e1ntay \u0160tefan<br \/>\n1774 &#8211; 1779&nbsp; Petr\u00e1s Martin<br \/>\n1779 &#8211; 1780&nbsp; Keller Tom\u00e1\u0161<br \/>\n1780 &#8211; 1790&nbsp; Podmaniczky Jozef<br \/>\n1790 &#8211; 1793&nbsp; Mayer J\u00e1n<br \/>\n1794 &#8211; 1800&nbsp; Skultety Jozef<br \/>\n1800 &#8211; 1805&nbsp; R\u00e1cz Andrej<br \/>\n1805 &#8211; 1828&nbsp; Guth Mat\u00fa\u0161<br \/>\n1828 &#8211; 1864&nbsp; Szlavkay Andrej<br \/>\n1864 &#8211; 1866&nbsp; Reviczky Adam<br \/>\n1866 &#8211; 1873&nbsp; Szkurkay August\u00edn<br \/>\n1873 &#8211; 1914&nbsp; Tellyasniczky Ladislav<br \/>\n1914 &#8211; 1918&nbsp; Kmetz Juraj<br \/>\n1918 &#8211; 1953&nbsp; Luk\u00e1\u010d Jozef<br \/>\n1953 &#8211; 1959&nbsp; Bub\u00e1n J\u00e1n<br \/>\n1959 &#8211; 1990&nbsp; Kmec Vojtech<br \/>\n1990 &#8211; 1994&nbsp; Burda Vincent<br \/>\n1994 &#8211; 1999&nbsp; Bielak \u0160tefan<br \/>\n1999 &#8211; 2013&nbsp; Hermanovsk\u00fd Jozef<br \/>\n2013-2014&nbsp;&nbsp; Vojtko Peter<br \/>\n2014-2022&nbsp; August\u00edn Va\u0161\u010d\u00e1k<\/em><\/p>\n","protected":false},"excerpt":{"rendered":"<p>Hist\u00f3ria spr\u00e1vcov farnosti Str\u00e1\u017eske: Skoczik Andrej Simkovicz Michal 1713 &#8211; 1722&nbsp; Kalas \u0160tefan 1722 &#8211; 1733&nbsp; Veis V\u00e1clav 1733 &#8211; 1742&nbsp; Volenszky Adam 1742 &#8211; 1750&nbsp; Urbanovits Matej 1750 &#8211; 1760&nbsp; Mojzes Jakub 1760 &#8211; 1761&nbsp; Albini Franti\u0161ek 1761 &#8211; 1763&nbsp; J\u00e1szay J\u00e1n 1763 &#8211; 1773&nbsp; Rembeczky Jozef 1773 &#8211; 1774&nbsp; Sz\u00e1ntay \u0160tefan 1774 &#8211; [&hellip;]<\/p>\n","protected":false},"author":1,"featured_media":0,"parent":9,"menu_order":6,"comment_status":"closed","ping_status":"closed","template":"","meta":{"ngg_post_thumbnail":0,"footnotes":""},"class_list":["post-10240","page","type-page","status-publish","hentry"],"_links":{"self":[{"href":"https:\/\/www.farnost-strazske.sk\/index.php?rest_route=\/wp\/v2\/pages\/10240","targetHints":{"allow":["GET"]}}],"collection":[{"href":"https:\/\/www.farnost-strazske.sk\/index.php?rest_route=\/wp\/v2\/pages"}],"about":[{"href":"https:\/\/www.farnost-strazske.sk\/index.php?rest_route=\/wp\/v2\/types\/page"}],"author":[{"embeddable":true,"href":"https:\/\/www.farnost-strazske.sk\/index.php?rest_route=\/wp\/v2\/users\/1"}],"replies":[{"embeddable":true,"href":"https:\/\/www.farnost-strazske.sk\/index.php?rest_route=%2Fwp%2Fv2%2Fcomments&post=10240"}],"version-history":[{"count":3,"href":"https:\/\/www.farnost-strazske.sk\/index.php?rest_route=\/wp\/v2\/pages\/10240\/revisions"}],"predecessor-version":[{"id":43317,"href":"https:\/\/www.farnost-strazske.sk\/index.php?rest_route=\/wp\/v2\/pages\/10240\/revisions\/43317"}],"up":[{"embeddable":true,"href":"https:\/\/www.farnost-strazske.sk\/index.php?rest_route=\/wp\/v2\/pages\/9"}],"wp:attachment":[{"href":"https:\/\/www.farnost-strazske.sk\/index.php?rest_route=%2Fwp%2Fv2%2Fmedia&parent=10240"}],"curies":[{"name":"wp","href":"https:\/\/api.w.org\/{rel}","templated":true}]}}