{"id":1071,"date":"2009-10-28T22:42:50","date_gmt":"2009-10-28T20:42:50","guid":{"rendered":"http:\/\/www.farnost-strazske.sk\/?page_id=1071"},"modified":"2021-03-14T14:27:47","modified_gmt":"2021-03-14T13:27:47","slug":"farsky-kostol-nanebovstupenia-pana","status":"publish","type":"page","link":"https:\/\/www.farnost-strazske.sk\/?page_id=1071","title":{"rendered":"Farsk\u00fd kostol Nanebovst\u00fapenia P\u00e1na"},"content":{"rendered":"<p style=\"text-align: left; padding-left: 300px;\"><strong><span style=\"color: #888888;\"><span style=\"text-decoration: underline;\">&nbsp;<\/span><\/span><\/strong><\/p>\n<p><a href=\"http:\/\/www.farnost-strazske.sk\/wp-content\/uploads\/2009\/10\/Kostol.jpg\"><img loading=\"lazy\" decoding=\"async\" class=\"aligncenter size-full wp-image-1070\" title=\"Kostol\" src=\"http:\/\/www.farnost-strazske.sk\/wp-content\/uploads\/2009\/10\/Kostol.jpg\" alt=\"Kostol\" width=\"561\" height=\"590\" srcset=\"https:\/\/www.farnost-strazske.sk\/wp-content\/uploads\/2009\/10\/Kostol.jpg 800w, https:\/\/www.farnost-strazske.sk\/wp-content\/uploads\/2009\/10\/Kostol-285x300.jpg 285w\" sizes=\"auto, (max-width: 561px) 100vw, 561px\" \/><\/a><\/p>\n<p style=\"text-align: left; padding-left: 300px;\"><strong><span style=\"color: #888888;\"><span style=\"text-decoration: underline;\">&nbsp;<\/span><\/span><\/strong><\/p>\n<p style=\"text-align: left;\"><strong><span style=\"color: #888888;\"><span style=\"text-decoration: underline;\">\u010cas nede\u013en\u00fdch bohoslu\u017eieb:<\/span><\/span><\/strong><span style=\"color: #888888;\"><br \/>\n\u0160k. rok: &nbsp; &nbsp; &nbsp;9.30h<br \/>\n<\/span><span style=\"color: #888888;\">Pr\u00e1zdniny:&nbsp; 9.30h<\/span><\/p>\n<p style=\"text-align: left;\"><span style=\"color: #888888;\">&nbsp;<\/span><\/p>\n<p><span style=\"color: #808080;\"><span style=\"text-decoration: underline;\"><strong>Po\u010det obyvate\u013eov:<\/strong><\/span> 4580<br \/>\nz toho r\u00edm.kat. n\u00e1bo\u017eenstva: <em>2880<\/em><\/span><span style=\"color: #808080;\"><small><em><br \/>\n(31.12.2008)<\/em><\/small><\/span><\/p>\n<p><span style=\"color: #808080;\"><em>&nbsp;<\/em><\/span><\/p>\n<p><span style=\"color: #808080;\"><em><span style=\"text-decoration: underline;\">Kostoln\u00edk:<\/span> OBLA\u017dN\u00c1 Kvetava<br \/>\n<\/em><\/span><\/p>\n<p><span style=\"color: #808080;\"><em><span style=\"text-decoration: underline;\">Mimoriadni rozd\u00e1vatelia sv. prij\u00edmania:<\/span> MIS\u00c1R J\u00e1n; SKOUPIL Sergej<\/em><\/span><\/p>\n","protected":false},"excerpt":{"rendered":"<p>&nbsp; &nbsp; \u010cas nede\u013en\u00fdch bohoslu\u017eieb: \u0160k. rok: &nbsp; &nbsp; &nbsp;9.30h Pr\u00e1zdniny:&nbsp; 9.30h &nbsp; Po\u010det obyvate\u013eov: 4580 z toho r\u00edm.kat. n\u00e1bo\u017eenstva: 2880 (31.12.2008) &nbsp; Kostoln\u00edk: OBLA\u017dN\u00c1 Kvetava Mimoriadni rozd\u00e1vatelia sv. prij\u00edmania: MIS\u00c1R J\u00e1n; SKOUPIL Sergej<\/p>\n","protected":false},"author":1,"featured_media":0,"parent":9,"menu_order":0,"comment_status":"closed","ping_status":"closed","template":"","meta":{"ngg_post_thumbnail":0,"footnotes":""},"class_list":["post-1071","page","type-page","status-publish","hentry"],"_links":{"self":[{"href":"https:\/\/www.farnost-strazske.sk\/index.php?rest_route=\/wp\/v2\/pages\/1071","targetHints":{"allow":["GET"]}}],"collection":[{"href":"https:\/\/www.farnost-strazske.sk\/index.php?rest_route=\/wp\/v2\/pages"}],"about":[{"href":"https:\/\/www.farnost-strazske.sk\/index.php?rest_route=\/wp\/v2\/types\/page"}],"author":[{"embeddable":true,"href":"https:\/\/www.farnost-strazske.sk\/index.php?rest_route=\/wp\/v2\/users\/1"}],"replies":[{"embeddable":true,"href":"https:\/\/www.farnost-strazske.sk\/index.php?rest_route=%2Fwp%2Fv2%2Fcomments&post=1071"}],"version-history":[{"count":14,"href":"https:\/\/www.farnost-strazske.sk\/index.php?rest_route=\/wp\/v2\/pages\/1071\/revisions"}],"predecessor-version":[{"id":16491,"href":"https:\/\/www.farnost-strazske.sk\/index.php?rest_route=\/wp\/v2\/pages\/1071\/revisions\/16491"}],"up":[{"embeddable":true,"href":"https:\/\/www.farnost-strazske.sk\/index.php?rest_route=\/wp\/v2\/pages\/9"}],"wp:attachment":[{"href":"https:\/\/www.farnost-strazske.sk\/index.php?rest_route=%2Fwp%2Fv2%2Fmedia&parent=1071"}],"curies":[{"name":"wp","href":"https:\/\/api.w.org\/{rel}","templated":true}]}}