{"id":120,"date":"2011-04-20T00:01:58","date_gmt":"2011-04-19T22:01:58","guid":{"rendered":"http:\/\/www.farnost-strazske.sk\/?page_id=120"},"modified":"2026-04-05T11:19:16","modified_gmt":"2026-04-05T11:19:16","slug":"uvodna_stranka","status":"publish","type":"page","link":"https:\/\/www.farnost-strazske.sk\/","title":{"rendered":"\u00davod"},"content":{"rendered":"\n<hr class=\"wp-block-separator has-alpha-channel-opacity\"\/>\n\n\n\n\nngg_shortcode_0_placeholder\n\n\n<p class=\"has-text-align-center has-medium-font-size\"><span style=\"text-decoration: underline;\">Najnov\u0161ie \u010dl\u00e1nky<\/span><\/p>\n\n\n\n<div class=\"wp-block-group\"><div class=\"wp-block-group__inner-container is-layout-flow wp-block-group-is-layout-flow\"><ul class=\"wp-block-latest-posts__list has-dates wp-block-latest-posts\"><li><a class=\"wp-block-latest-posts__post-title\" href=\"https:\/\/www.farnost-strazske.sk\/?p=63300\">Za\u0165at\u00fd Tom\u00e1\u0161<\/a><time datetime=\"2026-04-13T03:45:00+02:00\" class=\"wp-block-latest-posts__post-date\">13. apr\u00edla 2026<\/time><div class=\"wp-block-latest-posts__post-excerpt\">Nie v\u017edy \u010dlovek \u010dloveku sta\u010d\u00ed\u2026 Sk\u00fasenos\u0165 n\u00e1s u\u010d\u00ed, \u017ee \u010dlovek nie je \u010dloveku v\u017edy iba barli\u010dkou. Ob\u010das aj bremenom. A sk\u00fasenosti sa \u017eivotom nerozplyn\u00fa ako hmla. Mnoh\u00e9 nezmyje ani dlhovekos\u0165 ani z\u00e1budlivos\u0165. Srdce ob\u010das pripomenie, \u010do bolo d\u00e1vno pochovan\u00e9 a ako zvon na\u2026 <a class=\"wp-block-latest-posts__read-more\" href=\"https:\/\/www.farnost-strazske.sk\/?p=63300\" rel=\"noopener noreferrer\">\u010c\u00edta\u0165 viac<span class=\"screen-reader-text\">: Za\u0165at\u00fd Tom\u00e1\u0161<\/span><\/a><\/div><\/li>\n<li><a class=\"wp-block-latest-posts__post-title\" href=\"https:\/\/www.farnost-strazske.sk\/?p=63297\">Liturgick\u00fd preh\u013ead a\u00a0oznamy 13.4. \u2013 19.4. 2026<\/a><time datetime=\"2026-04-13T03:40:00+02:00\" class=\"wp-block-latest-posts__post-date\">13. apr\u00edla 2026<\/time><div class=\"wp-block-latest-posts__post-excerpt\">Pondelok \/14.04.\/ f\u00e9ria 18.00 Str\u00e1\u017eske \u2013 detsk\u00e1 + ROD Macenkov\u00e1 a Luka\u010dkov\u00e1 18.00 Brekov + Jozef a&nbsp;Anna Tom\u010di Utorok \/14.04.\/ f\u00e9ria 18.00 Str\u00e1\u017eske \u2013 v\u00fdro\u010dn\u00e1 + M\u00e1ria Tak\u00e1\u010dov\u00e1 (1. v\u00fdr.) 17.00 Pust\u00e9 \u010cemern\u00e9 Streda \/15.04.\/ f\u00e9ria 12.00 Str\u00e1\u017eske &nbsp; + Berta a&nbsp;Michal \u0160pir\u0148\u00e1kov\u00ed\u2026 <a class=\"wp-block-latest-posts__read-more\" href=\"https:\/\/www.farnost-strazske.sk\/?p=63297\" rel=\"noopener noreferrer\">\u010c\u00edta\u0165 viac<span class=\"screen-reader-text\">: Liturgick\u00fd preh\u013ead a\u00a0oznamy 13.4. \u2013 19.4. 2026<\/span><\/a><\/div><\/li>\n<li><a class=\"wp-block-latest-posts__post-title\" href=\"https:\/\/www.farnost-strazske.sk\/?p=63268\">Pozri na Pil\u00e1ta<\/a><time datetime=\"2026-04-05T20:00:00+02:00\" class=\"wp-block-latest-posts__post-date\">5. apr\u00edla 2026<\/time><div class=\"wp-block-latest-posts__post-excerpt\">Ani t\u00fato Ve\u013ek\u00fa noc sa nebudem d\u00edva\u0165 na mu\u017ea, \u010do porazil smr\u0165. Som viac \u010dlove\u010d\u00ed ne\u017e anjelsk\u00fd, aj preto sa rad\u0161ej d\u00edvam na postavy rovnako smrte\u013en\u00e9 ako som ja. Na posluch\u00e1\u010dov. Na div\u00e1kov. Na mali\u010dk\u00fdch. Jud\u00e1\u0161, ten patr\u00ed k ve\u013ekej noci rovnako ako\u2026 <a class=\"wp-block-latest-posts__read-more\" href=\"https:\/\/www.farnost-strazske.sk\/?p=63268\" rel=\"noopener noreferrer\">\u010c\u00edta\u0165 viac<span class=\"screen-reader-text\">: Pozri na Pil\u00e1ta<\/span><\/a><\/div><\/li>\n<li><a class=\"wp-block-latest-posts__post-title\" href=\"https:\/\/www.farnost-strazske.sk\/?p=63265\">Liturgick\u00fd preh\u013ead a\u00a0oznamy 6.4.\u2013 12.4. 2026<\/a><time datetime=\"2026-04-05T19:50:00+02:00\" class=\"wp-block-latest-posts__post-date\">5. apr\u00edla 2026<\/time><div class=\"wp-block-latest-posts__post-excerpt\">Ve\u013ekono\u010dn\u00fd pondelok \/06.04.\/ 08.00 Krivo\u0161\u0165any 10.30 Str\u00e1\u017eskeZBP Margita 18.15 Str\u00e1\u017eske+ Jozef a&nbsp;Jozef Pala\u0161ta 09.15 BrekovZBP &nbsp;\u010dlenov Ru\u017e. Bratstva 09.15 Pust\u00e9 \u010cemern\u00e9 Ve\u013ekono\u010dn\u00fd utorok \/07.04.\/ 18.00 Str\u00e1\u017eskeZBP Daniela a Du\u0161an &nbsp; Ve\u013ekono\u010dn\u00e1 streda \/08.04.\/ 12.00 Str\u00e1\u017eske+ Pavol Obla\u017en\u00fd 18.00 Brekov + Paul\u00edna Ban\u00edkov\u00e1 Ve\u013ekono\u010dn\u00fd\u2026 <a class=\"wp-block-latest-posts__read-more\" href=\"https:\/\/www.farnost-strazske.sk\/?p=63265\" rel=\"noopener noreferrer\">\u010c\u00edta\u0165 viac<span class=\"screen-reader-text\">: Liturgick\u00fd preh\u013ead a\u00a0oznamy 6.4.\u2013 12.4. 2026<\/span><\/a><\/div><\/li>\n<li><a class=\"wp-block-latest-posts__post-title\" href=\"https:\/\/www.farnost-strazske.sk\/?p=63237\">Slobodn\u00e1<\/a><time datetime=\"2026-03-29T21:02:00+02:00\" class=\"wp-block-latest-posts__post-date\">29. marca 2026<\/time><div class=\"wp-block-latest-posts__post-excerpt\">Prestrite \u010derven\u00fd koberec a strie\u013eajte konfety, prich\u00e1dza kres\u0165an! Tak sa niektor\u00ed spr\u00e1vaj\u00fa. Ako keby by\u0165 kres\u0165anom bola z\u00e1sluha. Nie\u010do, \u010do som si s\u00e1m zostrojil. Nie\u010do moje. Za \u010do si zasl\u00fa\u017eim odmenu. A najviac t\u00fa odmenu. Zasl\u00fa\u017eim si zamestnanie. Najlep\u0161ie na samom vrchu firmy,\u2026 <a class=\"wp-block-latest-posts__read-more\" href=\"https:\/\/www.farnost-strazske.sk\/?p=63237\" rel=\"noopener noreferrer\">\u010c\u00edta\u0165 viac<span class=\"screen-reader-text\">: Slobodn\u00e1<\/span><\/a><\/div><\/li>\n<\/ul>\n\n\n<hr class=\"wp-block-separator has-css-opacity\"\/>\n<\/div><\/div>\n\n\n\n<div class=\"wp-block-buttons is-horizontal is-content-justification-center is-layout-flex wp-container-core-buttons-is-layout-499968f5 wp-block-buttons-is-layout-flex\">\n\n<\/div>\n\n\n\n<p style=\"font-size:4px\"><\/p>\n","protected":false},"excerpt":{"rendered":"<p>Najnov\u0161ie \u010dl\u00e1nky<\/p>\n","protected":false},"author":1,"featured_media":0,"parent":0,"menu_order":0,"comment_status":"closed","ping_status":"closed","template":"page-3col.php","meta":{"ngg_post_thumbnail":0,"footnotes":""},"class_list":["post-120","page","type-page","status-publish","hentry"],"_links":{"self":[{"href":"https:\/\/www.farnost-strazske.sk\/index.php?rest_route=\/wp\/v2\/pages\/120","targetHints":{"allow":["GET"]}}],"collection":[{"href":"https:\/\/www.farnost-strazske.sk\/index.php?rest_route=\/wp\/v2\/pages"}],"about":[{"href":"https:\/\/www.farnost-strazske.sk\/index.php?rest_route=\/wp\/v2\/types\/page"}],"author":[{"embeddable":true,"href":"https:\/\/www.farnost-strazske.sk\/index.php?rest_route=\/wp\/v2\/users\/1"}],"replies":[{"embeddable":true,"href":"https:\/\/www.farnost-strazske.sk\/index.php?rest_route=%2Fwp%2Fv2%2Fcomments&post=120"}],"version-history":[{"count":618,"href":"https:\/\/www.farnost-strazske.sk\/index.php?rest_route=\/wp\/v2\/pages\/120\/revisions"}],"predecessor-version":[{"id":63264,"href":"https:\/\/www.farnost-strazske.sk\/index.php?rest_route=\/wp\/v2\/pages\/120\/revisions\/63264"}],"wp:attachment":[{"href":"https:\/\/www.farnost-strazske.sk\/index.php?rest_route=%2Fwp%2Fv2%2Fmedia&parent=120"}],"curies":[{"name":"wp","href":"https:\/\/api.w.org\/{rel}","templated":true}]}}