{"id":139,"date":"2009-05-12T18:48:14","date_gmt":"2009-05-12T16:48:14","guid":{"rendered":"http:\/\/www.farnost-strazske.sk\/?page_id=139"},"modified":"2014-10-13T21:48:36","modified_gmt":"2014-10-13T19:48:36","slug":"historia-farnosti","status":"publish","type":"page","link":"https:\/\/www.farnost-strazske.sk\/?page_id=139","title":{"rendered":"Hist\u00f3ria farnosti"},"content":{"rendered":"<p>Rok zalo\u017eenia farnosti Str\u00e1\u017eske nie je \u00faplne jednozna\u010dn\u00fd. S\u00a0istotou v\u0161ak mo\u017eno poveda\u0165, \u017ee Str\u00e1\u017eske ako farnos\u0165\u00a0 sa spom\u00edna u\u017e v\u00a0roku 1437. Od roku 1713 s\u00fa zn\u00e1me aj matri\u010dn\u00e9 z\u00e1znamy.<a name=\"_ftnref1\" href=\"#_ftn1\">[1]<\/a> V\u00a0tom \u010dase k\u00a0farnosti ako fili\u00e1lna obec patril Brekov. Fili\u00e1lky Krivo\u0161\u0165any, Star\u00e9, Zbudza s\u00fa v\u00a0matrik\u00e1ch zaznamenan\u00e9 len do roku 1720. Predpoklad\u00e1 sa, \u017ee v\u00a0tom \u010dase bola u\u017e zriaden\u00e1 farnos\u0165 Star\u00e9.<\/p>\n<p>K\u00a0farnosti Str\u00e1\u017eske bola v\u00a0roku 1760 pridan\u00e1 fili\u00e1lka Pust\u00e9 \u010cemern\u00e9. K\u00a0farnosti boli pripojen\u00e9 aj Vo\u013ea, Nacina Ves a\u00a0majer Stankovce. Medzi Pust\u00fdm \u010cemern\u00fdm a\u00a0Nacinou Vsou bol vybudovan\u00fd okolo roku 1830 nov\u00fd majer Vybuchanec a\u00a0pripojen\u00fd k\u00a0farnosti Str\u00e1\u017eske. Od roku 1830 je farnos\u0165 ust\u00e1len\u00e1, nemenn\u00e1.<a name=\"_ftnref2\" href=\"#_ftn2\">[2]<\/a><\/p>\n<p>Z\u00e1znamy v\u00a0 kronik\u00e1ch mesta ako aj z\u00a0katol\u00edckej farskej kroniky hovoria o\u00a0tom, \u017ee p\u00f4vodn\u00fd, star\u00fd kostol sa nach\u00e1dzal v\u00a0priestoroch vstupu do dne\u0161n\u00e9ho are\u00e1lu z\u00e1kladnej \u0161koly, v\u00a0susedstve b\u00fdvalej p\u00e1nskej z\u00e1hrady. Doklady o\u00a0mieste postavenia p\u00f4vodn\u00e9ho kostola sa v\u0161ak nezachovali.\u00a0 Zemep\u00e1n J\u00e1n Okoli\u010danyi dal postavi\u0165 nov\u00fd kostol, ktor\u00fd sl\u00fa\u017ei veriacim aj v\u00a0s\u00fa\u010dasnosti. V\u00a0roku 1807 dal najsk\u00f4r postavi\u0165 nov\u00fa &#8211; s\u00fa\u010dasn\u00fa farsk\u00fa budovu a\u00a0o\u00a0rok nesk\u00f4r, 20. septembra 1808 za pr\u00edtomnosti J\u00e1na Okoli\u010danyiho a\u00a0\u0161\u013eachtica Vandern\u00e1tha boli sl\u00e1vnostne vysv\u00e4ten\u00e9 z\u00e1klady kostola. V\u00a0roku 1821 v\u00a0de\u0148 sviatku Nanebovst\u00fapenia P\u00e1na, bol kostol sl\u00e1vnostne vysv\u00e4ten\u00fd dekanom Baldovsk\u00fdm.<a name=\"_ftnref3\" href=\"#_ftn3\">[3]<\/a><\/p>\n<p>Interi\u00e9r kostola tvor\u00ed 5 olt\u00e1rov. Nad hlavn\u00fdm olt\u00e1rom je ve\u013ek\u00e1 freska Nanebovst\u00fapenia P\u00e1na. Hlavn\u00fd olt\u00e1r tvor\u00ed ve\u013ek\u00e1 plastika Krista na kr\u00ed\u017ei a\u00a0bo\u010dn\u00e9 postavy anjelov. Ku kostolu je pripojen\u00e1 aj farsk\u00e1 budova, ktor\u00e1 s\u00a0kostolom tvor\u00ed jednotn\u00fd architektonick\u00fd celok zd\u00f4raznen\u00fd spojovac\u00edm m\u00farom.<\/p>\n<address style=\"text-align: center;\"><a href=\"http:\/\/www.farnost-strazske.sk\/wp-content\/uploads\/2010\/01\/Ormezu.jpg\"><img loading=\"lazy\" decoding=\"async\" class=\"aligncenter size-full wp-image-1549\" title=\"Ormezu\" src=\"http:\/\/www.farnost-strazske.sk\/wp-content\/uploads\/2010\/01\/Ormezu.jpg\" alt=\"\" width=\"579\" height=\"433\" srcset=\"https:\/\/www.farnost-strazske.sk\/wp-content\/uploads\/2010\/01\/Ormezu.jpg 800w, https:\/\/www.farnost-strazske.sk\/wp-content\/uploads\/2010\/01\/Ormezu-300x225.jpg 300w\" sizes=\"auto, (max-width: 579px) 100vw, 579px\" \/><\/a><em>Obr. Farsk\u00fd kostol<\/em><br \/>\n<\/address>\n<p>Vo farnosti Str\u00e1\u017eske vykon\u00e1valo duchovn\u00fa \u010dinnos\u0165 mno\u017estvo k\u0148azov a kapl\u00e1nov. Po skon\u010den\u00ed 2. svetovej vojny farnos\u0165 spravoval far\u00e1r Jozef Luk\u00e1\u010d, ktor\u00fd v\u00a0nej p\u00f4sobil od roku 1918 a\u017e do roku 1953.<a name=\"_ftnref4\" href=\"#_ftn4\">[4]<\/a><\/p>\n<p>Ako kapl\u00e1ni vo farnosti v\u00a0tomto obdob\u00ed \u00fa\u010dinkovali: Jozef Tok\u00e1r (1945), J\u00falius Zgabur (1946), Juraj Timko (1946), Andrej Varga (1949), J\u00e1n Bub\u00e1n (1953). Kapl\u00e1nka v\u00a0Str\u00e1\u017eskom v\u0161ak bola zriaden\u00e1 u\u017e v roku 1857. Spom\u00ednan\u00fd kapl\u00e1n J\u00e1n Bub\u00e1n, rod\u00e1k z\u00a0Pavloviec nad Uhom, od roku 1953 p\u00f4sobil vo farnosti ako far\u00e1r do roku 1959.<a name=\"_ftnref5\" href=\"#_ftn5\">[5]<\/a><\/p>\n<p>Obdobie po skon\u010den\u00ed vojny bolo pre duchovn\u00fd \u017eivot v\u0161etk\u00fdch ob\u010danov ve\u013emi \u0165a\u017ek\u00e9. Situ\u00e1cie zvl\u00e1\u0161\u0165 s\u0165a\u017eovali nov\u00e9 re\u017eimy, ktor\u00e9 v na\u0161ej republike presadzovali predov\u0161etk\u00fdm komunisti. Inak tomu nebolo ani v\u00a0na\u0161ej obci.<\/p>\n<p>No aj napriek mnoh\u00fdm nepr\u00edjemnostiam, s\u00a0ktor\u00fdmi sa stret\u00e1val, bol pr\u00ednosom pre farnos\u0165. Staral sa nielen o\u00a0duchovn\u00fd rozvoj farnosti, ale tie\u017e o\u00a0zve\u013ea\u010fovanie a\u00a0ochranu farsk\u00fdch majetkov. Po\u010das jeho \u00fa\u010dinkovania bola opraven\u00e1 ve\u017ea na kostole v\u00a0Nacinej Vsi. Kr\u00e1tko nato bola opraven\u00e1 strecha na kostole a\u00a0farskej budove v\u00a0Str\u00e1\u017eskom. V\u00a0\u010dase, ke\u010f bol zaveden\u00fd vodovod v\u00a0podniku Chemko, zaviedli vodovod aj vo farskej budove. Okrem t\u00fdchto \u00faprav bola uskuto\u010dnen\u00e1 \u010fal\u0161ia &#8211; oprava organu v\u00a0Nacinej Vsi, ako aj v\u00a0Str\u00e1\u017eskom, kde bol zapojen\u00fd organ na elektrick\u00fd pr\u00fad. Po\u010das \u00fa\u010dinkovania vdp. J\u00e1na Bub\u00e1na bola vo farnosti birmovka &#8211; d\u0148a 25. augusta 1957. Sviatos\u0165 birmovania vysl\u00fa\u017eil ko\u0161ick\u00fd biskup\u00a0 J. Ex. Jozef \u010c\u00e1rsky za pr\u00edtomnosti mnoh\u00fdch k\u0148azov a\u00a0veriacich.<\/p>\n<p>D\u0148a 15. j\u00fana 1959 bol far\u00e1r J\u00e1n Bub\u00e1n \u00a0prelo\u017een\u00fd do farnosti Ni\u017en\u00fd Sl\u00e1vkov. Na jeho miesto nast\u00fapil vdp. Vojtech Kmec. V\u00a0roku jeho n\u00e1stupu do funkcie spr\u00e1vcu farnosti v\u00a0Str\u00e1\u017eskom neboli zaznamenan\u00e9 \u017eiadne mimoriadne udalosti.<\/p>\n<p>Po predch\u00e1dzaj\u00facej birmovke bola najbli\u017e\u0161ie sviatos\u0165 birmovania ude\u013eovan\u00e1 5. j\u00fana 1960 vo farnosti Star\u00e9. Sviatos\u0165 bola udelen\u00e1 aj 193 birmovancom zo Str\u00e1\u017eskeho. Sviatos\u0165 udelil ko\u0161ick\u00fd biskup J. Ex. Jozef \u010c\u00e1rsky.<\/p>\n<p>Vo farnosti sa rozv\u00edjal duchovn\u00fd \u017eivot aj vyu\u010dovan\u00edm n\u00e1bo\u017eenstva. N\u00e1bo\u017eenstvo sa vyu\u010dovalo na v\u0161etk\u00fdch \u0161kol\u00e1ch vo farnosti. Podmienky v\u0161ak boli s\u0165a\u017een\u00e9 t\u00fdm, \u017ee ro\u010dn\u00edky boli posp\u00e1jan\u00e9 v\u00a0jednej u\u010debni. Probl\u00e9my boli aj s\u00a0de\u0165mi gr\u00e9cko-katol\u00edckych veriacich, ktor\u00ed nepre\u0161li k\u00a0pravosl\u00e1vnym. Tieto deti sa z\u00fa\u010dast\u0148ovali na vyu\u010dovan\u00ed r\u00edmsko-katol\u00edckeho n\u00e1bo\u017eenstva, \u010do \u0161t\u00e1tne org\u00e1ny nepovo\u013eovali.<\/p>\n<p>Vdp. Vojtech Kmec po\u010das svojho \u00fa\u010dinkovania uskuto\u010dnil aj mnoho \u00faprav. V\u00a0roku 1961 bola v\u00a0predsieni kostola umiestnen\u00e1 Lurdsk\u00e1 jasky\u0148a so sochou Lurdskej Panny M\u00e1rie. Kedysi jasky\u0148a sl\u00fa\u017eila ako olt\u00e1r v\u00a0starom kostole v\u00a0Brekove. Koncom toho ist\u00e9ho roku bola veriacimi do kostola v\u00a0Str\u00e1\u017eskom zak\u00fapen\u00e1 nov\u00e1 kr\u00ed\u017eov\u00e1 cesta.<\/p>\n<p>V\u00a0tom \u010dase boli zmeny uskuto\u010dnen\u00e9 aj na farskej budove. Nevyhovuj\u00face pece boli vymenen\u00e9 za kach\u013eov\u00e9 pece, prehnit\u00e1 podlaha v\u00a0kuchyni a\u00a0susednej izbe bola vymenen\u00e1 za dreven\u00fa dla\u017ebu, z\u00e1rove\u0148 boli vymenen\u00e9 okn\u00e1 na\u00a0celej farskej budove, okrem kapl\u00e1nky.<\/p>\n<p>Nasleduj\u00face roky 1962 &#8211; 1964 nepriniesli nejak\u00e9 mimoriadne udalosti. Na\u010falej sa pokra\u010dovalo v\u00a0\u00faprav\u00e1ch budov. Nesk\u00f4r bola omietka farsk\u00e9ho kostola\u00a0 zna\u010dne po\u0161koden\u00e1 a\u00a0ohrozovala veriacich, preto boli nutn\u00e9 opravy. Z\u00e1rove\u0148 sa prist\u00fapilo ku gener\u00e1lnym oprav\u00e1m strechy, ktor\u00e1 u\u017e bola hrdzav\u00e1. Vo vn\u00fatri kostola vo sv\u00e4tyni boli star\u00e9 pieskovcov\u00e9 dla\u017edice nahraden\u00e9 nov\u00fdmi &#8211; terasov\u00fdmi dla\u017edi\u010dkami. Zmena bola uskuto\u010dnen\u00e1 aj vo fili\u00e1lnom kostole vo Vybuchanci &#8211; po dohode s\u00a0veriacimi bola ku kostolu pribudovan\u00e1 mal\u00e1 sakristia a\u00a0ch\u00f3r. Vo fili\u00e1lnom kostole v\u00a0Nacinej Vsi boli v\u00a0roku 1966 v\u00fdmene okn\u00e1 a\u00a0lavice.<\/p>\n<p>Aj rok 1968 je zaznamenan\u00fd ako rok opr\u00e1v farsk\u00e9ho kostola. Najprv boli uskuto\u010dnen\u00e9 opravy vonkaj\u0161ej omietky. Po \u00faprav\u00e1ch d\u0148a 18. okt\u00f3bra 1968 bola vykonan\u00e1 posviacka obnoven\u00e9ho kostola J\u00faliusom Koles\u00e1rom, spr\u00e1vcom farnosti v\u00a0Brehove. Po vonkaj\u0161ej \u00faprave kostola sa vy\u017eiadala aj vn\u00fatorn\u00e1 \u00faprava. Tesne pred za\u010dat\u00edm ma\u013eby sa roz\u0161\u00edril ch\u00f3r kostola, v\u00a0obdob\u00ed medzi rokom 1970-71. K\u00a0ma\u013ebe, ako aj roz\u0161\u00edreniu ch\u00f3ru sa vy\u017eadoval s\u00fahlas Pamiatkov\u00e9ho \u00faradu.<a name=\"_ftnref6\" href=\"#_ftn6\">[6]<\/a> V\u00a0nasleduj\u00facom obdob\u00ed v\u00a0oblasti n\u00e1bo\u017eensk\u00e9ho \u017eivota neboli zaznamenan\u00e9 nev\u0161edn\u00e9 udalosti. Veriaci sa z\u00fa\u010dast\u0148ovali bohoslu\u017eieb a pristupovali k\u00a0sviatostiam.<\/p>\n<hr size=\"1\" \/><a name=\"_ftn1\" href=\"#_ftnref1\">[1]<\/a> Porov. <em>Farsk\u00e1 kronika<\/em>, s. 3.<\/p>\n<p><a name=\"_ftn2\" href=\"#_ftnref2\">[2]<\/a> Porov. J\u00c1GER, M.: <em>Mesto Str\u00e1\u017eske<\/em>. Pre\u0161ov : Dino 1994, s. 16.<\/p>\n<p><a name=\"_ftn3\" href=\"#_ftnref3\">[3]<\/a> Porov. <em>Pam\u00e4tn\u00e1 kniha: Obec Str\u00e1\u017eske od r. 1934,<\/em> s. 28 &#8211; 31.<\/p>\n<p><a name=\"_ftn4\" href=\"#_ftnref4\">[4]<\/a> Porov. <em>Farsk\u00e1 kronika<\/em>, s. 2 &#8211; 3, 7 &#8211; 8.<\/p>\n<p><a name=\"_ftn5\" href=\"#_ftnref5\">[5]<\/a> Porov. <em>Farsk\u00e1 kronika,<\/em> s. 22.<\/p>\n<p><a name=\"_ftn6\" href=\"#_ftnref6\">[6]<\/a> Porov. <em>Farsk\u00e1 kronika<\/em>, s. 2 &#8211; 6.<\/p>\n","protected":false},"excerpt":{"rendered":"<p>Rok zalo\u017eenia farnosti Str\u00e1\u017eske nie je \u00faplne jednozna\u010dn\u00fd. S\u00a0istotou v\u0161ak mo\u017eno poveda\u0165, \u017ee Str\u00e1\u017eske ako farnos\u0165\u00a0 sa spom\u00edna u\u017e v\u00a0roku 1437. Od roku 1713 s\u00fa zn\u00e1me aj matri\u010dn\u00e9 z\u00e1znamy.[1] V\u00a0tom \u010dase k\u00a0farnosti ako fili\u00e1lna obec patril Brekov. Fili\u00e1lky Krivo\u0161\u0165any, Star\u00e9, Zbudza s\u00fa v\u00a0matrik\u00e1ch zaznamenan\u00e9 len do roku 1720. Predpoklad\u00e1 sa, \u017ee v\u00a0tom \u010dase bola u\u017e [&hellip;]<\/p>\n","protected":false},"author":1,"featured_media":0,"parent":9,"menu_order":5,"comment_status":"closed","ping_status":"closed","template":"","meta":{"ngg_post_thumbnail":0,"footnotes":""},"class_list":["post-139","page","type-page","status-publish","hentry"],"_links":{"self":[{"href":"https:\/\/www.farnost-strazske.sk\/index.php?rest_route=\/wp\/v2\/pages\/139","targetHints":{"allow":["GET"]}}],"collection":[{"href":"https:\/\/www.farnost-strazske.sk\/index.php?rest_route=\/wp\/v2\/pages"}],"about":[{"href":"https:\/\/www.farnost-strazske.sk\/index.php?rest_route=\/wp\/v2\/types\/page"}],"author":[{"embeddable":true,"href":"https:\/\/www.farnost-strazske.sk\/index.php?rest_route=\/wp\/v2\/users\/1"}],"replies":[{"embeddable":true,"href":"https:\/\/www.farnost-strazske.sk\/index.php?rest_route=%2Fwp%2Fv2%2Fcomments&post=139"}],"version-history":[{"count":8,"href":"https:\/\/www.farnost-strazske.sk\/index.php?rest_route=\/wp\/v2\/pages\/139\/revisions"}],"predecessor-version":[{"id":10250,"href":"https:\/\/www.farnost-strazske.sk\/index.php?rest_route=\/wp\/v2\/pages\/139\/revisions\/10250"}],"up":[{"embeddable":true,"href":"https:\/\/www.farnost-strazske.sk\/index.php?rest_route=\/wp\/v2\/pages\/9"}],"wp:attachment":[{"href":"https:\/\/www.farnost-strazske.sk\/index.php?rest_route=%2Fwp%2Fv2%2Fmedia&parent=139"}],"curies":[{"name":"wp","href":"https:\/\/api.w.org\/{rel}","templated":true}]}}