{"id":14026,"date":"2017-10-02T20:55:58","date_gmt":"2017-10-02T18:55:58","guid":{"rendered":"http:\/\/www.farnost-strazske.sk\/?page_id=14026"},"modified":"2019-03-28T21:25:43","modified_gmt":"2019-03-28T20:25:43","slug":"detske-sv-omse-2017","status":"publish","type":"page","link":"https:\/\/www.farnost-strazske.sk\/?page_id=14026","title":{"rendered":"Detsk\u00e9 sv. om\u0161e 2019"},"content":{"rendered":"<h3>Kr\u00ed\u017eov\u00e9 cesty a detsk\u00e9 sv. om\u0161e v p\u00f4stnom obdob\u00ed<\/h3>\nngg_shortcode_0_placeholder\n","protected":false},"excerpt":{"rendered":"<p>Kr\u00ed\u017eov\u00e9 cesty a detsk\u00e9 sv. om\u0161e v p\u00f4stnom obdob\u00ed &nbsp;<\/p>\n","protected":false},"author":1,"featured_media":0,"parent":5751,"menu_order":0,"comment_status":"closed","ping_status":"closed","template":"","meta":{"ngg_post_thumbnail":0,"footnotes":""},"class_list":["post-14026","page","type-page","status-publish","hentry"],"_links":{"self":[{"href":"https:\/\/www.farnost-strazske.sk\/index.php?rest_route=\/wp\/v2\/pages\/14026","targetHints":{"allow":["GET"]}}],"collection":[{"href":"https:\/\/www.farnost-strazske.sk\/index.php?rest_route=\/wp\/v2\/pages"}],"about":[{"href":"https:\/\/www.farnost-strazske.sk\/index.php?rest_route=\/wp\/v2\/types\/page"}],"author":[{"embeddable":true,"href":"https:\/\/www.farnost-strazske.sk\/index.php?rest_route=\/wp\/v2\/users\/1"}],"replies":[{"embeddable":true,"href":"https:\/\/www.farnost-strazske.sk\/index.php?rest_route=%2Fwp%2Fv2%2Fcomments&post=14026"}],"version-history":[{"count":9,"href":"https:\/\/www.farnost-strazske.sk\/index.php?rest_route=\/wp\/v2\/pages\/14026\/revisions"}],"predecessor-version":[{"id":15054,"href":"https:\/\/www.farnost-strazske.sk\/index.php?rest_route=\/wp\/v2\/pages\/14026\/revisions\/15054"}],"up":[{"embeddable":true,"href":"https:\/\/www.farnost-strazske.sk\/index.php?rest_route=\/wp\/v2\/pages\/5751"}],"wp:attachment":[{"href":"https:\/\/www.farnost-strazske.sk\/index.php?rest_route=%2Fwp%2Fv2%2Fmedia&parent=14026"}],"curies":[{"name":"wp","href":"https:\/\/api.w.org\/{rel}","templated":true}]}}