{"id":142,"date":"2009-05-13T17:22:30","date_gmt":"2009-05-13T15:22:30","guid":{"rendered":"http:\/\/www.farnost-strazske.sk\/?page_id=142"},"modified":"2016-12-18T15:34:31","modified_gmt":"2016-12-18T14:34:31","slug":"farska-rada","status":"publish","type":"page","link":"https:\/\/www.farnost-strazske.sk\/?page_id=142","title":{"rendered":"Farsk\u00e1 rada"},"content":{"rendered":"<h5 style=\"text-align: left;\">&nbsp;<\/h5>\n<h5 style=\"text-align: left;\"><a href=\"http:\/\/www.ke-arcidieceza.sk\/statuty\/\"><strong>\u0160tat\u00faty&nbsp;Arcibiskupstvo Ko\u0161ice<\/strong><\/a><\/h5>\n<hr>\n<h5 style=\"text-align: left;\"><span style=\"text-decoration: underline;\"><strong>Str\u00e1\u017eske:&nbsp;<\/strong><\/span><a href=\"http:\/\/www.farnost-strazske.sk\/wp-content\/uploads\/2009\/10\/Farska-rada-Strazske.jpg\"><br \/>\n<\/a><\/h5>\n<p><span style=\"text-decoration: underline;\">\u010clenovia od 23.8. 2015<\/span><\/p>\n<p style=\"text-align: left;\">DZURILLA Peter<br \/>\nKUS\u00dd Miroslav<br \/>\nKU\u017dMA \u0160tefan<br \/>\nMARINI\u010c Franti\u0161ek<br \/>\nMIS\u00c1R J\u00c1N<br \/>\n\u0160IMKO Martin<br \/>\n\u0160U\u013d\u00c1K Martin<br \/>\nVE\u013dAS J\u00e1n<\/p>\n<p style=\"text-align: left;\"><em><strong>Farsk\u00e1 ekon\u00f3mka:<\/strong><\/em> BA\u00c1NOV\u00c1 Danka<\/p>\n<p style=\"text-align: left;\"><img loading=\"lazy\" decoding=\"async\" class=\"ngg-singlepic ngg-none aligncenter\" src=\"http:\/\/www.farnost-strazske.sk\/wp-content\/gallery\/farska-rada\/Str%C3%A1%C5%BEske.JPG\" alt=\"Str\u00e1\u017eske\" width=\"430\" height=\"287\"><\/p>\n<p style=\"text-align: left;\">&nbsp;<\/p>\n<hr>\n<h5 style=\"text-align: left;\"><strong><span style=\"text-decoration: underline;\">Brekov:<\/span> <\/strong><\/h5>\n<p><span style=\"text-decoration: underline;\">\u010clenovia od 6.3. 2016<\/span><\/p>\n<p style=\"text-align: left;\">BARN\u00cdK Dominik<br \/>\nBARTKO Ondrej<br \/>\nBOBER Mat\u00fa\u0161<br \/>\nDANKO J\u00e1n<br \/>\nMIHA\u013dKO Peter<br \/>\nPORVA\u017dN\u00cdK Slavom\u00edr<\/p>\n<p style=\"text-align: left;\"><img loading=\"lazy\" decoding=\"async\" class=\"ngg-singlepic ngg-center aligncenter\" src=\"http:\/\/www.farnost-strazske.sk\/wp-content\/gallery\/farska-rada\/Brekov.JPG\" alt=\"Brekov\" width=\"431\" height=\"287\"><\/p>\n<hr>\n<h5 style=\"text-align: left;\"><strong><span style=\"text-decoration: underline;\">Pust\u00e9 \u010cemern\u00e9:<\/span> <\/strong><a href=\"http:\/\/www.farnost-strazske.sk\/wp-content\/uploads\/2009\/10\/Farska-rada-Cemerne.jpg\"><br \/>\n<\/a><\/h5>\n<p><span style=\"text-decoration: underline;\">\u010clenovia od 29.06. 2015<\/span><\/p>\n<p style=\"text-align: left;\">GERA Michal<br \/>\nMIKLO\u0160 Peter<br \/>\nMIKLO\u0160 \u0160tefan<br \/>\nROHA\u013d Juraj<br \/>\nZUBKO Erik<\/p>\n<p style=\"text-align: left;\"><img loading=\"lazy\" decoding=\"async\" class=\"ngg-singlepic ngg-center aligncenter\" src=\"http:\/\/www.farnost-strazske.sk\/wp-content\/gallery\/farska-rada\/Pust%C3%A9-%C4%8Cemern%C3%A9.JPG\" alt=\"Pust\u00e9 \u010cemern\u00e9\" width=\"430\" height=\"287\"><\/p>\n<hr>\n<h5><span style=\"text-decoration: underline;\">Krivo\u0161\u0165any:<\/span><\/h5>\n<p>CAPIK Vladim\u00edr<br \/>\nPALA\u0160TA Jozef<\/p>\n<p><img loading=\"lazy\" decoding=\"async\" class=\"ngg-singlepic ngg-center aligncenter\" src=\"http:\/\/www.farnost-strazske.sk\/wp-content\/gallery\/farska-rada\/Krivo%C5%A1%C5%A5any.JPG\" alt=\"Krivo\u0161\u0165any\" width=\"430\" height=\"645\"><\/p>\n<hr>\n<p><img loading=\"lazy\" decoding=\"async\" class=\"ngg-singlepic ngg-center aligncenter\" src=\"http:\/\/www.farnost-strazske.sk\/wp-content\/gallery\/farska-rada\/Spolo%C4%8Dn%C3%A1.JPG\" alt=\"Spolo\u010dn\u00e1\" width=\"542\" height=\"362\"><\/p>\n<p>&nbsp;<\/p>\n","protected":false},"excerpt":{"rendered":"<p>&nbsp; \u0160tat\u00faty&nbsp;Arcibiskupstvo Ko\u0161ice Str\u00e1\u017eske:&nbsp; \u010clenovia od 23.8. 2015 DZURILLA Peter KUS\u00dd Miroslav KU\u017dMA \u0160tefan MARINI\u010c Franti\u0161ek MIS\u00c1R J\u00c1N \u0160IMKO Martin \u0160U\u013d\u00c1K Martin VE\u013dAS J\u00e1n Farsk\u00e1 ekon\u00f3mka: BA\u00c1NOV\u00c1 Danka &nbsp; Brekov: \u010clenovia od 6.3. 2016 BARN\u00cdK Dominik BARTKO Ondrej BOBER Mat\u00fa\u0161 DANKO J\u00e1n MIHA\u013dKO Peter PORVA\u017dN\u00cdK Slavom\u00edr Pust\u00e9 \u010cemern\u00e9: \u010clenovia od 29.06. 2015 GERA Michal MIKLO\u0160 [&hellip;]<\/p>\n","protected":false},"author":1,"featured_media":0,"parent":9,"menu_order":4,"comment_status":"closed","ping_status":"closed","template":"","meta":{"ngg_post_thumbnail":0,"footnotes":""},"class_list":["post-142","page","type-page","status-publish","hentry"],"_links":{"self":[{"href":"https:\/\/www.farnost-strazske.sk\/index.php?rest_route=\/wp\/v2\/pages\/142","targetHints":{"allow":["GET"]}}],"collection":[{"href":"https:\/\/www.farnost-strazske.sk\/index.php?rest_route=\/wp\/v2\/pages"}],"about":[{"href":"https:\/\/www.farnost-strazske.sk\/index.php?rest_route=\/wp\/v2\/types\/page"}],"author":[{"embeddable":true,"href":"https:\/\/www.farnost-strazske.sk\/index.php?rest_route=\/wp\/v2\/users\/1"}],"replies":[{"embeddable":true,"href":"https:\/\/www.farnost-strazske.sk\/index.php?rest_route=%2Fwp%2Fv2%2Fcomments&post=142"}],"version-history":[{"count":13,"href":"https:\/\/www.farnost-strazske.sk\/index.php?rest_route=\/wp\/v2\/pages\/142\/revisions"}],"predecessor-version":[{"id":13611,"href":"https:\/\/www.farnost-strazske.sk\/index.php?rest_route=\/wp\/v2\/pages\/142\/revisions\/13611"}],"up":[{"embeddable":true,"href":"https:\/\/www.farnost-strazske.sk\/index.php?rest_route=\/wp\/v2\/pages\/9"}],"wp:attachment":[{"href":"https:\/\/www.farnost-strazske.sk\/index.php?rest_route=%2Fwp%2Fv2%2Fmedia&parent=142"}],"curies":[{"name":"wp","href":"https:\/\/api.w.org\/{rel}","templated":true}]}}