{"id":14865,"date":"2019-03-15T12:47:25","date_gmt":"2019-03-15T11:47:25","guid":{"rendered":"http:\/\/www.farnost-strazske.sk\/?page_id=14865"},"modified":"2019-10-20T13:49:02","modified_gmt":"2019-10-20T11:49:02","slug":"galerie-rok-2019","status":"publish","type":"page","link":"https:\/\/www.farnost-strazske.sk\/?page_id=14865","title":{"rendered":"Gal\u00e9rie rok 2019"},"content":{"rendered":"<h4><a href=\"http:\/\/www.farnost-strazske.sk\/?p=14905\">Detsk\u00e9 sv. om\u0161e a kr\u00ed\u017eov\u00e9 cesty &#8211; P\u00f4stne obdobie 2019<\/a><\/h4>\n<h4><a href=\"http:\/\/www.farnost-strazske.sk\/?p=15049\">Pohrebn\u00e9 obady vdp. Jozefa \u0160tofeja &#8211; 21. 2. 2019<\/a><\/h4>\n<h4><a href=\"http:\/\/www.farnost-strazske.sk\/?p=14909\">K\u0148azsk\u00e9 rekolekcie Trebi\u0161ov 2019<\/a><\/h4>\n<h4 class=\"post-title\"><a title=\"Permanent Link: Rozkvet \u2013 P\u00f4stne p\u00e1smo 2019\" href=\"https:\/\/www.farnost-strazske.sk\/?p=15224\" rel=\"bookmark\">Rozkvet \u2013 P\u00f4stne p\u00e1smo 2019<\/a><\/h4>\n<h4 class=\"post-title\"><a title=\"Permanent Link: Str\u00e1\u017eske \u2013 Ve\u013ekono\u010dn\u00e9 trojdnie 2019\" href=\"https:\/\/www.farnost-strazske.sk\/?p=15226\" rel=\"bookmark\">Str\u00e1\u017eske \u2013 Ve\u013ekono\u010dn\u00e9 trojdnie 2019<\/a><\/h4>\n<h4 class=\"post-title\"><a title=\"Permanent Link: Brekov \u2013 Ve\u013ekono\u010dn\u00e9 trojdnie 2019\" href=\"https:\/\/www.farnost-strazske.sk\/?p=15228\" rel=\"bookmark\">Brekov \u2013 Ve\u013ekono\u010dn\u00e9 trojdnie 2019<\/a><\/h4>\n<h4 class=\"post-title\"><a title=\"Permanent Link: Pust\u00e9 \u010cemern\u00e9 \u2013 Ve\u013ekono\u010dn\u00e1 nede\u013ea 2019\" href=\"https:\/\/www.farnost-strazske.sk\/?p=15230\" rel=\"bookmark\">Pust\u00e9 \u010cemern\u00e9 \u2013 Ve\u013ekono\u010dn\u00e1 nede\u013ea 2019<\/a><\/h4>\n<h4 class=\"post-title\"><a title=\"Permanent Link: Krivo\u0161\u0165any \u2013 posviacka jed\u00e1l 2019\" href=\"https:\/\/www.farnost-strazske.sk\/?p=15232\" rel=\"bookmark\">Krivo\u0161\u0165any \u2013 posviacka jed\u00e1l 2019<\/a><\/h4>\n<h4><a href=\"http:\/\/www.farnost-strazske.sk\/?p=15259\">Brekov &#8211; De\u0148 matiek 2019<\/a><\/h4>\n<h4><a href=\"https:\/\/www.farnost-strazske.sk\/?p=15282\">Odpust Krivo\u0161\u0165any 2019<\/a><\/h4>\n<h4><a href=\"https:\/\/www.farnost-strazske.sk\/?p=15309\">1.sv. prij\u00edmanie &#8211; Str\u00e1\u017eske 2019<\/a><\/h4>\n<h4><a href=\"https:\/\/www.farnost-strazske.sk\/?p=15376\">Odpustov\u00e1 sl\u00e1vnos\u0165 &#8211; Str\u00e1\u017eske 2019<\/a><\/h4>\n<h4 class=\"post-title\"><a href=\"https:\/\/www.farnost-strazske.sk\/?p=15397\">V\u00fdro\u010die posviacky chr\u00e1mu \u2013 Brekov 2019<\/a><\/h4>\n<h4><a href=\"https:\/\/www.farnost-strazske.sk\/?p=15432\">Olt\u00e1riky &#8211; Str\u00e1\u017eske 2019<\/a><\/h4>\n<h4 class=\"post-title\"><a href=\"https:\/\/www.farnost-strazske.sk\/?p=15509\">Pust\u00e9 \u010cemern\u00e9 \u2013 Odpustov\u00e1 sl\u00e1vnos\u0165 2019<\/a><\/h4>\n<h4 class=\"post-title\"><a href=\"https:\/\/www.farnost-strazske.sk\/?p=15549\">Brekov \u2013 Odpustov\u00e1 sl\u00e1vnos\u0165 2019<\/a><\/h4>\n<h4 class=\"post-title\"><a href=\"https:\/\/www.farnost-strazske.sk\/?p=15594\">K\u0148azsk\u00e9 rekolekcie \u2013 P. \u010cemern\u00e9 2019<\/a><\/h4>\n","protected":false},"excerpt":{"rendered":"<p>Detsk\u00e9 sv. om\u0161e a kr\u00ed\u017eov\u00e9 cesty &#8211; P\u00f4stne obdobie 2019 Pohrebn\u00e9 obady vdp. Jozefa \u0160tofeja &#8211; 21. 2. 2019 K\u0148azsk\u00e9 rekolekcie Trebi\u0161ov 2019 Rozkvet \u2013 P\u00f4stne p\u00e1smo 2019 Str\u00e1\u017eske \u2013 Ve\u013ekono\u010dn\u00e9 trojdnie 2019 Brekov \u2013 Ve\u013ekono\u010dn\u00e9 trojdnie 2019 Pust\u00e9 \u010cemern\u00e9 \u2013 Ve\u013ekono\u010dn\u00e1 nede\u013ea 2019 Krivo\u0161\u0165any \u2013 posviacka jed\u00e1l 2019 Brekov &#8211; De\u0148 matiek 2019 Odpust [&hellip;]<\/p>\n","protected":false},"author":1,"featured_media":0,"parent":51,"menu_order":0,"comment_status":"closed","ping_status":"closed","template":"","meta":{"ngg_post_thumbnail":0,"footnotes":""},"class_list":["post-14865","page","type-page","status-publish","hentry"],"_links":{"self":[{"href":"https:\/\/www.farnost-strazske.sk\/index.php?rest_route=\/wp\/v2\/pages\/14865","targetHints":{"allow":["GET"]}}],"collection":[{"href":"https:\/\/www.farnost-strazske.sk\/index.php?rest_route=\/wp\/v2\/pages"}],"about":[{"href":"https:\/\/www.farnost-strazske.sk\/index.php?rest_route=\/wp\/v2\/types\/page"}],"author":[{"embeddable":true,"href":"https:\/\/www.farnost-strazske.sk\/index.php?rest_route=\/wp\/v2\/users\/1"}],"replies":[{"embeddable":true,"href":"https:\/\/www.farnost-strazske.sk\/index.php?rest_route=%2Fwp%2Fv2%2Fcomments&post=14865"}],"version-history":[{"count":16,"href":"https:\/\/www.farnost-strazske.sk\/index.php?rest_route=\/wp\/v2\/pages\/14865\/revisions"}],"predecessor-version":[{"id":15597,"href":"https:\/\/www.farnost-strazske.sk\/index.php?rest_route=\/wp\/v2\/pages\/14865\/revisions\/15597"}],"up":[{"embeddable":true,"href":"https:\/\/www.farnost-strazske.sk\/index.php?rest_route=\/wp\/v2\/pages\/51"}],"wp:attachment":[{"href":"https:\/\/www.farnost-strazske.sk\/index.php?rest_route=%2Fwp%2Fv2%2Fmedia&parent=14865"}],"curies":[{"name":"wp","href":"https:\/\/api.w.org\/{rel}","templated":true}]}}