{"id":15613,"date":"2019-11-13T21:48:26","date_gmt":"2019-11-13T20:48:26","guid":{"rendered":"https:\/\/www.farnost-strazske.sk\/?page_id=15613"},"modified":"2019-11-13T22:29:06","modified_gmt":"2019-11-13T21:29:06","slug":"strazske","status":"publish","type":"page","link":"https:\/\/www.farnost-strazske.sk\/?page_id=15613","title":{"rendered":"Str\u00e1\u017eske"},"content":{"rendered":"\n<h3 class=\"wp-block-heading\">Kr\u00ed\u017eov\u00e9 cesty a detsk\u00e9 sv. om\u0161e v p\u00f4stnom obdob\u00ed<\/h3>\n\n\nngg_shortcode_0_placeholder\n\n\n\nngg_shortcode_1_placeholder\n","protected":false},"excerpt":{"rendered":"<p>Kr\u00ed\u017eov\u00e9 cesty a detsk\u00e9 sv. om\u0161e v p\u00f4stnom obdob\u00ed<\/p>\n","protected":false},"author":1,"featured_media":0,"parent":14026,"menu_order":0,"comment_status":"closed","ping_status":"closed","template":"","meta":{"ngg_post_thumbnail":0,"footnotes":""},"class_list":["post-15613","page","type-page","status-publish","hentry"],"_links":{"self":[{"href":"https:\/\/www.farnost-strazske.sk\/index.php?rest_route=\/wp\/v2\/pages\/15613","targetHints":{"allow":["GET"]}}],"collection":[{"href":"https:\/\/www.farnost-strazske.sk\/index.php?rest_route=\/wp\/v2\/pages"}],"about":[{"href":"https:\/\/www.farnost-strazske.sk\/index.php?rest_route=\/wp\/v2\/types\/page"}],"author":[{"embeddable":true,"href":"https:\/\/www.farnost-strazske.sk\/index.php?rest_route=\/wp\/v2\/users\/1"}],"replies":[{"embeddable":true,"href":"https:\/\/www.farnost-strazske.sk\/index.php?rest_route=%2Fwp%2Fv2%2Fcomments&post=15613"}],"version-history":[{"count":3,"href":"https:\/\/www.farnost-strazske.sk\/index.php?rest_route=\/wp\/v2\/pages\/15613\/revisions"}],"predecessor-version":[{"id":15634,"href":"https:\/\/www.farnost-strazske.sk\/index.php?rest_route=\/wp\/v2\/pages\/15613\/revisions\/15634"}],"up":[{"embeddable":true,"href":"https:\/\/www.farnost-strazske.sk\/index.php?rest_route=\/wp\/v2\/pages\/14026"}],"wp:attachment":[{"href":"https:\/\/www.farnost-strazske.sk\/index.php?rest_route=%2Fwp%2Fv2%2Fmedia&parent=15613"}],"curies":[{"name":"wp","href":"https:\/\/api.w.org\/{rel}","templated":true}]}}