{"id":15693,"date":"2020-01-12T13:43:12","date_gmt":"2020-01-12T12:43:12","guid":{"rendered":"https:\/\/www.farnost-strazske.sk\/?page_id=15693"},"modified":"2025-12-25T15:00:16","modified_gmt":"2025-12-25T15:00:16","slug":"rozpis-liturgickych-citani-2020","status":"publish","type":"page","link":"https:\/\/www.farnost-strazske.sk\/?page_id=15693","title":{"rendered":"Rozpis liturgick\u00fdch \u010d\u00edtan\u00ed"},"content":{"rendered":"\n<p><\/p>\n\n\n\n<p class=\"has-text-align-center has-luminous-vivid-orange-color has-text-color has-link-color has-medium-font-size wp-elements-0785b44242babf3f872ebdb51b9bc777\"><a href=\"http:\/\/www.farnost-strazske.sk\/wp-content\/uploads\/2025\/12\/Nedele 2026.pdf\" target=\"_blank\" rel=\"noreferrer noopener\">Rozpis liturgick\u00fdch \u010d\u00edtan\u00ed 2026 &#8211; Nedele<\/a><\/p>\n\n\n\n<p class=\"has-text-align-center has-luminous-vivid-orange-color has-text-color has-link-color has-medium-font-size wp-elements-05a704914d103e51cb52133d4efb88e0\"><a href=\"http:\/\/www.farnost-strazske.sk\/wp-content\/uploads\/2025\/12\/T\u00fd\u017ede\u0148 2026.pdf\" target=\"_blank\" rel=\"noreferrer noopener\">Rozpis liturgick\u00fdch \u010d\u00edtan\u00ed 2026 &#8211; T\u00fd\u017ede\u0148<\/a><\/p>\n\n\n<hr>\n<p>&nbsp;<\/p>\n\n\n<p class=\"has-text-align-center has-luminous-vivid-orange-color has-text-color has-link-color has-small-font-size wp-elements-f178bc30eb0a275fc871722e1aa26aa4\"><a href=\"http:\/\/www.farnost-strazske.sk\/wp-content\/uploads\/2024\/12\/Nedele 2025.pdf\" target=\"_blank\" rel=\"noreferrer noopener\">Rozpis liturgick\u00fdch \u010d\u00edtan\u00ed 2025 &#8211; Nedele<\/a><\/p>\n\n\n\n<p class=\"has-text-align-center has-luminous-vivid-orange-color has-text-color has-link-color has-small-font-size wp-elements-f794978d903131ee58e2c64c913b91c4\"><a href=\"http:\/\/www.farnost-strazske.sk\/wp-content\/uploads\/2024\/12\/T\u00fd\u017ede\u0148 2025.pdf\" target=\"_blank\" rel=\"noreferrer noopener\">Rozpis liturgick\u00fdch \u010d\u00edtan\u00ed 2025 &#8211; T\u00fd\u017ede\u0148<\/a><\/p>\n\n\n\n<p class=\"has-text-align-center has-luminous-vivid-orange-color has-text-color has-link-color has-medium-font-size wp-elements-9b163c0cfc801f09663109468bf3aee6\"><\/p>\n\n\n\n<hr class=\"wp-block-separator has-alpha-channel-opacity\"\/>\n\n\n\n<p class=\"has-text-align-left has-small-font-size\"><\/p>\n\n\n\n<p><\/p>\n\n\n\n<p class=\"has-normal-font-size\"><\/p>\n\n\n\n<p class=\"has-normal-font-size\"><\/p>\n","protected":false},"excerpt":{"rendered":"<p>Rozpis liturgick\u00fdch \u010d\u00edtan\u00ed 2026 &#8211; Nedele Rozpis liturgick\u00fdch \u010d\u00edtan\u00ed 2026 &#8211; T\u00fd\u017ede\u0148 &nbsp; Rozpis liturgick\u00fdch \u010d\u00edtan\u00ed 2025 &#8211; Nedele Rozpis liturgick\u00fdch \u010d\u00edtan\u00ed 2025 &#8211; T\u00fd\u017ede\u0148<\/p>\n","protected":false},"author":1,"featured_media":0,"parent":209,"menu_order":0,"comment_status":"closed","ping_status":"closed","template":"","meta":{"ngg_post_thumbnail":0,"footnotes":""},"class_list":["post-15693","page","type-page","status-publish","hentry"],"_links":{"self":[{"href":"https:\/\/www.farnost-strazske.sk\/index.php?rest_route=\/wp\/v2\/pages\/15693","targetHints":{"allow":["GET"]}}],"collection":[{"href":"https:\/\/www.farnost-strazske.sk\/index.php?rest_route=\/wp\/v2\/pages"}],"about":[{"href":"https:\/\/www.farnost-strazske.sk\/index.php?rest_route=\/wp\/v2\/types\/page"}],"author":[{"embeddable":true,"href":"https:\/\/www.farnost-strazske.sk\/index.php?rest_route=\/wp\/v2\/users\/1"}],"replies":[{"embeddable":true,"href":"https:\/\/www.farnost-strazske.sk\/index.php?rest_route=%2Fwp%2Fv2%2Fcomments&post=15693"}],"version-history":[{"count":13,"href":"https:\/\/www.farnost-strazske.sk\/index.php?rest_route=\/wp\/v2\/pages\/15693\/revisions"}],"predecessor-version":[{"id":62788,"href":"https:\/\/www.farnost-strazske.sk\/index.php?rest_route=\/wp\/v2\/pages\/15693\/revisions\/62788"}],"up":[{"embeddable":true,"href":"https:\/\/www.farnost-strazske.sk\/index.php?rest_route=\/wp\/v2\/pages\/209"}],"wp:attachment":[{"href":"https:\/\/www.farnost-strazske.sk\/index.php?rest_route=%2Fwp%2Fv2%2Fmedia&parent=15693"}],"curies":[{"name":"wp","href":"https:\/\/api.w.org\/{rel}","templated":true}]}}