{"id":1599,"date":"2010-01-31T00:49:16","date_gmt":"2010-01-30T22:49:16","guid":{"rendered":"http:\/\/www.farnost-strazske.sk\/?page_id=1599"},"modified":"2012-02-12T10:21:27","modified_gmt":"2012-02-12T09:21:27","slug":"statisticky-vykaz","status":"publish","type":"page","link":"https:\/\/www.farnost-strazske.sk\/?page_id=1599","title":{"rendered":"\u0160tatistiky"},"content":{"rendered":"<h5><a title=\"\u0160tatistick\u00fd v\u00fdkaz\" href=\"http:\/\/www.farnost-strazske.sk\/wp-content\/uploads\/2012\/01\/\u0160tatistick\u00fd-v\u00fdkaz-o-\u017eivote-vo-farnosti-za-rok-2000-2011.pdf\" target=\"_blank\">\u0160tatistick\u00fd v\u00fdkaz o \u017eivote vo farnosti Str\u00e1\u017eske 2000 \u2013 2011<\/a><\/h5>\n<h5><a href=\"..\/wp-content\/uploads\/2011\/01\/statistika-2010.pdf\">\u0160tatistick\u00fd preh\u013ead za rok 2010<\/a><\/h5>\n<h5><a title=\"arcidiec\u00e9za\" href=\"http:\/\/www.farnost-strazske.sk\/wp-content\/uploads\/2010\/03\/statistika_arcidiecezy_2009.pdf\" target=\"_blank\">\u0160tatistick\u00fd preh\u013ead o \u017eivote arcidiec\u00e9zy Ko\u0161ice 2009<\/a><\/h5>\n<h5><a title=\"arcidiec\u00e9za\" href=\"http:\/\/www.farnost-strazske.sk\/wp-content\/uploads\/2012\/02\/Stat_prehlad_KE.pdf\" target=\"_blank\">\u0160tatistick\u00fd preh\u013ead o \u017eivote arcidiec\u00e9zy Ko\u0161ice 2011<\/a><\/h5>\n<h5><\/h5>\n","protected":false},"excerpt":{"rendered":"<p>\u0160tatistick\u00fd v\u00fdkaz o \u017eivote vo farnosti Str\u00e1\u017eske 2000 \u2013 2011 \u0160tatistick\u00fd preh\u013ead za rok 2010 \u0160tatistick\u00fd preh\u013ead o \u017eivote arcidiec\u00e9zy Ko\u0161ice 2009 \u0160tatistick\u00fd preh\u013ead o \u017eivote arcidiec\u00e9zy Ko\u0161ice 2011<\/p>\n","protected":false},"author":1,"featured_media":0,"parent":0,"menu_order":9,"comment_status":"closed","ping_status":"closed","template":"page-3col.php","meta":{"ngg_post_thumbnail":0,"footnotes":""},"class_list":["post-1599","page","type-page","status-publish","hentry"],"_links":{"self":[{"href":"https:\/\/www.farnost-strazske.sk\/index.php?rest_route=\/wp\/v2\/pages\/1599","targetHints":{"allow":["GET"]}}],"collection":[{"href":"https:\/\/www.farnost-strazske.sk\/index.php?rest_route=\/wp\/v2\/pages"}],"about":[{"href":"https:\/\/www.farnost-strazske.sk\/index.php?rest_route=\/wp\/v2\/types\/page"}],"author":[{"embeddable":true,"href":"https:\/\/www.farnost-strazske.sk\/index.php?rest_route=\/wp\/v2\/users\/1"}],"replies":[{"embeddable":true,"href":"https:\/\/www.farnost-strazske.sk\/index.php?rest_route=%2Fwp%2Fv2%2Fcomments&post=1599"}],"version-history":[{"count":16,"href":"https:\/\/www.farnost-strazske.sk\/index.php?rest_route=\/wp\/v2\/pages\/1599\/revisions"}],"predecessor-version":[{"id":1605,"href":"https:\/\/www.farnost-strazske.sk\/index.php?rest_route=\/wp\/v2\/pages\/1599\/revisions\/1605"}],"wp:attachment":[{"href":"https:\/\/www.farnost-strazske.sk\/index.php?rest_route=%2Fwp%2Fv2%2Fmedia&parent=1599"}],"curies":[{"name":"wp","href":"https:\/\/api.w.org\/{rel}","templated":true}]}}