{"id":198,"date":"2009-05-29T22:22:22","date_gmt":"2009-05-29T20:22:22","guid":{"rendered":"http:\/\/www.farnost-strazske.sk\/?page_id=198"},"modified":"2014-10-19T12:49:22","modified_gmt":"2014-10-19T10:49:22","slug":"brekov","status":"publish","type":"page","link":"https:\/\/www.farnost-strazske.sk\/?page_id=198","title":{"rendered":"Brekov"},"content":{"rendered":"<h3><a name=\"_Toc196488167\"><\/a><img loading=\"lazy\" decoding=\"async\" class=\"aligncenter size-full wp-image-196\" title=\"brekov\" src=\"http:\/\/www.farnost-strazske.sk\/wp-content\/uploads\/2009\/05\/brekov.jpg\" alt=\"brekov\" width=\"406\" height=\"389\" srcset=\"https:\/\/www.farnost-strazske.sk\/wp-content\/uploads\/2009\/05\/brekov.jpg 406w, https:\/\/www.farnost-strazske.sk\/wp-content\/uploads\/2009\/05\/brekov-300x287.jpg 300w\" sizes=\"auto, (max-width: 406px) 100vw, 406px\" \/><\/h3>\n<p style=\"text-align: center;\"><strong><span style=\"color: #888888;\"><em><span style=\"text-decoration: underline;\"><br \/>\n<\/span><\/em><\/span><\/strong><\/p>\n<p>Za\u010diatkom 18. storo\u010dia bola fili\u00e1lka Brekov pridelen\u00e1 k\u00a0farnosti Str\u00e1\u017eske. Kostol tejto fili\u00e1lky bol vybudovan\u00fd v\u00a0roku 1742 na star\u0161\u00edch z\u00e1kladoch. V roku 1782 po ve\u013ekom zemetrasen\u00ed bol opraven\u00fd a spevnen\u00fd.<br \/>\nK\u00a0p\u00f4vodn\u00e9mu kostolu bola pribudovan\u00e1 pr\u00edstavba.\u00a0 Kostol je zasv\u00e4ten\u00fd sv. Michalovi Archanjelovi.<\/p>\n<p>&nbsp;<\/p>\n<p><strong><span style=\"color: #888888;\"><em><span style=\"text-decoration: underline;\">\u010cas nede\u013en\u00fdch bohoslu\u017eieb:<span style=\"color: #888888;\"><br \/>\n<\/span><\/span><span style=\"color: #888888;\">\u0160k. rok: \u00a0 \u00a0 \u00a09.30h<\/span><span style=\"color: #888888;\"><br \/>\n<\/span><span style=\"color: #888888;\">Pr\u00e1zdniny:\u00a0 9.30h<\/span><span style=\"text-decoration: underline;\"><br \/>\n<\/span><\/em><\/span><\/strong><\/p>\n<p>&nbsp;<\/p>\n<p><span style=\"color: #808080;\">Po\u010det obyvate\u013eov:\u00a0 1301<br \/>\nz toho r\u00edm.kat. n\u00e1bo\u017eenstva: 1180<\/span><span style=\"color: #808080;\"><small><em><br \/>\n(31.12.2008)<\/em><\/small><\/span><\/p>\n<p><span style=\"color: #808080;\"><em>Kostoln\u00ed\u010dka: BARN\u00cdKOV\u00c1 M\u00e1ria<\/em><\/span><\/p>\n<p><span style=\"color: #808080;\"><em>Mimoriadny rozd\u00e1vate\u013e sv. prij\u00edmania: BARTKO Ondrej<br \/>\n<\/em><\/span><\/p>\n<p><strong><span style=\"color: #888888;\"><em><span style=\"text-decoration: underline;\"><br \/>\n<\/span><\/em><\/span><\/strong><\/p>\n<p>(zdroj: www.brekov.sk, farsk\u00e1 kronika)<\/p>\n","protected":false},"excerpt":{"rendered":"<p>Za\u010diatkom 18. storo\u010dia bola fili\u00e1lka Brekov pridelen\u00e1 k\u00a0farnosti Str\u00e1\u017eske. Kostol tejto fili\u00e1lky bol vybudovan\u00fd v\u00a0roku 1742 na star\u0161\u00edch z\u00e1kladoch. V roku 1782 po ve\u013ekom zemetrasen\u00ed bol opraven\u00fd a spevnen\u00fd. K\u00a0p\u00f4vodn\u00e9mu kostolu bola pribudovan\u00e1 pr\u00edstavba.\u00a0 Kostol je zasv\u00e4ten\u00fd sv. Michalovi Archanjelovi. &nbsp; \u010cas nede\u013en\u00fdch bohoslu\u017eieb: \u0160k. rok: \u00a0 \u00a0 \u00a09.30h Pr\u00e1zdniny:\u00a0 9.30h &nbsp; Po\u010det obyvate\u013eov:\u00a0 1301 [&hellip;]<\/p>\n","protected":false},"author":1,"featured_media":0,"parent":143,"menu_order":0,"comment_status":"closed","ping_status":"closed","template":"","meta":{"ngg_post_thumbnail":0,"footnotes":""},"class_list":["post-198","page","type-page","status-publish","hentry"],"_links":{"self":[{"href":"https:\/\/www.farnost-strazske.sk\/index.php?rest_route=\/wp\/v2\/pages\/198","targetHints":{"allow":["GET"]}}],"collection":[{"href":"https:\/\/www.farnost-strazske.sk\/index.php?rest_route=\/wp\/v2\/pages"}],"about":[{"href":"https:\/\/www.farnost-strazske.sk\/index.php?rest_route=\/wp\/v2\/types\/page"}],"author":[{"embeddable":true,"href":"https:\/\/www.farnost-strazske.sk\/index.php?rest_route=\/wp\/v2\/users\/1"}],"replies":[{"embeddable":true,"href":"https:\/\/www.farnost-strazske.sk\/index.php?rest_route=%2Fwp%2Fv2%2Fcomments&post=198"}],"version-history":[{"count":19,"href":"https:\/\/www.farnost-strazske.sk\/index.php?rest_route=\/wp\/v2\/pages\/198\/revisions"}],"predecessor-version":[{"id":10264,"href":"https:\/\/www.farnost-strazske.sk\/index.php?rest_route=\/wp\/v2\/pages\/198\/revisions\/10264"}],"up":[{"embeddable":true,"href":"https:\/\/www.farnost-strazske.sk\/index.php?rest_route=\/wp\/v2\/pages\/143"}],"wp:attachment":[{"href":"https:\/\/www.farnost-strazske.sk\/index.php?rest_route=%2Fwp%2Fv2%2Fmedia&parent=198"}],"curies":[{"name":"wp","href":"https:\/\/api.w.org\/{rel}","templated":true}]}}