{"id":204,"date":"2009-05-29T22:27:10","date_gmt":"2009-05-29T20:27:10","guid":{"rendered":"http:\/\/www.farnost-strazske.sk\/?page_id=204"},"modified":"2014-10-19T12:48:49","modified_gmt":"2014-10-19T10:48:49","slug":"puste-cemerne","status":"publish","type":"page","link":"https:\/\/www.farnost-strazske.sk\/?page_id=204","title":{"rendered":"Pust\u00e9 \u010cemern\u00e9"},"content":{"rendered":"<p><a href=\"http:\/\/www.farnost-strazske.sk\/wp-content\/uploads\/2009\/06\/puste-cemerne.jpg\"><img loading=\"lazy\" decoding=\"async\" class=\"aligncenter size-large wp-image-277\" title=\"puste-cemerne\" src=\"http:\/\/www.farnost-strazske.sk\/wp-content\/uploads\/2009\/06\/puste-cemerne-766x1024.jpg\" alt=\"puste-cemerne\" width=\"331\" height=\"442\" srcset=\"https:\/\/www.farnost-strazske.sk\/wp-content\/uploads\/2009\/06\/puste-cemerne-766x1024.jpg 766w, https:\/\/www.farnost-strazske.sk\/wp-content\/uploads\/2009\/06\/puste-cemerne-224x300.jpg 224w, https:\/\/www.farnost-strazske.sk\/wp-content\/uploads\/2009\/06\/puste-cemerne.jpg 1024w\" sizes=\"auto, (max-width: 331px) 100vw, 331px\" \/><\/a><\/p>\n<p>V listine z\u00a0roku 1332 je zmienka o\u00a0murovanom farskom kostole Sv. Al\u017ebety, ktor\u00fd nesk\u00f4r zanikol. R\u00edmskokatol\u00edcky kostol bol vyu\u017e\u00edvan\u00fd po\u010das obdobia reform\u00e1cie kalv\u00ednmi a\u00a0od 17. a\u00a018. storo\u010dia ho vyu\u017e\u00edvali gr\u00e9ckokatol\u00edcki veriaci. V\u00a0roku 1968\u00a0 sa r\u00edmskokatol\u00edcky veriaci spont\u00e1nne rozhodli k\u00a0svojpomocnej v\u00fdstavbe kostola. Kostol bol sl\u00e1vnostne posv\u00e4ten\u00fd 3.12.1976. Dvojve\u017eov\u00fd r\u00edmskokatol\u00edcky kostol je zasv\u00e4ten\u00fd Sv. Ko\u0161ick\u00fdm mu\u010den\u00edkom.<\/p>\n<p>&nbsp;<\/p>\n<p><strong><span style=\"color: #888888;\"><em><span style=\"text-decoration: underline;\">\u010cas nede\u013en\u00fdch bohoslu\u017eieb:<br \/>\n<\/span>\u0160k. rok: \u00a0 \u00a0 \u00a08.00h<br \/>\nPr\u00e1zdniny: \u00a08.00h<\/em><\/span><\/strong><\/p>\n<p>&nbsp;<\/p>\n<p><span style=\"color: #888888;\">Po\u010det obyvate\u013eov: 356<br \/>\nz toho r\u00edm.kat. n\u00e1bo\u017eenstva: <\/span><span style=\"color: #888888;\">205<br \/>\n<small><em>(31.12.2008)<\/em><\/small><\/span><\/p>\n<p><span style=\"color: #808080;\"><em>Kostoln\u00edk: MORAVSK\u00dd Jaroslav<br \/>\n<\/em><\/span><\/p>\n<p><span style=\"color: #808080;\"><em>Mimoriadny rozd\u00e1vate\u013e sv. prij\u00edmania: <\/em><\/span><span style=\"color: #808080;\"><em>MORAVSK\u00dd Karol<\/em><\/span><\/p>\n","protected":false},"excerpt":{"rendered":"<p>V listine z\u00a0roku 1332 je zmienka o\u00a0murovanom farskom kostole Sv. Al\u017ebety, ktor\u00fd nesk\u00f4r zanikol. R\u00edmskokatol\u00edcky kostol bol vyu\u017e\u00edvan\u00fd po\u010das obdobia reform\u00e1cie kalv\u00ednmi a\u00a0od 17. a\u00a018. storo\u010dia ho vyu\u017e\u00edvali gr\u00e9ckokatol\u00edcki veriaci. V\u00a0roku 1968\u00a0 sa r\u00edmskokatol\u00edcky veriaci spont\u00e1nne rozhodli k\u00a0svojpomocnej v\u00fdstavbe kostola. Kostol bol sl\u00e1vnostne posv\u00e4ten\u00fd 3.12.1976. Dvojve\u017eov\u00fd r\u00edmskokatol\u00edcky kostol je zasv\u00e4ten\u00fd Sv. Ko\u0161ick\u00fdm mu\u010den\u00edkom. &nbsp; \u010cas [&hellip;]<\/p>\n","protected":false},"author":1,"featured_media":0,"parent":143,"menu_order":0,"comment_status":"closed","ping_status":"closed","template":"","meta":{"ngg_post_thumbnail":0,"footnotes":""},"class_list":["post-204","page","type-page","status-publish","hentry"],"_links":{"self":[{"href":"https:\/\/www.farnost-strazske.sk\/index.php?rest_route=\/wp\/v2\/pages\/204","targetHints":{"allow":["GET"]}}],"collection":[{"href":"https:\/\/www.farnost-strazske.sk\/index.php?rest_route=\/wp\/v2\/pages"}],"about":[{"href":"https:\/\/www.farnost-strazske.sk\/index.php?rest_route=\/wp\/v2\/types\/page"}],"author":[{"embeddable":true,"href":"https:\/\/www.farnost-strazske.sk\/index.php?rest_route=\/wp\/v2\/users\/1"}],"replies":[{"embeddable":true,"href":"https:\/\/www.farnost-strazske.sk\/index.php?rest_route=%2Fwp%2Fv2%2Fcomments&post=204"}],"version-history":[{"count":15,"href":"https:\/\/www.farnost-strazske.sk\/index.php?rest_route=\/wp\/v2\/pages\/204\/revisions"}],"predecessor-version":[{"id":10263,"href":"https:\/\/www.farnost-strazske.sk\/index.php?rest_route=\/wp\/v2\/pages\/204\/revisions\/10263"}],"up":[{"embeddable":true,"href":"https:\/\/www.farnost-strazske.sk\/index.php?rest_route=\/wp\/v2\/pages\/143"}],"wp:attachment":[{"href":"https:\/\/www.farnost-strazske.sk\/index.php?rest_route=%2Fwp%2Fv2%2Fmedia&parent=204"}],"curies":[{"name":"wp","href":"https:\/\/api.w.org\/{rel}","templated":true}]}}