{"id":26,"date":"2009-05-01T13:39:31","date_gmt":"2009-05-01T11:39:31","guid":{"rendered":"http:\/\/www.farnost-strazske.sk\/?page_id=26"},"modified":"2023-09-29T17:53:23","modified_gmt":"2023-09-29T15:53:23","slug":"kontakt","status":"publish","type":"page","link":"https:\/\/www.farnost-strazske.sk\/?page_id=26","title":{"rendered":"Kontakt"},"content":{"rendered":"<h5>&nbsp;<\/h5>\n<h5 style=\"text-align: center;\"><strong><em>R\u00edmskokatol\u00edcka cirkev<\/em><\/strong><\/h5>\n<h5 style=\"text-align: center;\"><strong><em>Farnos\u0165 Nanebovst\u00fapenia P\u00e1na<\/em><\/strong><\/h5>\n<h5 style=\"text-align: center;\"><strong><em>Mierov\u00e1 9<\/em><\/strong><\/h5>\n<h5 style=\"text-align: center;\"><strong><em>072 22&nbsp; Str\u00e1\u017eske<\/em><\/strong><\/h5>\n<p><span style=\"text-decoration: underline;\"><strong>Kontakt:<\/strong><\/span><\/p>\n<p><span style=\"text-decoration: underline;\">Kancel\u00e1ria:<\/span> 056\/6477 388<\/p>\n<p><span style=\"text-decoration: underline;\">Far\u00e1r:<\/span><strong>&nbsp; &nbsp;Mari\u00e1n Babjar\u010d\u00edk,&nbsp; <\/strong>0904 \/ 853 468<\/p>\n<p><span style=\"text-decoration: underline;\">Kapl\u00e1n:<\/span>&nbsp;&nbsp;<strong>\u013dubo\u0161 Jura\u0161ko,&nbsp; &nbsp; <\/strong>0908 \/ 345 586<\/p>\n<p>&nbsp;<\/p>\n<p><span style=\"text-decoration: underline;\">E-mail:<\/span> <span style=\"color: #ff0000;\">&nbsp;<span style=\"color: #333399;\"><strong><a style=\"color: #333399;\" href=\"mailto:strazske@abuke.sk\">strazske@abuke.sk<\/a><\/strong><\/span><\/span><\/p>\n<p><span style=\"text-decoration: underline;\">Bankov\u00e9 spojenie:<\/span> IBAN : SK59 0900 0000 0000 9102 4226<\/p>\n<p><img loading=\"lazy\" decoding=\"async\" class=\"ngg-singlepic ngg-none\" src=\"https:\/\/www.farnost-strazske.sk\/wp-content\/gallery\/2022\/MILODAR.jpg\" alt=\"MILODAR\" width=\"179\" height=\"171\"><\/p>\n<p>&nbsp;<\/p>\n<p><span style=\"text-decoration: underline;\">Spr\u00e1vca web. str\u00e1nky:<\/span> <a href=\"mailto:admin@farnost-strazske.sk\">admin@farnost-strazske.sk<\/a><\/p>\n<p><span style=\"text-decoration: underline;\">Ochrana osobn\u00fdch \u00fadajov:<\/span> <a href=\"http:\/\/gdpr.kbs.sk\" target=\"_blank\" rel=\"noopener noreferrer\">gdpr.kbs.sk<\/a><\/p>\n<table border=\"1\" cellspacing=\"0\" cellpadding=\"0\">\n<tbody>\n<tr>\n<td style=\"text-align: center;\" colspan=\"2\" valign=\"top\" width=\"243\"><strong>\u00daradn\u00e9&nbsp;hodiny:<\/strong><\/td>\n<\/tr>\n<tr>\n<td colspan=\"2\" valign=\"top\" width=\"243\">&nbsp;<\/td>\n<\/tr>\n<tr>\n<td valign=\"top\" width=\"92\"><strong>Pondelok:<\/strong><\/td>\n<td valign=\"top\" width=\"151\">15.30h&nbsp; &#8211; 16.15h<\/td>\n<\/tr>\n<tr>\n<td valign=\"top\" width=\"92\"><strong>Utorok:<\/strong><\/td>\n<td valign=\"top\" width=\"151\">&nbsp;&#8212;&#8212;&#8212;&#8212;&#8212;&#8212;<\/td>\n<\/tr>\n<tr>\n<td valign=\"top\" width=\"92\"><strong>Streda:<\/strong><\/td>\n<td valign=\"top\" width=\"151\">15.30h&nbsp; &#8211; 16.15h<\/td>\n<\/tr>\n<tr>\n<td valign=\"top\" width=\"92\"><strong>\u0160tvrtok:<\/strong><\/td>\n<td valign=\"top\" width=\"151\">&#8212;&#8212;&#8212;&#8212;&#8212;&#8212;<\/td>\n<\/tr>\n<tr>\n<td valign=\"top\" width=\"92\"><strong>Piatok:<\/strong><\/td>\n<td valign=\"top\" width=\"151\">15.30h&nbsp; &#8211; 16.15h<\/td>\n<\/tr>\n<\/tbody>\n<\/table>\n<p><iframe loading=\"lazy\" src=\"http:\/\/mapa.zoznam.sk\/embedmap?w=250&amp;h=250&amp;z=16&amp;mc=b;mt;ct;&amp;n[0]=R%C3%ADmskokatol%C3%ADcka%20cirkev,%20farnos%C5%A5%20Str%C3%A1%C5%BEske&amp;nc[0]=blue&amp;d[0]=&amp;i[0]=point-blue&amp;p[0]=48.87360333301327,21.841721534729004\" width=\"250\" height=\"250\" frameborder=\"0\"><\/iframe><\/p>\n","protected":false},"excerpt":{"rendered":"<p>&nbsp; R\u00edmskokatol\u00edcka cirkev Farnos\u0165 Nanebovst\u00fapenia P\u00e1na Mierov\u00e1 9 072 22&nbsp; Str\u00e1\u017eske Kontakt: Kancel\u00e1ria: 056\/6477 388 Far\u00e1r:&nbsp; &nbsp;Mari\u00e1n Babjar\u010d\u00edk,&nbsp; 0904 \/ 853 468 Kapl\u00e1n:&nbsp;&nbsp;\u013dubo\u0161 Jura\u0161ko,&nbsp; &nbsp; 0908 \/ 345 586 &nbsp; E-mail: &nbsp;strazske@abuke.sk Bankov\u00e9 spojenie: IBAN : SK59 0900 0000 0000 9102 4226 &nbsp; Spr\u00e1vca web. str\u00e1nky: admin@farnost-strazske.sk Ochrana osobn\u00fdch \u00fadajov: gdpr.kbs.sk \u00daradn\u00e9&nbsp;hodiny: &nbsp; Pondelok: 15.30h&nbsp; [&hellip;]<\/p>\n","protected":false},"author":1,"featured_media":0,"parent":0,"menu_order":10,"comment_status":"closed","ping_status":"closed","template":"page-3col.php","meta":{"ngg_post_thumbnail":0,"footnotes":""},"class_list":["post-26","page","type-page","status-publish","hentry"],"_links":{"self":[{"href":"https:\/\/www.farnost-strazske.sk\/index.php?rest_route=\/wp\/v2\/pages\/26","targetHints":{"allow":["GET"]}}],"collection":[{"href":"https:\/\/www.farnost-strazske.sk\/index.php?rest_route=\/wp\/v2\/pages"}],"about":[{"href":"https:\/\/www.farnost-strazske.sk\/index.php?rest_route=\/wp\/v2\/types\/page"}],"author":[{"embeddable":true,"href":"https:\/\/www.farnost-strazske.sk\/index.php?rest_route=\/wp\/v2\/users\/1"}],"replies":[{"embeddable":true,"href":"https:\/\/www.farnost-strazske.sk\/index.php?rest_route=%2Fwp%2Fv2%2Fcomments&post=26"}],"version-history":[{"count":25,"href":"https:\/\/www.farnost-strazske.sk\/index.php?rest_route=\/wp\/v2\/pages\/26\/revisions"}],"predecessor-version":[{"id":57913,"href":"https:\/\/www.farnost-strazske.sk\/index.php?rest_route=\/wp\/v2\/pages\/26\/revisions\/57913"}],"wp:attachment":[{"href":"https:\/\/www.farnost-strazske.sk\/index.php?rest_route=%2Fwp%2Fv2%2Fmedia&parent=26"}],"curies":[{"name":"wp","href":"https:\/\/api.w.org\/{rel}","templated":true}]}}