{"id":3393,"date":"2010-11-15T22:53:45","date_gmt":"2010-11-15T20:53:45","guid":{"rendered":"http:\/\/www.farnost-strazske.sk\/?page_id=3393"},"modified":"2014-10-01T21:34:43","modified_gmt":"2014-10-01T19:34:43","slug":"1-ruza","status":"publish","type":"page","link":"https:\/\/www.farnost-strazske.sk\/?page_id=3393","title":{"rendered":"\u017div\u00fd ru\u017eenec"},"content":{"rendered":"<h4><span style=\"text-decoration: underline;\">1. ru\u017ea<\/span><\/h4>\n<ol>\n<li><strong>Kr\u00eddlov\u00e1 M\u00e1ria, <\/strong>\u0160t\u00farova 544<\/li>\n<li><strong>Macejkov\u00e1 O\u013ega, <\/strong>Nov\u00e1 126<\/li>\n<li><strong>Lipovsk\u00e1 Anna,<\/strong> \u013d. \u0160t\u00fara 558<\/li>\n<li><strong>Ko\u010derhov\u00e1 Anna,<\/strong> F. Kr\u00e1\u013ea 570<\/li>\n<li><strong>Dubiakov\u00e1 M\u00e1ria,<\/strong> Mierov\u00e1\u00a0 628<\/li>\n<li><strong>Kise\u013eov\u00e1 Marta, <\/strong>Mierov\u00e1 630<\/li>\n<li><strong>Gerb\u00f3cov\u00e1 Alena, <\/strong>P. Horova 597<\/li>\n<li><strong>Lipovsk\u00e1 M\u00e1ria, <\/strong>1. m\u00e1ja 638<\/li>\n<li><strong>Mace\u0148kov\u00e1 Jozef\u00edna, <\/strong>Dom d\u00f4chodcov<\/li>\n<li><strong>Siv\u010dov\u00e1 Roz\u00e1lia, <\/strong>Komensk\u00e9ho 642<\/li>\n<li><strong>Roha\u013eov\u00e1 Helena, <\/strong>1. m\u00e1ja 58<\/li>\n<li><strong>\u010cabakov\u00e1 Sab\u00edna, <\/strong>Mierov\u00e1<\/li>\n<li><strong>Sabov\u00e1 Milada, <\/strong>Jahodn\u00e1 541<\/li>\n<li><strong>Hlav\u00e1\u010dov\u00e1 M\u00e1ria,<\/strong> Mierov\u00e1 630<\/li>\n<li><strong>Stani\u010d\u00e1rov\u00e1 Ter\u00e9zia,<\/strong> F. Kr\u00e1\u013ea 579<\/li>\n<li><strong>Maternov\u00e1 Al\u017ebeta,<\/strong> Komensk\u00e9ho 661<\/li>\n<li><strong>Ohradzansk\u00e1 Anna, <\/strong>Laboreck\u00e1 311<\/li>\n<li><strong>Prokopovi\u010dov\u00e1 Gabriela, <\/strong>Mierov\u00e1 239<\/li>\n<li><strong>Paralov\u00e1 M\u00e1ria, <\/strong>Komensk\u00e9ho 662<\/li>\n<li><strong>Ku\u017emov\u00e1 Anna,<\/strong> Oslobodite\u013eov 627<\/li>\n<\/ol>\n<h4><span style=\"text-decoration: underline;\">2. ru\u017ea<\/span><\/h4>\n<ol>\n<li><strong>Kudel\u010d\u00edkov\u00e1 M\u00e1ria, <\/strong>Z\u00e1mo\u010dn\u00edcka 513<\/li>\n<li><strong>Fedorov\u00e1 Jana, <\/strong>Jahodn\u00e1 519<\/li>\n<li><strong>Ferkov\u00e1 Ru\u017eena, <\/strong>Vihorlatsk\u00e1 621<\/li>\n<li><strong>Tothov\u00e1 O\u013ega, <\/strong>Koll\u00e1rova 611<\/li>\n<li><strong>Andrejkov\u00e1 Marta, <\/strong>Vihorlatsk\u00e1 625<\/li>\n<li><strong>Roha\u013eov\u00e1 Pavl\u00edna, <\/strong>Okru\u017en\u00e1 472<\/li>\n<li><strong>Marekov\u00e1 Viera, <\/strong>Mierov\u00e1 245<\/li>\n<li><strong>Vi\u0161\u0148ovsk\u00e1 Jozefa, <\/strong>Jahodn\u00e1 530<\/li>\n<li><strong>Feren\u010d\u00edkov\u00e1 Ru\u017eena, <\/strong>Komensk\u00e9ho 645<\/li>\n<li><strong>Kus\u00fdov\u00e1 Helena, <\/strong>Jahodn\u00e1 538<\/li>\n<li><strong> Dunajov\u00e1 M\u00e1ria, <\/strong>Z\u00e1mo\u010dn\u00edcka 165<\/li>\n<li><strong>\u0160andorov\u00e1 Monika, <\/strong>Vihorlatsk\u00e1 625<\/li>\n<li><strong>Gajdo\u0161ov\u00e1 Anna, <\/strong>Vihorlatsk\u00e1 622<\/li>\n<li><strong>Pli\u0161kov\u00e1 Bo\u017eena, <\/strong>Koll\u00e1rova 613<\/li>\n<li><strong>Skoupilov\u00e1 Anna, <\/strong>Okru\u017en\u00e1 492\/62<\/li>\n<li><strong>Gad\u017eov\u00e1 Marta, <\/strong>Z\u00e1mo\u010dn\u00edcka<\/li>\n<li><strong>Babjakov\u00e1 Helena, <\/strong>Vihorlatsk\u00e1 625<\/li>\n<li><strong>Re\u0161ovsk\u00e1 M\u00e1ria, <\/strong>P. Horova 594<\/li>\n<li><strong>Legdanov\u00e1 Zlata, <\/strong>Mierov\u00e1 630<\/li>\n<li><strong>Janovsk\u00e1 Anna, <\/strong>Pod hradom 415<\/li>\n<\/ol>\n<h4><span style=\"text-decoration: underline;\">3. ru\u017ea<\/span><\/h4>\n<ol>\n<li><strong>Semkov\u00e1 Helena, <\/strong>Vihorlatsk\u00e1 623<\/li>\n<li><strong>Bob\u00edkov\u00e1 M\u00e1ria, <\/strong>Dru\u017estevn\u00e1 504<\/li>\n<li><strong>Kov\u00e1\u010dov\u00e1 Sl\u00e1vka, <\/strong>Pod hradom 418<\/li>\n<li><strong>Tk\u00e1\u010dov\u00e1 M\u00e1ria, <\/strong>Jahodn\u00e1 528<\/li>\n<li><strong>Ma\u013eudyov\u00e1 Irena, <\/strong>Jahodn\u00e1 536<\/li>\n<li><strong>Da\u0148ov\u00e1 M\u00e1ria, <\/strong>Okru\u017en\u00e1 457<\/li>\n<li><strong>Zolotov\u00e1 M\u00e1ria, <\/strong>Jahodn\u00e1 526<\/li>\n<li><strong>Ma\u0165a\u0161ov\u00e1 Eva, <\/strong>Oslobodite\u013eov 627<\/li>\n<li><strong>\u0160u\u013eakov\u00e1 Anna, <\/strong>Vihorlatsk\u00e1 625<\/li>\n<li><strong>Makarov\u00e1 Anna, <\/strong>Vihorlatsk\u00e1 626<\/li>\n<li><strong>Va\u013eov\u010d\u00edkov\u00e1 Katar\u00edna, <\/strong>Laboreck\u00e1 308<\/li>\n<li><strong>Ba\u00e1nov\u00e1 Magdal\u00e9na, <\/strong>Komensk\u00e9ho 653<\/li>\n<li><strong>Lipovsk\u00e1 Ter\u00e9zia, <\/strong>1. m\u00e1ja 672<\/li>\n<li><strong>Voz\u00e1rov\u00e1 Jana,<\/strong> Mierov\u00e1 195<\/li>\n<li><strong>Sabano\u0161ov\u00e1 Alb\u00edna, <\/strong>1. m\u00e1ja 67<\/li>\n<li><strong>\u0160pir\u0148akov\u00e1 Berta, <\/strong>Koll\u00e1rova 611<\/li>\n<li><strong>Bodn\u00e1rov\u00e1 Anna, <\/strong>Oslobodite\u013eov 627<\/li>\n<li><strong>Balkov\u00e1 M\u00e1ria, <\/strong>Koll\u00e1rova 614\/3<\/li>\n<li><strong>Besedi\u010dov\u00e1 Bo\u017eena,<\/strong> Dru\u017estevn\u00e1 503<\/li>\n<li><strong>Kri\u017eanov\u00e1 Lucia, <\/strong>Obchodn\u00e1 440<\/li>\n<\/ol>\n<h4><span style=\"text-decoration: underline;\">4. ru\u017ea<\/span><\/h4>\n<ol>\n<li><strong>Mace\u0148kov\u00e1 Jozef\u00edna,<\/strong> Jahodn\u00e1<\/li>\n<li><strong>Ban\u00edkov\u00e1 Helena, <\/strong>Komensk\u00e9ho 669<\/li>\n<li><strong>Stachov\u00e1 Magdal\u00e9na, <\/strong>Vihorlatsk\u00e1 625<\/li>\n<li><strong>\u0160renkelov\u00e1 M\u00e1ria, <\/strong>1. m\u00e1ja 75<\/li>\n<li><strong>Luk\u010dov\u00e1 Bla\u017eena, <\/strong>Mierov\u00e1 608<\/li>\n<li><strong>Karko\u0161iakov\u00e1 Andrea, <\/strong>Dru\u017estevn\u00e1 503<\/li>\n<li><strong>Maz\u00e1rov\u00e1 M\u00e1ria, <\/strong>Komensk\u00e9ho 669<\/li>\n<li><strong>Hud\u00e1kov\u00e1 Iveta, <\/strong>Dru\u017estevn\u00e1 496<\/li>\n<li><strong>Gerb\u00f3cov\u00e1 Anna, <\/strong>Oslobodite\u013eov 627<\/li>\n<li><strong>Kusyov\u00e1 Angela, <\/strong>Koll\u00e1rova 613<\/li>\n<li><strong>Perh\u00e1\u010dov\u00e1 Jana, <\/strong>Dru\u017estevn\u00e1 502<\/li>\n<li><strong>Majern\u00edkov\u00e1 Jana, <\/strong>Mierov\u00e1 630<\/li>\n<li><strong>Konda\u0161ov\u00e1 Anna, <\/strong>Okru\u017en\u00e1 454<\/li>\n<li><strong>Bab\u010d\u00e1kov\u00e1 O\u013ega, <\/strong>Vihorlatsk\u00e1 624<\/li>\n<li><strong>Kudrav\u00e1 Ru\u017eena, <\/strong>Jahodn\u00e1 523<\/li>\n<li><strong>Daubnerov\u00e1 Jarmila, <\/strong>Pod hradom 400<\/li>\n<li><strong>\u010ce\u010dkov\u00e1 Agnesa, <\/strong>F. Kr\u00e1\u013ea 578<\/li>\n<li><strong>Gubov\u00e1 Al\u017ebeta, <\/strong>Dru\u017estevn\u00e1 505<\/li>\n<li><strong>Copkov\u00e1 Helena, <\/strong>Mierov\u00e1 95<\/li>\n<li><strong> Brezovsk\u00e1 M\u00e1ria, <\/strong>Jahodn\u00e1 542<\/li>\n<\/ol>\n<h4><span style=\"text-decoration: underline;\">5. ru\u017ea<\/span><\/h4>\n<ol>\n<li><strong>Mund\u00edrov\u00e1 M\u00e1ria, <\/strong>Z\u00e1mo\u010dn\u00edcka<\/li>\n<li><strong>Dzurillov\u00e1 Jana, <\/strong>Komensk\u00e9ho 668<\/li>\n<li><strong>Kavkov\u00e1 Zdena, <\/strong>Vihorlatsk\u00e1 625<\/li>\n<li><strong>\u0160\u010derbovsk\u00e1 Jozef\u00edna, <\/strong>Ag\u00e1tov\u00e1<\/li>\n<li><strong>Jurikov\u00e1 M\u00e1ria, <\/strong>Mierov\u00e1 630<\/li>\n<li><strong>Besterciov\u00e1 M\u00e1ria, <\/strong>Ga\u0161tanov\u00e1<\/li>\n<li><strong>Slepakov\u00e1 Marta, <\/strong>Komensk\u00e9ho 649<\/li>\n<li><strong>Dupa\u013eov\u00e1 M\u00e1ria, <\/strong>Mierov\u00e1 629<\/li>\n<li><strong>Panekov\u00e1 M\u00e1ria, <\/strong>Nov\u00e1 129<\/li>\n<li><strong>Hnatov\u00e1 Katar\u00edna, <\/strong>Vihorlatsk\u00e1 625<\/li>\n<li><strong>\u0160irok\u00e1 M\u00e1ria,<\/strong> Mierov\u00e1 630<\/li>\n<li><strong>Janokov\u00e1 Anna, <\/strong>Vihorlatsk\u00e1 625<\/li>\n<li><strong>Me\u0148ov\u010d\u00edkov\u00e1 Gabriela,<\/strong> Dru\u017estevn\u00e1 505<\/li>\n<li><strong>Moln\u00e1rov\u00e1 Helena, <\/strong>Vihorlatsk\u00e1 625<\/li>\n<li><strong>Kadlicov\u00e1 Angela, <\/strong>Oslobodite\u013eov 627<\/li>\n<li><strong>Matisov\u00e1 Martina, <\/strong>Mierov\u00e1 240<\/li>\n<li><strong>\u010eurkov\u00e1 Kl\u00e1ra, <\/strong>Mierov\u00e1<\/li>\n<li><strong>Ciganocov\u00e1 Regina, <\/strong>Vihorlatsk\u00e1 625<\/li>\n<li><strong>Kolp\u00e1kov\u00e1 M\u00e1ria,<\/strong> Komensk\u00e9ho 655<\/li>\n<li><strong>\u0160tefan\u010d\u00edkov\u00e1 Anna, <\/strong>1. m\u00e1ja 74<\/li>\n<\/ol>\n<h4><span style=\"text-decoration: underline;\">6. ru\u017ea<\/span><\/h4>\n<ol>\n<li><strong>Kolibabov\u00e1 M\u00e1ria, <\/strong>Nov\u00e1 665<\/li>\n<li><strong>Voro\u0148\u00e1kov\u00e1<\/strong> M\u00e1ria, Za z\u00e1hradami 112<\/li>\n<li><strong>Vojsov\u00e1 Anna, <\/strong>F. Kr\u00e1\u013ea 568<\/li>\n<li><strong>Nistorov\u00e1 Jolana,<\/strong> Komensk\u00e9ho 643<\/li>\n<li><strong>\u0160imkov\u00e1 Anna, <\/strong>Nov\u00e1 131<\/li>\n<li><strong>Stachov\u00e1 Anast\u00e1zia, <\/strong>Koll\u00e1rova 609<\/li>\n<li><strong>Hubcejov\u00e1 Katar\u00edna, <\/strong>Mierov\u00e1 98<\/li>\n<li><strong>Mitrov\u00e1 Daniela, <\/strong>Vihorlatsk\u00e1 624<\/li>\n<li><strong>Drot\u00e1rov\u00e1 Miloslava, <\/strong>P. Horova 596<\/li>\n<li><strong>Markov\u00e1 Viera, <\/strong>Mierov\u00e1 629<\/li>\n<li><strong>Obla\u017en\u00e1 Kvetka, <\/strong>Oslobodite\u013eov 627<\/li>\n<li><strong>Sabado\u0161ov\u00e1 Daniela, <\/strong>Okru\u017en\u00e1 492\/62<\/li>\n<li><strong>Sabolov\u00e1 Berta, <\/strong>Vihorlatsk\u00e1 626<\/li>\n<li><strong>Cibulkov\u00e1 Alica, <\/strong>Pod hradom 401<\/li>\n<li><strong>Bartkov\u00e1 Margita, <\/strong>Str\u00e1\u017eske<\/li>\n<li><strong>Slep\u00e1kov\u00e1 Gabriela, <\/strong>Vihorlatsk\u00e1 624<\/li>\n<li><strong>\u013dubi\u0161\u010d\u00e1kov\u00e1 Marta, <\/strong>Nov\u00e1 125<\/li>\n<li><strong>\u010cab\u00e1kov\u00e1 M\u00e1ria, <\/strong>Okru\u017en\u00e1 499\/70<\/li>\n<li><strong>Ka\u0148uchov\u00e1 M\u00e1ria, <\/strong>1. m\u00e1ja 637<\/li>\n<li><strong>Miklo\u0161ov\u00e1 Helena, <\/strong>Komensk\u00e9ho 657<\/li>\n<\/ol>\n<h4><span style=\"text-decoration: underline;\">7. ru\u017ea<\/span><\/h4>\n<ol>\n<li><strong>Frenov\u00e1 \u013dudmila,<\/strong> Mierov\u00e1 630<\/li>\n<li><strong>Dvor\u0161\u010d\u00e1kov\u00e1 Margita, <\/strong>Vihorlatsk\u00e1 625<\/li>\n<li><strong>Sabov\u00e1 M\u00e1ria,<\/strong> Nov\u00e1 133<\/li>\n<li><strong>Berkov\u00e1 Anna, <\/strong>Nov\u00e1 128<\/li>\n<li><strong>Brejdov\u00e1 M\u00e1ria, <\/strong>Dru\u017estevn\u00e1 503<\/li>\n<li><strong>Bedn\u00e1rikov\u00e1 M\u00e1ria, <\/strong>\u0160t\u00farova 564<\/li>\n<li><strong>B\u00e1nov\u00e1 Irena,<\/strong> Vihorlatsk\u00e1 621<\/li>\n<li><strong>Grado\u0161ov\u00e1 Darina, <\/strong>Mierov\u00e1 229<\/li>\n<li><strong>Ucha\u013eov\u00e1 Anna,<\/strong> Ga\u0161tanov\u00e1 207<\/li>\n<li><strong>Kendziorov\u00e1 Al\u017ebeta, <\/strong>Oslobodite\u013eov 627<\/li>\n<li><strong>Luk\u010dov\u00e1 Marta, <\/strong>Pod hradom 418<\/li>\n<li><strong>Tk\u00e1\u010dov\u00e1 Ter\u00e9zia, <\/strong>Mierov\u00e1 630<\/li>\n<li><strong>Morozov\u00e1 Anna, <\/strong>1. m\u00e1ja 636<\/li>\n<li><strong>Behajlov\u00e1 Ot\u00edlia, <\/strong>Komensk\u00e9ho 647<\/li>\n<li><strong>Ki\u0161\u0161ov\u00e1 Anna, <\/strong>Vihorlatsk\u00e1 623<\/li>\n<li><strong>Uhrinov\u00e1 Anna, <\/strong>Mierov\u00e1 630<\/li>\n<li><strong>Tu\u0161ajov\u00e1 Anna, <\/strong>Laboreck\u00e1 312<\/li>\n<li><strong>Lalkovi\u010dov\u00e1 Anna, <\/strong>Mierov\u00e1 630<\/li>\n<li><strong>Cig\u013earikov\u00e1 M\u00e1ria, <\/strong>Pod hradom 430<\/li>\n<li><strong>Bere\u0161ov\u00e1 M\u00e1ria, <\/strong>Mierov\u00e1 630<\/li>\n<\/ol>\n<h4><span style=\"text-decoration: underline;\">8. \u00a0ru\u017ea<\/span><\/h4>\n<ol>\n<li><strong>Babjakov\u00e1 Sab\u00edna, <\/strong>Jahodn\u00e1 525<\/li>\n<li><strong>Kizlingov\u00e1 Bernard\u00edna, <\/strong>Kas\u00e1rensk\u00e1 235<\/li>\n<li><strong>Dankaninov\u00e1 Helena, <\/strong>Z\u00e1mo\u010dn\u00edcka<\/li>\n<li><strong>Pecov\u00e1 Vlasta, <\/strong>1. m\u00e1ja 45<\/li>\n<li><strong>Perh\u00e1\u010dov\u00e1 Juliana, <\/strong>Okru\u017en\u00e1 446<\/li>\n<li><strong>Ba\u010dov\u00e1 Galina, <\/strong>Oslobodite\u013eov 627<\/li>\n<li><strong>M\u00fcllerov\u00e1 Lucia, <\/strong>Vihorlatsk\u00e1 623<\/li>\n<li><strong>Sabado\u0161ov\u00e1 Marta, <\/strong>Vihorlatsk\u00e1 624<\/li>\n<li><strong>Adamov\u00e1 M\u00e1ria, <\/strong>Lipov\u00e1 201<\/li>\n<li><strong>Knapov\u00e1 Jolana, <\/strong>Okru\u017en\u00e1 457<\/li>\n<li><strong>Zolotov\u00e1 Anna, <\/strong>Dru\u017estevn\u00e1 503<\/li>\n<li><strong>Ban\u00edkov\u00e1 Irena, <\/strong>Nov\u00e1 129<\/li>\n<li><strong>Me\u0148ov\u010d\u00edkov\u00e1 Anna, <\/strong>Ga\u0161tanov\u00e1 222<\/li>\n<li><strong>Matisov\u00e1 Ot\u00edlia, <\/strong>Mierov\u00e1 240<\/li>\n<li><strong>\u010eura\u0161ov\u00e1 M\u00e1ria, <\/strong>Okru\u017en\u00e1 475<\/li>\n<li><strong>Ko\u010derhov\u00e1 M\u00e1ria, <\/strong>P. Horova 599\/11<\/li>\n<li><strong>Gad\u017eov\u00e1 Daniela, <\/strong>Koll\u00e1rova<\/li>\n<li><strong>Ma\u0165a\u0161ov\u00e1 M\u00e1ria, <\/strong>Pod hradom 396<\/li>\n<li><strong>Bi\u010d\u00edkov\u00e1 Apol\u00f3nia, <\/strong>Okru\u017en\u00e1 541<\/li>\n<li><strong>\u0160\u010dob\u00edkov\u00e1 Bernard\u00edna, <\/strong>Vihorlatsk\u00e1 624<\/li>\n<\/ol>\n<h4><strong>\u00a0<\/strong><span style=\"text-decoration: underline;\">9. ru\u017ea<\/span><\/h4>\n<ol>\n<li><strong>Mentov\u00e1 M\u00e1ria, <\/strong>Vihorlatsk\u00e1 625<\/li>\n<li><strong>Ko\u010derhov\u00e1 M\u00e1ria, <\/strong>Lipov\u00e1 204<\/li>\n<li><strong>Hud\u00e1kov\u00e1 Agnesa, <\/strong>F. Kr\u00e1\u013ea 582<\/li>\n<li><strong>Besterciov\u00e1 Vlasta, <\/strong>1. m\u00e1ja<\/li>\n<li><strong>Duncov\u00e1 \u013dudmila, <\/strong>Vihorlatsk\u00e1 625<\/li>\n<li><strong>Iv\u00e1kov\u00e1 \u013dudmila, <\/strong>Mierov\u00e1 87<\/li>\n<\/ol>\n<h4><span style=\"text-decoration: underline;\"><strong>\u00a0<\/strong>10. ru\u017ea<\/span><\/h4>\n<ol>\n<li><strong>Lipovsk\u00fd Ladislav, <\/strong>Jahodn\u00e1 540<\/li>\n<li><strong>Skoupil Sergej, <\/strong>Okru\u017en\u00e1 492\/62<\/li>\n<li><strong> Makara Milan, <\/strong>Obchodn\u00e1 440<\/li>\n<li><strong>Repovsk\u00fd Franti\u0161ek, <\/strong>Jahodn\u00e1 535<\/li>\n<li><strong>Hlav\u00e1\u010d Jozef, <\/strong>Mierov\u00e1 630<\/li>\n<li><strong>Andrejko Juraj, <\/strong>Vihorlatsk\u00e1 625<\/li>\n<li><strong> Dunaj Ladislav, <\/strong>Z\u00e1mo\u010dn\u00edcka 165<\/li>\n<li><strong>\u0160u\u013eak Martin, <\/strong>Vihorlatsk\u00e1 625<\/li>\n<li><strong> Dvor\u0161\u010d\u00e1k Jozef, <\/strong>Vihorlatsk\u00e1 625<\/li>\n<li><strong>Terp\u00e1k J\u00e1n, <\/strong>Komensk\u00e9ho 642<\/li>\n<li><strong> Klacik Pavol,\u00a0<\/strong>Jahodn\u00e1 537<\/li>\n<li><strong>Grige\u013e J\u00e1n<\/strong><\/li>\n<li><strong>Kadlic Jozef, <\/strong>Oslobodite\u013eov 627<\/li>\n<li><strong>Ka\u0148uch Eduard, <\/strong>1. m\u00e1ja 55<\/li>\n<li><strong>Kus\u00fd Juraj, <\/strong>Jahodn\u00e1 538\/12<\/li>\n<li><strong>Gad\u017eo Ondrej, <\/strong>Z\u00e1mo\u010dn\u00edka 213<\/li>\n<li><strong>\u0160imko Jaroslav, <\/strong>Nov\u00e1 131<\/li>\n<li><strong><strong>Sabado\u0161 Slavom\u00edr, <\/strong><\/strong>Okru\u017en\u00e1 492\/62<\/li>\n<\/ol>\n<p>&nbsp;<\/p>\n","protected":false},"excerpt":{"rendered":"<p>1. ru\u017ea Kr\u00eddlov\u00e1 M\u00e1ria, \u0160t\u00farova 544 Macejkov\u00e1 O\u013ega, Nov\u00e1 126 Lipovsk\u00e1 Anna, \u013d. \u0160t\u00fara 558 Ko\u010derhov\u00e1 Anna, F. Kr\u00e1\u013ea 570 Dubiakov\u00e1 M\u00e1ria, Mierov\u00e1\u00a0 628 Kise\u013eov\u00e1 Marta, Mierov\u00e1 630 Gerb\u00f3cov\u00e1 Alena, P. Horova 597 Lipovsk\u00e1 M\u00e1ria, 1. m\u00e1ja 638 Mace\u0148kov\u00e1 Jozef\u00edna, Dom d\u00f4chodcov Siv\u010dov\u00e1 Roz\u00e1lia, Komensk\u00e9ho 642 Roha\u013eov\u00e1 Helena, 1. m\u00e1ja 58 \u010cabakov\u00e1 Sab\u00edna, Mierov\u00e1 Sabov\u00e1 [&hellip;]<\/p>\n","protected":false},"author":1,"featured_media":0,"parent":3387,"menu_order":0,"comment_status":"closed","ping_status":"closed","template":"page-3col.php","meta":{"ngg_post_thumbnail":0,"footnotes":""},"class_list":["post-3393","page","type-page","status-publish","hentry"],"_links":{"self":[{"href":"https:\/\/www.farnost-strazske.sk\/index.php?rest_route=\/wp\/v2\/pages\/3393","targetHints":{"allow":["GET"]}}],"collection":[{"href":"https:\/\/www.farnost-strazske.sk\/index.php?rest_route=\/wp\/v2\/pages"}],"about":[{"href":"https:\/\/www.farnost-strazske.sk\/index.php?rest_route=\/wp\/v2\/types\/page"}],"author":[{"embeddable":true,"href":"https:\/\/www.farnost-strazske.sk\/index.php?rest_route=\/wp\/v2\/users\/1"}],"replies":[{"embeddable":true,"href":"https:\/\/www.farnost-strazske.sk\/index.php?rest_route=%2Fwp%2Fv2%2Fcomments&post=3393"}],"version-history":[{"count":16,"href":"https:\/\/www.farnost-strazske.sk\/index.php?rest_route=\/wp\/v2\/pages\/3393\/revisions"}],"predecessor-version":[{"id":10215,"href":"https:\/\/www.farnost-strazske.sk\/index.php?rest_route=\/wp\/v2\/pages\/3393\/revisions\/10215"}],"up":[{"embeddable":true,"href":"https:\/\/www.farnost-strazske.sk\/index.php?rest_route=\/wp\/v2\/pages\/3387"}],"wp:attachment":[{"href":"https:\/\/www.farnost-strazske.sk\/index.php?rest_route=%2Fwp%2Fv2%2Fmedia&parent=3393"}],"curies":[{"name":"wp","href":"https:\/\/api.w.org\/{rel}","templated":true}]}}