{"id":51,"date":"2009-05-01T17:59:05","date_gmt":"2009-05-01T15:59:05","guid":{"rendered":"http:\/\/www.farnost-strazske.sk\/?page_id=51"},"modified":"2010-01-31T13:13:34","modified_gmt":"2010-01-31T11:13:34","slug":"galerie","status":"publish","type":"page","link":"https:\/\/www.farnost-strazske.sk\/?page_id=51","title":{"rendered":"Gal\u00e9rie"},"content":{"rendered":"<p>V tejto sekcii n\u00e1jdete fotografie z diania vo farnosti pod\u013ea jednotliv\u00fdch rokov.<\/p>\n<p>Pr\u00edjemn\u00e9 prezeranie.<\/p>\n","protected":false},"excerpt":{"rendered":"<p>V tejto sekcii n\u00e1jdete fotografie z diania vo farnosti pod\u013ea jednotliv\u00fdch rokov. Pr\u00edjemn\u00e9 prezeranie.<\/p>\n","protected":false},"author":1,"featured_media":0,"parent":0,"menu_order":8,"comment_status":"closed","ping_status":"closed","template":"page-3col.php","meta":{"ngg_post_thumbnail":0,"footnotes":""},"class_list":["post-51","page","type-page","status-publish","hentry"],"_links":{"self":[{"href":"https:\/\/www.farnost-strazske.sk\/index.php?rest_route=\/wp\/v2\/pages\/51","targetHints":{"allow":["GET"]}}],"collection":[{"href":"https:\/\/www.farnost-strazske.sk\/index.php?rest_route=\/wp\/v2\/pages"}],"about":[{"href":"https:\/\/www.farnost-strazske.sk\/index.php?rest_route=\/wp\/v2\/types\/page"}],"author":[{"embeddable":true,"href":"https:\/\/www.farnost-strazske.sk\/index.php?rest_route=\/wp\/v2\/users\/1"}],"replies":[{"embeddable":true,"href":"https:\/\/www.farnost-strazske.sk\/index.php?rest_route=%2Fwp%2Fv2%2Fcomments&post=51"}],"version-history":[{"count":16,"href":"https:\/\/www.farnost-strazske.sk\/index.php?rest_route=\/wp\/v2\/pages\/51\/revisions"}],"predecessor-version":[{"id":128,"href":"https:\/\/www.farnost-strazske.sk\/index.php?rest_route=\/wp\/v2\/pages\/51\/revisions\/128"}],"wp:attachment":[{"href":"https:\/\/www.farnost-strazske.sk\/index.php?rest_route=%2Fwp%2Fv2%2Fmedia&parent=51"}],"curies":[{"name":"wp","href":"https:\/\/api.w.org\/{rel}","templated":true}]}}