{"id":57733,"date":"2023-04-06T23:26:51","date_gmt":"2023-04-06T21:26:51","guid":{"rendered":"https:\/\/www.farnost-strazske.sk\/?page_id=57733"},"modified":"2023-04-06T23:38:05","modified_gmt":"2023-04-06T21:38:05","slug":"projekt-adopcia-seminaristov","status":"publish","type":"page","link":"https:\/\/www.farnost-strazske.sk\/?page_id=57733","title":{"rendered":"Projekt &#8222;Adopcia seminaristov&#8220;"},"content":{"rendered":"<h5 style=\"text-align: center;\"><span style=\"text-decoration: underline;\">Ru\u017eencov\u00e9 bratstvo Str\u00e1\u017eske<\/span><\/h5>\n<p>&nbsp;<\/p>\n<p>V r\u00e1mci P\u00e1pe\u017esk\u00fdch misijn\u00fdch diel p\u00f4sobiacich na Slovensku sa na\u0161e RB zapojilo do projektu \u201eadopcia-podpora bohoslovca-bud\u00faceho k\u0148aza\u201c.<\/p>\n<p>Finan\u010dn\u00fdm pr\u00edspevkom 2.400 Eur, sme podporili \u0161t\u00fadium konkr\u00e9tneho bohoslovca, ktor\u00e9ho&nbsp; na z\u00e1klade ur\u010den\u00fdch pravidiel P\u00e1pe\u017esk\u00fdch misijn\u00fdch diel sme z\u00edskali do modlitbovej opatery.<\/p>\n<p>Pros\u00edme zahr\u0148te ho do svojich s\u00fakromn\u00fdch modlitieb a&nbsp;nezabudnite sa za neho modli\u0165 pri ka\u017edom ru\u017eenci, ktor\u00fd predklad\u00e1me Panne M\u00e1rii v&nbsp;na\u0161om kostole.&nbsp;<\/p>\n<p>Konkr\u00e9tne inform\u00e1cie tu: &nbsp;&nbsp;<a href=\"https:\/\/www.farnost-strazske.sk\/wp-content\/uploads\/2023\/04\/Ru\u017eencov\u00e9 bratstvo.pdf\" target=\"_blank\" rel=\"noopener\" data-wplink-url-error=\"true\"><strong>P\u00e1pe\u017esk\u00e9 misijn\u00e9 diela &#8211; Adopcia seminaristov &#8211; Fid\u00e9le KONGWA MATABISHI<\/strong><\/a><\/p>\n","protected":false},"excerpt":{"rendered":"<p>Ru\u017eencov\u00e9 bratstvo Str\u00e1\u017eske &nbsp; V r\u00e1mci P\u00e1pe\u017esk\u00fdch misijn\u00fdch diel p\u00f4sobiacich na Slovensku sa na\u0161e RB zapojilo do projektu \u201eadopcia-podpora bohoslovca-bud\u00faceho k\u0148aza\u201c. Finan\u010dn\u00fdm pr\u00edspevkom 2.400 Eur, sme podporili \u0161t\u00fadium konkr\u00e9tneho bohoslovca, ktor\u00e9ho&nbsp; na z\u00e1klade ur\u010den\u00fdch pravidiel P\u00e1pe\u017esk\u00fdch misijn\u00fdch diel sme z\u00edskali do modlitbovej opatery. Pros\u00edme zahr\u0148te ho do svojich s\u00fakromn\u00fdch modlitieb a&nbsp;nezabudnite sa za neho modli\u0165 [&hellip;]<\/p>\n","protected":false},"author":1,"featured_media":0,"parent":3387,"menu_order":0,"comment_status":"closed","ping_status":"closed","template":"","meta":{"ngg_post_thumbnail":0,"footnotes":""},"class_list":["post-57733","page","type-page","status-publish","hentry"],"_links":{"self":[{"href":"https:\/\/www.farnost-strazske.sk\/index.php?rest_route=\/wp\/v2\/pages\/57733","targetHints":{"allow":["GET"]}}],"collection":[{"href":"https:\/\/www.farnost-strazske.sk\/index.php?rest_route=\/wp\/v2\/pages"}],"about":[{"href":"https:\/\/www.farnost-strazske.sk\/index.php?rest_route=\/wp\/v2\/types\/page"}],"author":[{"embeddable":true,"href":"https:\/\/www.farnost-strazske.sk\/index.php?rest_route=\/wp\/v2\/users\/1"}],"replies":[{"embeddable":true,"href":"https:\/\/www.farnost-strazske.sk\/index.php?rest_route=%2Fwp%2Fv2%2Fcomments&post=57733"}],"version-history":[{"count":8,"href":"https:\/\/www.farnost-strazske.sk\/index.php?rest_route=\/wp\/v2\/pages\/57733\/revisions"}],"predecessor-version":[{"id":57745,"href":"https:\/\/www.farnost-strazske.sk\/index.php?rest_route=\/wp\/v2\/pages\/57733\/revisions\/57745"}],"up":[{"embeddable":true,"href":"https:\/\/www.farnost-strazske.sk\/index.php?rest_route=\/wp\/v2\/pages\/3387"}],"wp:attachment":[{"href":"https:\/\/www.farnost-strazske.sk\/index.php?rest_route=%2Fwp%2Fv2%2Fmedia&parent=57733"}],"curies":[{"name":"wp","href":"https:\/\/api.w.org\/{rel}","templated":true}]}}