{"id":58024,"date":"2023-12-26T23:26:17","date_gmt":"2023-12-26T22:26:17","guid":{"rendered":"https:\/\/www.farnost-strazske.sk\/?page_id=58024"},"modified":"2023-12-26T23:27:53","modified_gmt":"2023-12-26T22:27:53","slug":"galerie-2023","status":"publish","type":"page","link":"https:\/\/www.farnost-strazske.sk\/?page_id=58024","title":{"rendered":"Gal\u00e9rie rok 2023"},"content":{"rendered":"\n<p class=\"has-medium-font-size\"><a href=\"https:\/\/www.farnost-strazske.sk\/?p=58019\"><strong>Jasli\u010dkov\u00e1 pobo\u017enos\u0165 &#8211; Str\u00e1\u017eske 2023<\/strong><\/a><\/p>\n","protected":false},"excerpt":{"rendered":"<p>Jasli\u010dkov\u00e1 pobo\u017enos\u0165 &#8211; Str\u00e1\u017eske 2023<\/p>\n","protected":false},"author":1,"featured_media":0,"parent":51,"menu_order":0,"comment_status":"closed","ping_status":"closed","template":"","meta":{"ngg_post_thumbnail":0,"footnotes":""},"class_list":["post-58024","page","type-page","status-publish","hentry"],"_links":{"self":[{"href":"https:\/\/www.farnost-strazske.sk\/index.php?rest_route=\/wp\/v2\/pages\/58024","targetHints":{"allow":["GET"]}}],"collection":[{"href":"https:\/\/www.farnost-strazske.sk\/index.php?rest_route=\/wp\/v2\/pages"}],"about":[{"href":"https:\/\/www.farnost-strazske.sk\/index.php?rest_route=\/wp\/v2\/types\/page"}],"author":[{"embeddable":true,"href":"https:\/\/www.farnost-strazske.sk\/index.php?rest_route=\/wp\/v2\/users\/1"}],"replies":[{"embeddable":true,"href":"https:\/\/www.farnost-strazske.sk\/index.php?rest_route=%2Fwp%2Fv2%2Fcomments&post=58024"}],"version-history":[{"count":4,"href":"https:\/\/www.farnost-strazske.sk\/index.php?rest_route=\/wp\/v2\/pages\/58024\/revisions"}],"predecessor-version":[{"id":58029,"href":"https:\/\/www.farnost-strazske.sk\/index.php?rest_route=\/wp\/v2\/pages\/58024\/revisions\/58029"}],"up":[{"embeddable":true,"href":"https:\/\/www.farnost-strazske.sk\/index.php?rest_route=\/wp\/v2\/pages\/51"}],"wp:attachment":[{"href":"https:\/\/www.farnost-strazske.sk\/index.php?rest_route=%2Fwp%2Fv2%2Fmedia&parent=58024"}],"curies":[{"name":"wp","href":"https:\/\/api.w.org\/{rel}","templated":true}]}}