{"id":59291,"date":"2025-03-05T21:47:21","date_gmt":"2025-03-05T20:47:21","guid":{"rendered":"https:\/\/www.farnost-strazske.sk\/?page_id=59291"},"modified":"2026-01-06T13:42:50","modified_gmt":"2026-01-06T13:42:50","slug":"galerie-2025","status":"publish","type":"page","link":"https:\/\/www.farnost-strazske.sk\/?page_id=59291","title":{"rendered":"Gal\u00e9rie rok 2025"},"content":{"rendered":"\n<p><\/p>\n\n\n<h5><a href=\"https:\/\/www.farnost-strazske.sk\/?p=59295\">Karneval sv\u00e4t\u00fdch 2025<\/a><\/h5>\n<h5><a href=\"https:\/\/www.farnost-strazske.sk\/?p=59432\">Dramatizovan\u00e1 Kr\u00ed\u017eov\u00e1 cesta 2025 &#8211; P. \u010cemern\u00e9<\/a><\/h5>\n<h5><a href=\"https:\/\/www.farnost-strazske.sk\/?p=59659\">Prech\u00e1dzka ku Kr\u00ed\u017eu 2025<\/a><\/h5>\n<h5><a href=\"https:\/\/www.farnost-strazske.sk\/?p=59735\">Vedomostn\u00fd kv\u00edz 2025<\/a><\/h5>\n<h5><a href=\"https:\/\/www.farnost-strazske.sk\/?p=59874\">Z\u00e1bavn\u00e9 dopoludnie stretk\u00e1rov<\/a><\/h5>\n<h5><a href=\"https:\/\/www.farnost-strazske.sk\/?p=60460\">Cyklomaka\u010dka Poloniny 2025<\/a><\/h5>\n<h5><a href=\"https:\/\/www.farnost-strazske.sk\/?p=60580\">Cyklomaka\u010dka Morsk\u00e9 oko 2025<\/a><\/h5>\n<h5><a href=\"https:\/\/www.farnost-strazske.sk\/?p=62492\">Stretko o Modlitbe 2025<\/a><\/h5>\n<h5><a href=\"https:\/\/www.farnost-strazske.sk\/?p=62663\" data-wplink-edit=\"true\">Sv\u00e4t\u00ed z Adventu 2025<\/a><\/h5>\n<p>Jasli\u010dov\u00e1 pobo\u017enos\u0165 2025 &#8211; Str\u00e1\u017eske<\/p>\n\n\n<p><\/p>\n","protected":false},"excerpt":{"rendered":"<p>Karneval sv\u00e4t\u00fdch 2025 Dramatizovan\u00e1 Kr\u00ed\u017eov\u00e1 cesta 2025 &#8211; P. \u010cemern\u00e9 Prech\u00e1dzka ku Kr\u00ed\u017eu 2025 Vedomostn\u00fd kv\u00edz 2025 Z\u00e1bavn\u00e9 dopoludnie stretk\u00e1rov Cyklomaka\u010dka Poloniny 2025 Cyklomaka\u010dka Morsk\u00e9 oko 2025 Stretko o Modlitbe 2025 Sv\u00e4t\u00ed z Adventu 2025 Jasli\u010dov\u00e1 pobo\u017enos\u0165 2025 &#8211; Str\u00e1\u017eske<\/p>\n","protected":false},"author":1,"featured_media":0,"parent":51,"menu_order":0,"comment_status":"closed","ping_status":"closed","template":"","meta":{"ngg_post_thumbnail":0,"footnotes":""},"class_list":["post-59291","page","type-page","status-publish","hentry"],"_links":{"self":[{"href":"https:\/\/www.farnost-strazske.sk\/index.php?rest_route=\/wp\/v2\/pages\/59291","targetHints":{"allow":["GET"]}}],"collection":[{"href":"https:\/\/www.farnost-strazske.sk\/index.php?rest_route=\/wp\/v2\/pages"}],"about":[{"href":"https:\/\/www.farnost-strazske.sk\/index.php?rest_route=\/wp\/v2\/types\/page"}],"author":[{"embeddable":true,"href":"https:\/\/www.farnost-strazske.sk\/index.php?rest_route=\/wp\/v2\/users\/1"}],"replies":[{"embeddable":true,"href":"https:\/\/www.farnost-strazske.sk\/index.php?rest_route=%2Fwp%2Fv2%2Fcomments&post=59291"}],"version-history":[{"count":14,"href":"https:\/\/www.farnost-strazske.sk\/index.php?rest_route=\/wp\/v2\/pages\/59291\/revisions"}],"predecessor-version":[{"id":62833,"href":"https:\/\/www.farnost-strazske.sk\/index.php?rest_route=\/wp\/v2\/pages\/59291\/revisions\/62833"}],"up":[{"embeddable":true,"href":"https:\/\/www.farnost-strazske.sk\/index.php?rest_route=\/wp\/v2\/pages\/51"}],"wp:attachment":[{"href":"https:\/\/www.farnost-strazske.sk\/index.php?rest_route=%2Fwp%2Fv2%2Fmedia&parent=59291"}],"curies":[{"name":"wp","href":"https:\/\/api.w.org\/{rel}","templated":true}]}}