{"id":67,"date":"2009-05-02T07:11:58","date_gmt":"2009-05-02T05:11:58","guid":{"rendered":"http:\/\/www.farnost-strazske.sk\/?page_id=67"},"modified":"2016-03-31T22:00:48","modified_gmt":"2016-03-31T20:00:48","slug":"krst","status":"publish","type":"page","link":"https:\/\/www.farnost-strazske.sk\/?page_id=67","title":{"rendered":"Krst"},"content":{"rendered":"<p><strong><img loading=\"lazy\" decoding=\"async\" class=\"aligncenter size-full wp-image-154\" title=\"krst\" src=\"http:\/\/www.farnost-strazske.sk\/wp-content\/uploads\/2009\/05\/krst.jpg\" alt=\"krst\" width=\"228\" height=\"231\" \/><\/strong><\/p>\n<p><span style=\"color: #ffcc99;\">.<\/span><\/p>\n<h5 style=\"text-align: center;\"><strong>Je prv\u00e1 a najpotrebnej\u0161ia sviatos\u0165. <\/strong><\/h5>\n<p>Je pre n\u00e1s akoby vstupnou br\u00e1nou do rodiny Bo\u017e\u00edch det\u00ed, do \u017eivota v Duchu, ako aj br\u00e1nou, ktor\u00e1 otv\u00e1ra pr\u00edstup k ostatn\u00fdm sviatostiam. O\u010dis\u0165uje na\u0161u du\u0161u od dedi\u010dn\u00e9ho hriechu a posv\u00e4cuje ju. Krstom sa st\u00e1vame Bo\u017e\u00edmi de\u0165mi,, \u010dlenmi Cirkvi, kres\u0165anmi katol\u00edkmi a dedi\u010dmi Bo\u017eieho kr\u00e1\u013eovstva.<\/p>\n<p>Pokrsten\u00fd dost\u00e1va pr\u00e1vo plne sa z\u00fa\u010dast\u0148ova\u0165 na \u017eivote Cirkvi, pou\u017e\u00edva\u0165 sviatosti na posv\u00e4covanie svojej du\u0161e, pestova\u0165 v sebe \u017eivot milosti a duchovn\u00e9ho rastu a tak zabezpe\u010di\u0165 sp\u00e1su pre svoju du\u0161u.<\/p>\n<p><span style=\"color: #ffcc99;\">.<\/span><\/p>\n<h6><strong>Krst die\u0165a\u0165a<\/strong><\/h6>\n<p>Rodi\u010dia pr\u00eddu nahl\u00e1si\u0165 krst na farsk\u00fd \u00farad, kde nahl\u00e1sia osobn\u00e9 \u00fadaje a dohodn\u00fa term\u00edn krstu. Ak rodi\u010dia maj\u00fa bydlisko mimo na\u0161ej farnosti, musia prinies\u0165 od spr\u00e1vcu farnosti v mieste ich bydliska dovolenie (p\u00edsomn\u00fa licenciu).<\/p>\n<p>Rodi\u010dia a krstn\u00ed rodi\u010dia absolvuj\u00fa pre krstom <em><strong>krstn\u00fa n\u00e1uku<\/strong><\/em>, ktor\u00e1 sa kon\u00e1 pred krstom.<\/p>\n<p>&nbsp;<\/p>\n<p><span style=\"text-decoration: underline;\"><strong>Krsty sa vysluhuj\u00fa pod\u013ea potreby a na z\u00e1klade dohody.<br \/>\n<\/strong><em><br \/>\n<\/em><\/span><\/p>\n<p>Krstn\u00e1 sl\u00e1vnos\u0165 sa ve\u013emi odpor\u00fa\u010da pri nede\u013enej alebo sviato\u010dnej farskej sv. om\u0161i o <strong>9.30 vo farskom kostole<\/strong> v Str\u00e1\u017eskom, kde je krstite\u013enica.<\/p>\n<p><span style=\"color: #ffcc99;\">.<\/span><\/p>\n<h6><strong>Krst dospel\u00e9ho<\/strong><\/h6>\n<p>Ak m\u00e1te z\u00e1ujem o krst, prihl\u00e1ste sa na farskom \u00farade, kde V\u00e1m bud\u00fa ochotne poskytnut\u00e9 v\u0161etky inform\u00e1cie.<\/p>\n<p><span style=\"color: #ffcc99;\">.<\/span><\/p>\n<h6><strong>Po\u017eiadavky na krstn\u00e9ho rodi\u010da<\/strong><\/h6>\n<p>&#8211; dov\u0155\u0161en\u00fd 16-ty rok \u017eivota<br \/>\n&#8211; pobirmovan\u00fd praktizuj\u00faci kres\u0165an katol\u00edk \u2013 m\u00e1 by\u0165 pre die\u0165a vzorom vo viere<br \/>\n&#8211; slobodn\u00fd alebo cirkevne sob\u00e1\u0161en\u00fd<\/p>\n<p><span style=\"color: #ffcc99;\">.<\/span><\/p>\n<h6><strong>Odpor\u00fa\u010danie pre rodi\u010dov a krstn\u00fdch rodi\u010dov<\/strong><\/h6>\n<p>Na krst si prineste <em><strong>krstn\u00fa ko\u0161ie\u013eku a sviecu<\/strong><strong>.<\/strong><\/em><\/p>\n<p>Pred krstom odpor\u00fa\u010dame rodi\u010dom aj krstn\u00fdm rodi\u010dom prija\u0165<em><strong> sviatos\u0165 zmierenia.<\/strong><\/em><\/p>\n<p><em><strong>Ak rodi\u010dia die\u0165a\u0165a nie s\u00fa sviatostne sob\u00e1\u0161en\u00ed<\/strong><\/em>, vyjdeme im ochotne v \u00fastrety pri n\u00e1prave ich man\u017eelstva.<\/p>\n<p><span style=\"color: #ffcc99;\">.<\/span><\/p>\n<p><a title=\"Krst\" href=\"http:\/\/www.farnost-strazske.sk\/wp-content\/uploads\/2010\/08\/krst.pdf\" target=\"_blank\"><strong>V\u00fd\u0148atok z k\u00f3dexu kanonick\u00e9ho pr\u00e1va<\/strong><\/a> \u2013 I. Titul &#8222;Krst&#8220;<\/p>\n","protected":false},"excerpt":{"rendered":"<p>. Je prv\u00e1 a najpotrebnej\u0161ia sviatos\u0165. Je pre n\u00e1s akoby vstupnou br\u00e1nou do rodiny Bo\u017e\u00edch det\u00ed, do \u017eivota v Duchu, ako aj br\u00e1nou, ktor\u00e1 otv\u00e1ra pr\u00edstup k ostatn\u00fdm sviatostiam. O\u010dis\u0165uje na\u0161u du\u0161u od dedi\u010dn\u00e9ho hriechu a posv\u00e4cuje ju. Krstom sa st\u00e1vame Bo\u017e\u00edmi de\u0165mi,, \u010dlenmi Cirkvi, kres\u0165anmi katol\u00edkmi a dedi\u010dmi Bo\u017eieho kr\u00e1\u013eovstva. Pokrsten\u00fd dost\u00e1va pr\u00e1vo plne [&hellip;]<\/p>\n","protected":false},"author":1,"featured_media":0,"parent":7,"menu_order":0,"comment_status":"closed","ping_status":"closed","template":"","meta":{"ngg_post_thumbnail":0,"footnotes":""},"class_list":["post-67","page","type-page","status-publish","hentry"],"_links":{"self":[{"href":"https:\/\/www.farnost-strazske.sk\/index.php?rest_route=\/wp\/v2\/pages\/67","targetHints":{"allow":["GET"]}}],"collection":[{"href":"https:\/\/www.farnost-strazske.sk\/index.php?rest_route=\/wp\/v2\/pages"}],"about":[{"href":"https:\/\/www.farnost-strazske.sk\/index.php?rest_route=\/wp\/v2\/types\/page"}],"author":[{"embeddable":true,"href":"https:\/\/www.farnost-strazske.sk\/index.php?rest_route=\/wp\/v2\/users\/1"}],"replies":[{"embeddable":true,"href":"https:\/\/www.farnost-strazske.sk\/index.php?rest_route=%2Fwp%2Fv2%2Fcomments&post=67"}],"version-history":[{"count":23,"href":"https:\/\/www.farnost-strazske.sk\/index.php?rest_route=\/wp\/v2\/pages\/67\/revisions"}],"predecessor-version":[{"id":12568,"href":"https:\/\/www.farnost-strazske.sk\/index.php?rest_route=\/wp\/v2\/pages\/67\/revisions\/12568"}],"up":[{"embeddable":true,"href":"https:\/\/www.farnost-strazske.sk\/index.php?rest_route=\/wp\/v2\/pages\/7"}],"wp:attachment":[{"href":"https:\/\/www.farnost-strazske.sk\/index.php?rest_route=%2Fwp%2Fv2%2Fmedia&parent=67"}],"curies":[{"name":"wp","href":"https:\/\/api.w.org\/{rel}","templated":true}]}}