{"id":7,"date":"2009-05-01T12:54:09","date_gmt":"2009-05-01T10:54:09","guid":{"rendered":"http:\/\/www.farnost-strazske.sk\/?page_id=7"},"modified":"2010-01-31T13:46:27","modified_gmt":"2010-01-31T11:46:27","slug":"cirkev-na-slovensku","status":"publish","type":"page","link":"https:\/\/www.farnost-strazske.sk\/?page_id=7","title":{"rendered":"Sviatosti"},"content":{"rendered":"<p>Sviatosti s\u00fa vidite\u013en\u00e9 znaky nevidite\u013enej Bo\u017eej milosti ustanoven\u00e9 Kristom a\u00a0zveren\u00e9 Cirkvi, ktor\u00fdmi sa n\u00e1m ude\u013euje Bo\u017eia pomoc a\u00a0Bo\u017e\u00ed \u017eivot. Pramenia z\u00a0Ve\u013ekono\u010dn\u00e9ho tajomstva a\u00a0s\u00fa ovoc\u00edm Kristovej smrti a\u00a0zm\u0155tvychvstania.<\/p>\n<p>Spo\u010d\u00edvaj\u00fa v\u00a0nejakom  zmyslami  vn\u00edmate\u013enom  znaku,  ktor\u00fd vyjadruje ur\u010dit\u00fa Bohom ude\u013eovan\u00fa milos\u0165.<\/p>\n<p>\ufeff<\/p>\n","protected":false},"excerpt":{"rendered":"<p>Sviatosti s\u00fa vidite\u013en\u00e9 znaky nevidite\u013enej Bo\u017eej milosti ustanoven\u00e9 Kristom a\u00a0zveren\u00e9 Cirkvi, ktor\u00fdmi sa n\u00e1m ude\u013euje Bo\u017eia pomoc a\u00a0Bo\u017e\u00ed \u017eivot. Pramenia z\u00a0Ve\u013ekono\u010dn\u00e9ho tajomstva a\u00a0s\u00fa ovoc\u00edm Kristovej smrti a\u00a0zm\u0155tvychvstania. Spo\u010d\u00edvaj\u00fa v\u00a0nejakom zmyslami vn\u00edmate\u013enom znaku, ktor\u00fd vyjadruje ur\u010dit\u00fa Bohom ude\u013eovan\u00fa milos\u0165. \ufeff<\/p>\n","protected":false},"author":1,"featured_media":0,"parent":0,"menu_order":6,"comment_status":"closed","ping_status":"closed","template":"page-3col.php","meta":{"ngg_post_thumbnail":0,"footnotes":""},"class_list":["post-7","page","type-page","status-publish","hentry"],"_links":{"self":[{"href":"https:\/\/www.farnost-strazske.sk\/index.php?rest_route=\/wp\/v2\/pages\/7","targetHints":{"allow":["GET"]}}],"collection":[{"href":"https:\/\/www.farnost-strazske.sk\/index.php?rest_route=\/wp\/v2\/pages"}],"about":[{"href":"https:\/\/www.farnost-strazske.sk\/index.php?rest_route=\/wp\/v2\/types\/page"}],"author":[{"embeddable":true,"href":"https:\/\/www.farnost-strazske.sk\/index.php?rest_route=\/wp\/v2\/users\/1"}],"replies":[{"embeddable":true,"href":"https:\/\/www.farnost-strazske.sk\/index.php?rest_route=%2Fwp%2Fv2%2Fcomments&post=7"}],"version-history":[{"count":9,"href":"https:\/\/www.farnost-strazske.sk\/index.php?rest_route=\/wp\/v2\/pages\/7\/revisions"}],"predecessor-version":[{"id":60,"href":"https:\/\/www.farnost-strazske.sk\/index.php?rest_route=\/wp\/v2\/pages\/7\/revisions\/60"}],"wp:attachment":[{"href":"https:\/\/www.farnost-strazske.sk\/index.php?rest_route=%2Fwp%2Fv2%2Fmedia&parent=7"}],"curies":[{"name":"wp","href":"https:\/\/api.w.org\/{rel}","templated":true}]}}