{"id":72,"date":"2009-05-02T07:13:12","date_gmt":"2009-05-02T05:13:12","guid":{"rendered":"http:\/\/www.farnost-strazske.sk\/?page_id=72"},"modified":"2010-08-13T23:59:03","modified_gmt":"2010-08-13T21:59:03","slug":"sviatost-zmierenia","status":"publish","type":"page","link":"https:\/\/www.farnost-strazske.sk\/?page_id=72","title":{"rendered":"Sviatos\u0165 zmierenia"},"content":{"rendered":"<p><img loading=\"lazy\" decoding=\"async\" class=\"aligncenter size-full wp-image-157\" title=\"svzmier1\" src=\"http:\/\/www.farnost-strazske.sk\/wp-content\/uploads\/2009\/05\/svzmier1.jpg\" alt=\"svzmier1\" width=\"230\" height=\"300\" \/><\/p>\n<h5 style=\"text-align: center;\">\u201eCel\u00e1 \u00fa\u010dinnos\u0165 pok\u00e1nia je v tom, \u017ee n\u00e1m navracia Bo\u017eiu milos\u0165 a sp\u00e1ja  n\u00e1s s Bohom v dokonalom priate\u013estve.\u201c<\/h5>\n<p style=\"text-align: left;\">Cie\u013eom a \u00fa\u010dinkom tejto sviatosti  je teda zmierenie s Bohom. U t\u00fdch, \u010do prij\u00edmaj\u00fa sviatos\u0165 pok\u00e1nia so  skr\u00fa\u0161en\u00fdm srdcom a s n\u00e1bo\u017enos\u0165ou, \u201ezvy\u010dajne zavl\u00e1dne pokoj a spokojnos\u0165  svedomia spolu so silnou duchovnou \u00fatechou\u201c. \u00ad Sviatos\u0165 zmierenia s  Bohom sp\u00f4sobuje toti\u017e prav\u00e9 \u201educhovn\u00e9 vzkriesenie\u201c, prinavracia  d\u00f4stojnos\u0165 a dobr\u00e1 \u017eivota Bo\u017e\u00edch det\u00ed, z ktor\u00fdch najvz\u00e1cnej\u0161\u00edm je  priate\u013estvo s Bohom.<\/p>\n<p>Kristus ustanovil sviatos\u0165 pok\u00e1nia pre v\u0161etk\u00fdch hrie\u0161nych \u010dlenov svojej Cirkvi, predov\u0161etk\u00fdm pre t\u00fdch, ktor\u00ed po krste upadli do \u0165a\u017ek\u00e9ho hriechu, a tak stratili krstn\u00fa milos\u0165 a ranili eklezi\u00e1lne spolo\u010denstvo. Sviatos\u0165 pok\u00e1nia im pon\u00faka nov\u00fa mo\u017enos\u0165 obr\u00e1ti\u0165 sa a znovu z\u00edska\u0165 milos\u0165 ospravodlivenia.<\/p>\n<p>Sviatos\u0165 pok\u00e1nia, ako v\u0161etky sviatosti, je liturgick\u00fdm sl\u00e1ven\u00edm.<\/p>\n<p><strong><span style=\"text-decoration: underline;\">Riadnymi zlo\u017ekami sl\u00e1venia s\u00fa:<\/span><\/strong><\/p>\n<ul>\n<li>k\u0148azov pozdrav a k\u0148azovo po\u017eehnanie;<\/li>\n<li>\u010d\u00edtanie Bo\u017eieho slova na osvietenie svedomia a na vzbudenie \u013e\u00fatosti;<\/li>\n<li>povzbudenie k \u013e\u00fatosti;<\/li>\n<li>spove\u010f, ktorou sa uzn\u00e1vaj\u00fa hriechy a vyzn\u00e1vaj\u00fa sa k\u0148azovi;<\/li>\n<li>ulo\u017eenie a prijatie pok\u00e1nia;<\/li>\n<li>k\u0148azovo rozhre\u0161enie;<\/li>\n<li>modlitba po\u010fakovania a prepustenie s k\u0148azov\u00fdm po\u017eehnan\u00edm.<\/li>\n<\/ul>\n<p>Vyznanie hriechov k\u0148azovi tvor\u00ed podstatn\u00fa \u010das\u0165 sviatosti pok\u00e1nia. Treba, aby kaj\u00facnici pri spovedi vyznali v\u0161etky smrte\u013en\u00e9 hriechy, ktor\u00fdch s\u00fa si vedom\u00ed po d\u00f4kladnom spytovan\u00ed svedomia, aj keby boli ve\u013emi skryt\u00e9.<\/p>\n<p>Proces n\u00e1vratu k Bohu, nazvan\u00fd obr\u00e1tenie a \u013e\u00fatos\u0165, zah\u0155\u0148a v sebe boles\u0165 nad sp\u00e1chan\u00fdmi hriechmi a odpor vo\u010di nim, ako aj pevn\u00e9 predsavzatie v bud\u00facnosti viac nehre\u0161i\u0165. Obr\u00e1tenie sa teda t\u00fdka minulosti i bud\u00facnosti; \u017eiv\u00ed sa n\u00e1dejou na Bo\u017eie milosrdenstvo.<\/p>\n<p>Kto chce dosiahnu\u0165 zmierenie s Bohom a s Cirkvou, mus\u00ed vyzna\u0165 k\u0148azovi v\u0161etky \u0165a\u017ek\u00e9 hriechy, z ktor\u00fdch sa e\u0161te nespovedal a na ktor\u00e9 sa rozpam\u00e4t\u00e1 po starostlivom spytovan\u00ed svedomia. Cirkev ve\u013emi odpor\u00fa\u010da spoveda\u0165 sa zo v\u0161edn\u00fdch hriechov, hoci to samo osebe nie je nevyhnutn\u00e9.<\/p>\n<p>Iba t\u00ed k\u0148azi, ktor\u00ed od cirkevnej autority dostali pr\u00e1vomoc rozhre\u0161ova\u0165, m\u00f4\u017eu v Kristovom mene odp\u00fa\u0161\u0165a\u0165 hriechy.<\/p>\n<p><span style=\"color: #ffcc99;\">.<\/span><\/p>\n<p><strong><span style=\"text-decoration: underline;\">Duchovn\u00e9 \u00fa\u010dinky sviatosti pok\u00e1nia s\u00fa:<\/span><\/strong><\/p>\n<ul>\n<li>zmierenie s Bohom, ktor\u00fdm kaj\u00facnik znovu      z\u00edskava milos\u0165;<\/li>\n<li>zmierenie s      Cirkvou;<\/li>\n<li>odpustenie      ve\u010dn\u00e9ho trestu, ktor\u00fd si \u010dlovek zasl\u00fa\u017eil za smrte\u013en\u00e9 hriechy;<\/li>\n<li>odpustenie,      aspo\u0148 \u010diasto\u010dn\u00e9, \u010dasn\u00fdch trestov, ktor\u00e9 s\u00fa n\u00e1sledkami hriechov;<\/li>\n<li>pokoj a spokojnos\u0165 svedomia a duchovn\u00e1      \u00fatecha;<\/li>\n<li>vzrast duchovn\u00fdch s\u00edl pre kres\u0165ansk\u00fd boj.<\/li>\n<\/ul>\n<p><span style=\"color: #ffcc99;\">.<\/span><\/p>\n<p><strong> <\/strong><\/p>\n<p><strong> <\/strong><\/p>\n<p><strong> <\/strong><\/p>\n<p><strong> <\/strong><\/p>\n<h6><strong><span style=\"text-decoration: underline;\">\u010casy spovedania<\/span><\/strong><\/h6>\n<p><strong> <\/strong><\/p>\n<p><strong>V be\u017enom t\u00fd\u017edni:<\/strong><\/p>\n<p>\u010casy spovedania b\u00fdvaj\u00fa uveden\u00e9 vo <a href=\"http:\/\/www.farnost-strazske.sk\/?cat=4\">farsk\u00fdch oznamoch<\/a>.<\/p>\n<p><span style=\"color: #ffcc99;\">.<\/span><\/p>\n<p><strong>V prvopiatkovom t\u00fd\u017edni:<\/strong><\/p>\n<ul>\n<li>cez t\u00fd\u017ede\u0148 \u2013 spravidla pol hodiny pred sv.      om\u0161ami,<\/li>\n<li>vo <strong>\u0161tvrtok <\/strong>od 15.30 hod.      do sv. om\u0161e<br \/>\n<span style=\"color: #ffcc99;\">.<\/span><\/li>\n<\/ul>\n<p><strong>Spovedanie chor\u00fdch a star\u00fdch:<\/strong><\/p>\n<ul>\n<li>Ka\u017ed\u00fd prv\u00fd piatok v mesiaci. Chor\u00fdch a star\u00fdch, ktor\u00ed by chceli prija\u0165 sviatos\u0165 zmierenia pros\u00edm nahl\u00e1ste v sakristii.<br \/>\n<span style=\"color: #ffcc99;\">.<\/span><\/li>\n<\/ul>\n<p><strong>Spovedanie na fili\u00e1lkach:<\/strong><\/p>\n<ul>\n<li><a href=\"http:\/\/www.farnost-strazske.sk\/?cat=4\">Pod\u013ea farsk\u00fdch oznamov<\/a><\/li>\n<\/ul>\n<address> <\/address>\n","protected":false},"excerpt":{"rendered":"<p>\u201eCel\u00e1 \u00fa\u010dinnos\u0165 pok\u00e1nia je v tom, \u017ee n\u00e1m navracia Bo\u017eiu milos\u0165 a sp\u00e1ja n\u00e1s s Bohom v dokonalom priate\u013estve.\u201c Cie\u013eom a \u00fa\u010dinkom tejto sviatosti je teda zmierenie s Bohom. U t\u00fdch, \u010do prij\u00edmaj\u00fa sviatos\u0165 pok\u00e1nia so skr\u00fa\u0161en\u00fdm srdcom a s n\u00e1bo\u017enos\u0165ou, \u201ezvy\u010dajne zavl\u00e1dne pokoj a spokojnos\u0165 svedomia spolu so silnou duchovnou \u00fatechou\u201c. \u00ad Sviatos\u0165 zmierenia [&hellip;]<\/p>\n","protected":false},"author":1,"featured_media":0,"parent":7,"menu_order":1,"comment_status":"closed","ping_status":"closed","template":"","meta":{"ngg_post_thumbnail":0,"footnotes":""},"class_list":["post-72","page","type-page","status-publish","hentry"],"_links":{"self":[{"href":"https:\/\/www.farnost-strazske.sk\/index.php?rest_route=\/wp\/v2\/pages\/72","targetHints":{"allow":["GET"]}}],"collection":[{"href":"https:\/\/www.farnost-strazske.sk\/index.php?rest_route=\/wp\/v2\/pages"}],"about":[{"href":"https:\/\/www.farnost-strazske.sk\/index.php?rest_route=\/wp\/v2\/types\/page"}],"author":[{"embeddable":true,"href":"https:\/\/www.farnost-strazske.sk\/index.php?rest_route=\/wp\/v2\/users\/1"}],"replies":[{"embeddable":true,"href":"https:\/\/www.farnost-strazske.sk\/index.php?rest_route=%2Fwp%2Fv2%2Fcomments&post=72"}],"version-history":[{"count":9,"href":"https:\/\/www.farnost-strazske.sk\/index.php?rest_route=\/wp\/v2\/pages\/72\/revisions"}],"predecessor-version":[{"id":158,"href":"https:\/\/www.farnost-strazske.sk\/index.php?rest_route=\/wp\/v2\/pages\/72\/revisions\/158"}],"up":[{"embeddable":true,"href":"https:\/\/www.farnost-strazske.sk\/index.php?rest_route=\/wp\/v2\/pages\/7"}],"wp:attachment":[{"href":"https:\/\/www.farnost-strazske.sk\/index.php?rest_route=%2Fwp%2Fv2%2Fmedia&parent=72"}],"curies":[{"name":"wp","href":"https:\/\/api.w.org\/{rel}","templated":true}]}}