{"id":74,"date":"2009-05-02T07:13:29","date_gmt":"2009-05-02T05:13:29","guid":{"rendered":"http:\/\/www.farnost-strazske.sk\/?page_id=74"},"modified":"2010-08-13T23:59:54","modified_gmt":"2010-08-13T21:59:54","slug":"eucharistia","status":"publish","type":"page","link":"https:\/\/www.farnost-strazske.sk\/?page_id=74","title":{"rendered":"Eucharistia"},"content":{"rendered":"<p><img loading=\"lazy\" decoding=\"async\" class=\"aligncenter size-full wp-image-172\" title=\"eucharistia2\" src=\"http:\/\/www.farnost-strazske.sk\/wp-content\/uploads\/2009\/05\/eucharistia2.jpg\" alt=\"eucharistia2\" width=\"250\" height=\"262\" \/><\/p>\n<h5 style=\"text-align: center;\">Olt\u00e1rnu sviatos\u0165 ustanovil P\u00e1n Je\u017ei\u0161 ako pokrm a n\u00e1poj pre na\u0161e du\u0161e.\u00a0 \u0147ou n\u00e1s \u017eiv\u00ed a nasycuje.<\/h5>\n<p>Jej hlavn\u00fdm poslan\u00edm je udr\u017eova\u0165 a rozv\u00edja\u0165 Bo\u017e\u00ed \u017eivot, ktor\u00fd sme dostali pri krste.<\/p>\n<p>Je\u017ei\u0161 sa na n\u00e1s obracia s naliehavou v\u00fdzvou, aby sme ho prij\u00edmali vo sviatosti Eucharistie: <em>\u201eVeru, veru, hovor\u00edm v\u00e1m: ak nebudete jes\u0165 telo Syna \u010dloveka a pi\u0165 jeho krv, nebudete ma\u0165 v sebe \u017eivot.\u201c<\/em> (Jn 6,53)<\/p>\n<p>Ak chcete prija\u0165 Je\u017ei\u0161a Krista v Eucharistii, mus\u00edte by\u0165 v stave milosti. Ak si je niekto vedom\u00fd, \u017ee sp\u00e1chal \u0165a\u017ek\u00fd hriech, mus\u00ed sk\u00f4r ako prist\u00fapi k prij\u00edmaniu, prija\u0165 sviatos\u0165 zmierenia.<\/p>\n<p>Sv\u00e4t\u00e9 prij\u00edmanie je po\u017e\u00edvanie Tela a Krvi P\u00e1na Je\u017ei\u0161a. Kon\u00e1 sa spravidla pri sv\u00e4tej om\u0161i, ale m\u00f4\u017ee sa sl\u00e1vi\u0165 aj mimo nej pre t\u00fdch, \u010do nemohli by\u0165 na nej pr\u00edtomn\u00ed.<\/p>\n<p><span style=\"color: #ffcc99;\">.<\/span><\/p>\n<p><strong>Sv\u00e4t\u00e9 prij\u00edmanie n\u00e1m hlavne rozmno\u017euje Bo\u017e\u00ed \u017eivot a d\u00e1va tieto dobrodenia.<\/strong><\/p>\n<p><span style=\"color: #ffcc99;\"> <\/span><\/p>\n<p><span style=\"text-decoration: underline;\">Z nich najv\u00e4\u010d\u0161ie s\u00fa tieto:<\/span><\/p>\n<ul>\n<li>zjednocuje n\u00e1s s Kristom a veriacimi;<\/li>\n<li>zni\u017euje n\u00e1klonnos\u0165 k zl\u00e9mu;<\/li>\n<li>odp\u00fa\u0161\u0165a v\u0161edn\u00e9 hriechy;<\/li>\n<li>je semenom vzkriesenia k sl\u00e1ve;<\/li>\n<li>d\u00e1va duchovn\u00fa \u00fatechu a rados\u0165;<\/li>\n<li>posil\u0148uje n\u00e1s v l\u00e1ske k bl\u00ed\u017enym.<\/li>\n<\/ul>\n<p>Na sv\u00e4t\u00e9 prij\u00edmanie m\u00f4\u017ee \u00eds\u0165 ten, kto m\u00e1 \u010dist\u00e9 srdce \u2013 bez \u0165a\u017e\u00adk\u00e9ho hriechu, zachoval eucharistick\u00fd p\u00f4st (aspo\u0148 1 hodinu ni\u010d nejes\u0165 ani nepi\u0165 okrem vody, lieky neru\u0161ia p\u00f4st) a m\u00e1 dobr\u00fd \u00famysel \u2013 pristupuje s vierou a z l\u00e1sky.<\/p>\n<p>Na sv\u00e4t\u00e9 prij\u00edmanie m\u00e1me \u00eds\u0165 \u010d\u00edm \u010dastej\u0161ie, aspo\u0148 ka\u017ed\u00fa ne\u00adde\u013eu. Spravidla prij\u00edmame iba jedenkr\u00e1t za de\u0148. Dva razy v ten ist\u00fd de\u0148 m\u00f4\u017eeme prij\u00edma\u0165, ke\u010f sme druh\u00fd raz na celej sv\u00e4tej om\u0161i.<\/p>\n<p>Druh\u00e9 sv\u00e4t\u00e9 prij\u00edmanie v ten ist\u00fd de\u0148 nie je pre v\u00e4\u010d\u0161iu n\u00e1bo\u017enos\u0165, ale pre utv\u00e1ranie jednoty so spolo\u010denstvom veriacich.<\/p>\n<p>Eucharistiu prij\u00edmame spravidla pod sp\u00f4sobom chleba. Nie\u00adkedy veriaci prij\u00edmaj\u00fa pod obidvoma sp\u00f4sobmi (Telo i Krv) pri sl\u00e1vnostnej\u0161\u00edch pr\u00edle\u017eitostiach (v\u00fdro\u010die man\u017eelstva ap.) pre zv\u00fdraz\u00adnenie \u00faplnosti obetnej hostiny. Ale aj prij\u00edman\u00edm jedn\u00e9ho sp\u00f4sobu prij\u00edmame cel\u00e9ho Krista.<\/p>\n<p><strong><span style=\"text-decoration: underline;\">Sv\u00e4t\u00e9 prij\u00edmanie m\u00e1 tri f\u00e1zy:<\/span><\/strong><\/p>\n<ul>\n<li>pr\u00edprava,<\/li>\n<li>vlastn\u00e9 prij\u00edmanie<\/li>\n<li>spolu\u017eitie s Kristom po prij\u00edman\u00ed<\/li>\n<\/ul>\n<p><em>Kto chce prija\u0165 Je\u017ei\u0161a Krista v eucharistickom prij\u00edman\u00ed, mus\u00ed by\u0165 v stave milosti. Ak si je niekto vedom\u00fd, \u017ee sp\u00e1chal smrte\u013en\u00fd hriech, nesmie prija\u0165 Eucharistiu, ak prv nedostal rozhre\u0161enie vo sviatosti pok\u00e1nia. V\u0161edn\u00e9 hriechy treba o\u013eutova\u0165 na za\u010diatku ka\u017ed\u00e9ho eucharistick\u00e9ho sl\u00e1venia. Sv\u00e4t\u00e9 prij\u00edmanie Kristovho tela a jeho krvi prehlbuje zjednotenie prij\u00edmaj\u00faceho s P\u00e1nom, odp\u00fa\u0161\u0165a mu v\u0161edn\u00e9 hriechy a chr\u00e1ni ho pred smrte\u013en\u00fdmi hriechmi.<\/em><\/p>\n<p><em>Cirkev vrelo odpor\u00fa\u010da veriacim, aby prist\u00fapili k sv\u00e4t\u00e9mu prij\u00edmaniu, ke\u010f sa z\u00fa\u010dastnia na sl\u00e1ven\u00ed Eucharistie (sv\u00e4tej om\u0161i); uklad\u00e1 im povinnos\u0165 urobi\u0165 tak aspo\u0148 raz do roka vo ve\u013ekono\u010dnom obdob\u00ed. (Porov. KKC 1415-1419)<\/em><\/p>\n<p><em><span style=\"color: #ffcc99;\">.<\/span><br \/>\n<\/em><\/p>\n<h6><strong>Prv\u00e9 sv\u00e4t\u00e9 prij\u00edmanie det\u00ed<\/strong><\/h6>\n<p>V na\u0161ej farnosti prv\u00fd raz prij\u00edmaj\u00fa Eucharistiu deti 3. ro\u010dn\u00edka z\u00e1kladnej \u0161koly, ktor\u00e9 nav\u0161tevuj\u00fa n\u00e1bo\u017eensk\u00fa v\u00fdchovu od 1. ro\u010dn\u00edka. Sl\u00e1vnos\u0165 sa zvy\u010dajne kon\u00e1 v m\u00e1ji. <strong>Z\u00e1pis<\/strong> sa kon\u00e1 na za\u010diatku \u0161kolsk\u00e9ho roka.<\/p>\n<p><span style=\"color: #ffcc99;\">.<\/span><\/p>\n<h6><strong>Prv\u00e9 sv\u00e4t\u00e9 prij\u00edmanie dospel\u00fdch<\/strong><\/h6>\n<p>Ak ste dospel\u00fd (pokrsten\u00fd) a t\u00fa\u017eite prija\u0165 Eucharistiu po prv\u00fd raz, prihl\u00e1ste sa na farskom \u00farade.<\/p>\n<p><span style=\"color: #ffcc99;\">.<\/span><\/p>\n<h6><strong>Sv\u00e4t\u00e9 prij\u00edmanie v nemocnici <\/strong><\/h6>\n<p>Chor\u00fdch, ktor\u00ed maj\u00fa z\u00e1ujem o prij\u00edmanie Eucharistie v nemocnici, nahl\u00e1ste osobne alebo telefonicky na <a href=\"http:\/\/www.farnost-strazske.sk\/?page_id=26\"><span style=\"text-decoration: underline;\">farskom \u00farade.<\/span><\/a><\/p>\n","protected":false},"excerpt":{"rendered":"<p>Olt\u00e1rnu sviatos\u0165 ustanovil P\u00e1n Je\u017ei\u0161 ako pokrm a n\u00e1poj pre na\u0161e du\u0161e.\u00a0 \u0147ou n\u00e1s \u017eiv\u00ed a nasycuje. Jej hlavn\u00fdm poslan\u00edm je udr\u017eova\u0165 a rozv\u00edja\u0165 Bo\u017e\u00ed \u017eivot, ktor\u00fd sme dostali pri krste. Je\u017ei\u0161 sa na n\u00e1s obracia s naliehavou v\u00fdzvou, aby sme ho prij\u00edmali vo sviatosti Eucharistie: \u201eVeru, veru, hovor\u00edm v\u00e1m: ak nebudete jes\u0165 telo Syna [&hellip;]<\/p>\n","protected":false},"author":1,"featured_media":0,"parent":7,"menu_order":2,"comment_status":"closed","ping_status":"closed","template":"","meta":{"ngg_post_thumbnail":0,"footnotes":""},"class_list":["post-74","page","type-page","status-publish","hentry"],"_links":{"self":[{"href":"https:\/\/www.farnost-strazske.sk\/index.php?rest_route=\/wp\/v2\/pages\/74","targetHints":{"allow":["GET"]}}],"collection":[{"href":"https:\/\/www.farnost-strazske.sk\/index.php?rest_route=\/wp\/v2\/pages"}],"about":[{"href":"https:\/\/www.farnost-strazske.sk\/index.php?rest_route=\/wp\/v2\/types\/page"}],"author":[{"embeddable":true,"href":"https:\/\/www.farnost-strazske.sk\/index.php?rest_route=\/wp\/v2\/users\/1"}],"replies":[{"embeddable":true,"href":"https:\/\/www.farnost-strazske.sk\/index.php?rest_route=%2Fwp%2Fv2%2Fcomments&post=74"}],"version-history":[{"count":7,"href":"https:\/\/www.farnost-strazske.sk\/index.php?rest_route=\/wp\/v2\/pages\/74\/revisions"}],"predecessor-version":[{"id":162,"href":"https:\/\/www.farnost-strazske.sk\/index.php?rest_route=\/wp\/v2\/pages\/74\/revisions\/162"}],"up":[{"embeddable":true,"href":"https:\/\/www.farnost-strazske.sk\/index.php?rest_route=\/wp\/v2\/pages\/7"}],"wp:attachment":[{"href":"https:\/\/www.farnost-strazske.sk\/index.php?rest_route=%2Fwp%2Fv2%2Fmedia&parent=74"}],"curies":[{"name":"wp","href":"https:\/\/api.w.org\/{rel}","templated":true}]}}