{"id":80,"date":"2009-05-02T07:15:53","date_gmt":"2009-05-02T05:15:53","guid":{"rendered":"http:\/\/www.farnost-strazske.sk\/?page_id=80"},"modified":"2010-08-14T00:01:59","modified_gmt":"2010-08-13T22:01:59","slug":"posvatny-rad","status":"publish","type":"page","link":"https:\/\/www.farnost-strazske.sk\/?page_id=80","title":{"rendered":"Sviatos\u0165 k\u0148azstva"},"content":{"rendered":"<h5 style=\"text-align: center;\"><a href=\"http:\/\/www.farnost-strazske.sk\/wp-content\/uploads\/2010\/08\/knazstvo1.jpg\"><br \/>\n<\/a><\/h5>\n<h5 style=\"text-align: center;\"><a href=\"http:\/\/www.farnost-strazske.sk\/wp-content\/uploads\/2010\/08\/knazstvo1.jpg\"><img loading=\"lazy\" decoding=\"async\" class=\"aligncenter size-full wp-image-2895\" title=\"knazstvo1\" src=\"http:\/\/www.farnost-strazske.sk\/wp-content\/uploads\/2010\/08\/knazstvo1.jpg\" alt=\"\" width=\"290\" height=\"206\" \/><\/a>K\u0148azstvo je sviatos\u0165, ktorou Je\u017ei\u0161 ude\u013euje svoju k\u0148azsk\u00fa moc a d\u00e1va potrebn\u00fa milos\u0165 k tomuto \u00faradu.<\/h5>\n<p>Je\u017ei\u0161 Kristus je prav\u00fd a ve\u010dn\u00fd k\u0148az. Vykon\u00e1va k\u0148azsk\u00fd \u00farad a poslanie. Je prostredn\u00edkom medzi Bohom a \u013eu\u010fmi. Aby mohol nepretr\u017eite pokra\u010dova\u0165 v svojej k\u0148azskej slu\u017ebe aj po odchode do neba, ustanovil sviatos\u0165 k\u0148azstva. \u0147ou prepo\u017ei\u010diava svoju k\u0148azsk\u00fa moc k\u0148azom. Pomocou nich ako \u017eiv\u00fdch n\u00e1strojov je pr\u00edtomn\u00fd v Cirkvi a st\u00e1le pokra\u010duje v k\u0148azskom poslan\u00ed.<\/p>\n<p>K\u0148azstvo je prostredn\u00edcka slu\u017eba medzi Bohom a \u013eu\u010fmi. Je to slu\u017eba na pou\u010dovanie a po\u00adsv\u00e4covanie \u013eud\u00ed v Cirkvi.<\/p>\n<p>K\u0148azom sa m\u00f4\u017ee sta\u0165 iba mu\u017e, ktor\u00e9ho Boh povol\u00e1va k tejto posv\u00e4tnej slu\u017ebe. Pr\u00edprava na k\u0148azstvo sa uskuto\u010d\u0148uje \u0161t\u00fadiom posv\u00e4tnej teol\u00f3gie a v\u00fdchovou v k\u0148azskom semin\u00e1ri. Je spolo\u010d\u00adnou staros\u0165ou celej Cirkvi. Za k\u0148azsk\u00e9 povolania sa pravidelne modl\u00edme a napom\u00e1hame ich rozvoj.<\/p>\n<h6><strong>Udelenie sviatosti<\/strong><\/h6>\n<p>Sviatos\u0165 k\u0148azstva ude\u013euje biskup vkladan\u00edm r\u00fak a modlitbou pri k\u0148azskej vysviacke. Sviatos\u0165 k\u0148azstva ude\u013euje k\u0148azsk\u00fa moc, Bo\u017eiu milos\u0165 a nezmazate\u013en\u00fd znak, ktor\u00fd sp\u00f4sobuje, \u017ee k\u0148az je k\u0148azom naveky. Z Kristovho ustanovenia s\u00fa tri stupne k\u0148azstva: biskup, k\u0148az a diakon. Biskup m\u00e1 plnos\u0165 k\u0148azskej moci. Je n\u00e1stupcom apo\u0161tolov. K\u0148az je spolupracovn\u00edk biskupa a jeho spr\u00edtom\u0148ovate\u013e medzi veriacimi. Diakoni s\u00fa pomocn\u00edci biskupa a k\u0148azov.<\/p>\n<p><strong>Poslan\u00edm k\u0148aza je: <\/strong><\/p>\n<ul>\n<li>hl\u00e1sa\u0165 evanjelium;<\/li>\n<li>prin\u00e1\u0161a\u0165 obetu sv\u00e4tej om\u0161e;<\/li>\n<li>vysluhova\u0165 sviatosti;<\/li>\n<li>modli\u0165 sa za \u013eud\u00ed a po\u017eehn\u00e1va\u0165 ich.K\u0148az je spr\u00edtom\u0148ovate\u013eom Krista a jeho z\u00e1stupcom na zemi. Je v\u0161etk\u00fdm pre v\u0161etk\u00fdch.<\/li>\n<\/ul>\n<p><em>Slu\u017eobn\u00e9 k\u0148azstvo sa podstatne l\u00ed\u0161i od spolo\u010dn\u00e9ho k\u0148azstva veriacich, lebo ude\u013euje posv\u00e4tn\u00fa moc na slu\u017ebu veriacim. Vysv\u00e4\u00adten\u00ed slu\u017eobn\u00edci vykon\u00e1vaj\u00fa svoju slu\u017ebu Bo\u017eiemu \u013eudu vyu\u010dova\u00adn\u00edm, Bo\u017e\u00edm kultom a pastor\u00e1lnou spr\u00e1vou. (KKC, 1592)<\/em><\/p>\n<p><em>\u201eSami veriaci nech si zas uvedomuj\u00fa svoju pod\u013a\u017enos\u0165 vo\u010di svojim k\u0148azom, a preto nech im preukazuj\u00fa detinsk\u00fa l\u00e1sku ako svojim duchovn\u00fdm pastierom a otcom.\u201c (PO, 9)<\/em><\/p>\n<p><em>\u201eKto v\u00e1s po\u010d\u00fava, m\u0148a po\u010d\u00fava, a kto vami poh\u0155da, mnou poh\u0155da. Kto v\u0161ak poh\u0155da mnou, poh\u0155da t\u00fdm, ktor\u00fd ma poslal.\u201c (Lk 10, 16)<\/em><\/p>\n","protected":false},"excerpt":{"rendered":"<p>K\u0148azstvo je sviatos\u0165, ktorou Je\u017ei\u0161 ude\u013euje svoju k\u0148azsk\u00fa moc a d\u00e1va potrebn\u00fa milos\u0165 k tomuto \u00faradu. Je\u017ei\u0161 Kristus je prav\u00fd a ve\u010dn\u00fd k\u0148az. Vykon\u00e1va k\u0148azsk\u00fd \u00farad a poslanie. Je prostredn\u00edkom medzi Bohom a \u013eu\u010fmi. Aby mohol nepretr\u017eite pokra\u010dova\u0165 v svojej k\u0148azskej slu\u017ebe aj po odchode do neba, ustanovil sviatos\u0165 k\u0148azstva. \u0147ou prepo\u017ei\u010diava svoju k\u0148azsk\u00fa moc [&hellip;]<\/p>\n","protected":false},"author":1,"featured_media":0,"parent":7,"menu_order":6,"comment_status":"closed","ping_status":"closed","template":"","meta":{"ngg_post_thumbnail":0,"footnotes":""},"class_list":["post-80","page","type-page","status-publish","hentry"],"_links":{"self":[{"href":"https:\/\/www.farnost-strazske.sk\/index.php?rest_route=\/wp\/v2\/pages\/80","targetHints":{"allow":["GET"]}}],"collection":[{"href":"https:\/\/www.farnost-strazske.sk\/index.php?rest_route=\/wp\/v2\/pages"}],"about":[{"href":"https:\/\/www.farnost-strazske.sk\/index.php?rest_route=\/wp\/v2\/types\/page"}],"author":[{"embeddable":true,"href":"https:\/\/www.farnost-strazske.sk\/index.php?rest_route=\/wp\/v2\/users\/1"}],"replies":[{"embeddable":true,"href":"https:\/\/www.farnost-strazske.sk\/index.php?rest_route=%2Fwp%2Fv2%2Fcomments&post=80"}],"version-history":[{"count":6,"href":"https:\/\/www.farnost-strazske.sk\/index.php?rest_route=\/wp\/v2\/pages\/80\/revisions"}],"predecessor-version":[{"id":2903,"href":"https:\/\/www.farnost-strazske.sk\/index.php?rest_route=\/wp\/v2\/pages\/80\/revisions\/2903"}],"up":[{"embeddable":true,"href":"https:\/\/www.farnost-strazske.sk\/index.php?rest_route=\/wp\/v2\/pages\/7"}],"wp:attachment":[{"href":"https:\/\/www.farnost-strazske.sk\/index.php?rest_route=%2Fwp%2Fv2%2Fmedia&parent=80"}],"curies":[{"name":"wp","href":"https:\/\/api.w.org\/{rel}","templated":true}]}}