{"id":865,"date":"2009-09-20T20:23:34","date_gmt":"2009-09-20T18:23:34","guid":{"rendered":"http:\/\/www.farnost-strazske.sk\/?page_id=865"},"modified":"2021-03-14T14:45:42","modified_gmt":"2021-03-14T13:45:42","slug":"biblia-evanjelium","status":"publish","type":"page","link":"https:\/\/www.farnost-strazske.sk\/?page_id=865","title":{"rendered":"Biblia, evanjelium&#8230;"},"content":{"rendered":"<h5><a href=\"https:\/\/www.kbs.sk\/obsah\/sekcia\/h\/dokumenty-a-vyhlasenia\/p\/dokumenty-papezov\" target=\"_blank\" rel=\"noopener\">Dokumenty p\u00e1pe\u017eov<\/a><\/h5>\n<h5><a href=\"http:\/\/www.kbd.sk\/\" target=\"_blank\" rel=\"noopener\">Katol\u00edcke biblick\u00e9 dielo<\/a><\/h5>\n<h5><a href=\"http:\/\/www.breviar.sk\/\" target=\"_blank\" rel=\"noopener\">Liturgia hod\u00edn<\/a><\/h5>\n<h5><a href=\"http:\/\/www.kbs.sk\/\" target=\"_blank\" rel=\"noopener\">Ofici\u00e1lna str\u00e1nka Katol\u00edckej cirkvi na Slovensku<\/a><\/h5>\n<h5><a href=\"http:\/\/www.svatepismo.sk\/\" target=\"_blank\" rel=\"noopener\">Sv\u00e4t\u00e9 p\u00edsmo<\/a><\/h5>\n<h5><a href=\"https:\/\/www.vladkostefanic.com\/blog\/\" target=\"_blank\" rel=\"noopener\">Zamyslenia<\/a><\/h5>\n","protected":false},"excerpt":{"rendered":"<p>Dokumenty p\u00e1pe\u017eov Katol\u00edcke biblick\u00e9 dielo Liturgia hod\u00edn Ofici\u00e1lna str\u00e1nka Katol\u00edckej cirkvi na Slovensku Sv\u00e4t\u00e9 p\u00edsmo Zamyslenia<\/p>\n","protected":false},"author":1,"featured_media":0,"parent":62,"menu_order":0,"comment_status":"closed","ping_status":"closed","template":"page-3col.php","meta":{"ngg_post_thumbnail":0,"footnotes":""},"class_list":["post-865","page","type-page","status-publish","hentry"],"_links":{"self":[{"href":"https:\/\/www.farnost-strazske.sk\/index.php?rest_route=\/wp\/v2\/pages\/865","targetHints":{"allow":["GET"]}}],"collection":[{"href":"https:\/\/www.farnost-strazske.sk\/index.php?rest_route=\/wp\/v2\/pages"}],"about":[{"href":"https:\/\/www.farnost-strazske.sk\/index.php?rest_route=\/wp\/v2\/types\/page"}],"author":[{"embeddable":true,"href":"https:\/\/www.farnost-strazske.sk\/index.php?rest_route=\/wp\/v2\/users\/1"}],"replies":[{"embeddable":true,"href":"https:\/\/www.farnost-strazske.sk\/index.php?rest_route=%2Fwp%2Fv2%2Fcomments&post=865"}],"version-history":[{"count":6,"href":"https:\/\/www.farnost-strazske.sk\/index.php?rest_route=\/wp\/v2\/pages\/865\/revisions"}],"predecessor-version":[{"id":16496,"href":"https:\/\/www.farnost-strazske.sk\/index.php?rest_route=\/wp\/v2\/pages\/865\/revisions\/16496"}],"up":[{"embeddable":true,"href":"https:\/\/www.farnost-strazske.sk\/index.php?rest_route=\/wp\/v2\/pages\/62"}],"wp:attachment":[{"href":"https:\/\/www.farnost-strazske.sk\/index.php?rest_route=%2Fwp%2Fv2%2Fmedia&parent=865"}],"curies":[{"name":"wp","href":"https:\/\/api.w.org\/{rel}","templated":true}]}}