{"id":879,"date":"2009-09-20T20:31:03","date_gmt":"2009-09-20T18:31:03","guid":{"rendered":"http:\/\/www.farnost-strazske.sk\/?page_id=879"},"modified":"2021-05-02T22:37:32","modified_gmt":"2021-05-02T20:37:32","slug":"ministranti","status":"publish","type":"page","link":"https:\/\/www.farnost-strazske.sk\/?page_id=879","title":{"rendered":"Mini\u0161tranti"},"content":{"rendered":"<h5><a href=\"https:\/\/www.facebook.com\/ministranti.sk\" target=\"_blank\" rel=\"noopener\">Ofic\u00e1lna str\u00e1nka mini\u0161trantov Slovenska<\/a><\/h5>\n","protected":false},"excerpt":{"rendered":"<p>Ofic\u00e1lna str\u00e1nka mini\u0161trantov Slovenska<\/p>\n","protected":false},"author":1,"featured_media":0,"parent":62,"menu_order":0,"comment_status":"closed","ping_status":"closed","template":"page-3col.php","meta":{"ngg_post_thumbnail":0,"footnotes":""},"class_list":["post-879","page","type-page","status-publish","hentry"],"_links":{"self":[{"href":"https:\/\/www.farnost-strazske.sk\/index.php?rest_route=\/wp\/v2\/pages\/879","targetHints":{"allow":["GET"]}}],"collection":[{"href":"https:\/\/www.farnost-strazske.sk\/index.php?rest_route=\/wp\/v2\/pages"}],"about":[{"href":"https:\/\/www.farnost-strazske.sk\/index.php?rest_route=\/wp\/v2\/types\/page"}],"author":[{"embeddable":true,"href":"https:\/\/www.farnost-strazske.sk\/index.php?rest_route=\/wp\/v2\/users\/1"}],"replies":[{"embeddable":true,"href":"https:\/\/www.farnost-strazske.sk\/index.php?rest_route=%2Fwp%2Fv2%2Fcomments&post=879"}],"version-history":[{"count":5,"href":"https:\/\/www.farnost-strazske.sk\/index.php?rest_route=\/wp\/v2\/pages\/879\/revisions"}],"predecessor-version":[{"id":16593,"href":"https:\/\/www.farnost-strazske.sk\/index.php?rest_route=\/wp\/v2\/pages\/879\/revisions\/16593"}],"up":[{"embeddable":true,"href":"https:\/\/www.farnost-strazske.sk\/index.php?rest_route=\/wp\/v2\/pages\/62"}],"wp:attachment":[{"href":"https:\/\/www.farnost-strazske.sk\/index.php?rest_route=%2Fwp%2Fv2%2Fmedia&parent=879"}],"curies":[{"name":"wp","href":"https:\/\/api.w.org\/{rel}","templated":true}]}}