{"id":884,"date":"2009-09-20T20:33:55","date_gmt":"2009-09-20T18:33:55","guid":{"rendered":"http:\/\/www.farnost-strazske.sk\/?page_id=884"},"modified":"2021-05-02T22:55:50","modified_gmt":"2021-05-02T20:55:50","slug":"vydavatelstva","status":"publish","type":"page","link":"https:\/\/www.farnost-strazske.sk\/?page_id=884","title":{"rendered":"Vydavate\u013estv\u00e1 a m\u00e9dia"},"content":{"rendered":"<h5><a href=\"https:\/\/slovomedzinami.sk\" target=\"_blank\" rel=\"noopener\">\u010caspis Slovo medzi nami<\/a><\/h5>\n<h5><a href=\"https:\/\/www.katolickenoviny.sk\/\" target=\"_blank\" rel=\"noopener\">Katol\u00edcke noviny<\/a><\/h5>\n<h5><a href=\"http:\/\/www.lumen.sk\" target=\"_blank\" rel=\"noopener\">R\u00e1dio Lumen<\/a><\/h5>\n<h5><a href=\"http:\/\/www.tvlux.sk\/\" target=\"_blank\" rel=\"noopener\">TV LUX<\/a><\/h5>\n<h5><a href=\"http:\/\/www.donbosco.sk\/\" target=\"_blank\" rel=\"noopener\">Vydavata\u013estvo Don Bosco<\/a><\/h5>\n<h5><a href=\"https:\/\/www.dobrakniha.sk\" target=\"_blank\" rel=\"noopener\">Vydavate\u013estvo Dobr\u00e1 kniha<\/a><\/h5>\n<h5><a href=\"http:\/\/www.kumran.sk\">Kumran<\/a><\/h5>\n<h5><a href=\"http:\/\/www.zachej.sk\">Zachej<\/a><\/h5>\n<h5><a href=\"http:\/\/www.lux.sk\/\" target=\"_blank\" rel=\"noopener\">Vydavate\u013estvo Lux Communiction<\/a><\/h5>\n<h5><a href=\"https:\/\/www.luc.sk\" target=\"_blank\" rel=\"noopener\">L\u00fa\u010d<\/a><\/h5>\n\n\n<p><\/p>\n","protected":false},"excerpt":{"rendered":"<p>\u010caspis Slovo medzi nami Katol\u00edcke noviny R\u00e1dio Lumen TV LUX Vydavata\u013estvo Don Bosco Vydavate\u013estvo Dobr\u00e1 kniha Kumran Zachej Vydavate\u013estvo Lux Communiction L\u00fa\u010d<\/p>\n","protected":false},"author":1,"featured_media":0,"parent":62,"menu_order":0,"comment_status":"closed","ping_status":"closed","template":"page-3col.php","meta":{"ngg_post_thumbnail":0,"footnotes":""},"class_list":["post-884","page","type-page","status-publish","hentry"],"_links":{"self":[{"href":"https:\/\/www.farnost-strazske.sk\/index.php?rest_route=\/wp\/v2\/pages\/884","targetHints":{"allow":["GET"]}}],"collection":[{"href":"https:\/\/www.farnost-strazske.sk\/index.php?rest_route=\/wp\/v2\/pages"}],"about":[{"href":"https:\/\/www.farnost-strazske.sk\/index.php?rest_route=\/wp\/v2\/types\/page"}],"author":[{"embeddable":true,"href":"https:\/\/www.farnost-strazske.sk\/index.php?rest_route=\/wp\/v2\/users\/1"}],"replies":[{"embeddable":true,"href":"https:\/\/www.farnost-strazske.sk\/index.php?rest_route=%2Fwp%2Fv2%2Fcomments&post=884"}],"version-history":[{"count":8,"href":"https:\/\/www.farnost-strazske.sk\/index.php?rest_route=\/wp\/v2\/pages\/884\/revisions"}],"predecessor-version":[{"id":16606,"href":"https:\/\/www.farnost-strazske.sk\/index.php?rest_route=\/wp\/v2\/pages\/884\/revisions\/16606"}],"up":[{"embeddable":true,"href":"https:\/\/www.farnost-strazske.sk\/index.php?rest_route=\/wp\/v2\/pages\/62"}],"wp:attachment":[{"href":"https:\/\/www.farnost-strazske.sk\/index.php?rest_route=%2Fwp%2Fv2%2Fmedia&parent=884"}],"curies":[{"name":"wp","href":"https:\/\/api.w.org\/{rel}","templated":true}]}}