{"id":886,"date":"2009-09-20T20:34:32","date_gmt":"2009-09-20T18:34:32","guid":{"rendered":"http:\/\/www.farnost-strazske.sk\/?page_id=886"},"modified":"2021-05-02T22:44:36","modified_gmt":"2021-05-02T20:44:36","slug":"rozne","status":"publish","type":"page","link":"https:\/\/www.farnost-strazske.sk\/?page_id=886","title":{"rendered":"R\u00f4zne"},"content":{"rendered":"<h5><a href=\"http:\/\/www.christ-net.sk\/portal\/\" target=\"_blank\" rel=\"noopener\">Slovensk\u00fd kres\u0165ansk\u00fd port\u00e1l<\/a><\/h5>\n<h5><a href=\"http:\/\/www.modlitba.sk\/\" target=\"_blank\" rel=\"noopener\">Modlitby<\/a><\/h5>\n<h5><a href=\"http:\/\/www.postoj.sk\" target=\"_blank\" rel=\"noopener\">Postoj<\/a><\/h5>\n<h5><a href=\"http:\/\/www.zivotopisysvatych.sk\" target=\"_blank\" rel=\"noopener\">\u017divotopisy sv\u00e4t\u00fdch<\/a><\/h5>\n<h5 class=\"inspm-postheader\"><a title=\"Vitajte na  str\u00e1nke In\u0161tit\u00fatu Nepo\u0161kvrnen\u00e9ho Srdca Panny M\u00e1rie Ko\u0161ice\" href=\"https:\/\/www.maria.sk\">In\u0161tit\u00fat Nepo\u0161kvrnen\u00e9ho Srdca Panny M\u00e1rie Ko\u0161ice<\/a><\/h5>\n","protected":false},"excerpt":{"rendered":"<p>Slovensk\u00fd kres\u0165ansk\u00fd port\u00e1l Modlitby Postoj \u017divotopisy sv\u00e4t\u00fdch In\u0161tit\u00fat Nepo\u0161kvrnen\u00e9ho Srdca Panny M\u00e1rie Ko\u0161ice<\/p>\n","protected":false},"author":1,"featured_media":0,"parent":62,"menu_order":0,"comment_status":"closed","ping_status":"closed","template":"page-3col.php","meta":{"ngg_post_thumbnail":0,"footnotes":""},"class_list":["post-886","page","type-page","status-publish","hentry"],"_links":{"self":[{"href":"https:\/\/www.farnost-strazske.sk\/index.php?rest_route=\/wp\/v2\/pages\/886","targetHints":{"allow":["GET"]}}],"collection":[{"href":"https:\/\/www.farnost-strazske.sk\/index.php?rest_route=\/wp\/v2\/pages"}],"about":[{"href":"https:\/\/www.farnost-strazske.sk\/index.php?rest_route=\/wp\/v2\/types\/page"}],"author":[{"embeddable":true,"href":"https:\/\/www.farnost-strazske.sk\/index.php?rest_route=\/wp\/v2\/users\/1"}],"replies":[{"embeddable":true,"href":"https:\/\/www.farnost-strazske.sk\/index.php?rest_route=%2Fwp%2Fv2%2Fcomments&post=886"}],"version-history":[{"count":11,"href":"https:\/\/www.farnost-strazske.sk\/index.php?rest_route=\/wp\/v2\/pages\/886\/revisions"}],"predecessor-version":[{"id":16599,"href":"https:\/\/www.farnost-strazske.sk\/index.php?rest_route=\/wp\/v2\/pages\/886\/revisions\/16599"}],"up":[{"embeddable":true,"href":"https:\/\/www.farnost-strazske.sk\/index.php?rest_route=\/wp\/v2\/pages\/62"}],"wp:attachment":[{"href":"https:\/\/www.farnost-strazske.sk\/index.php?rest_route=%2Fwp%2Fv2%2Fmedia&parent=886"}],"curies":[{"name":"wp","href":"https:\/\/api.w.org\/{rel}","templated":true}]}}