{"id":907,"date":"2009-09-21T10:04:00","date_gmt":"2009-09-21T08:04:00","guid":{"rendered":"http:\/\/www.farnost-strazske.sk\/?page_id=907"},"modified":"2010-01-31T13:25:39","modified_gmt":"2010-01-31T11:25:39","slug":"svata-omsa","status":"publish","type":"page","link":"https:\/\/www.farnost-strazske.sk\/?page_id=907","title":{"rendered":"Sv\u00e4t\u00e1 om\u0161a"},"content":{"rendered":"<h5><a href=\"http:\/\/www.farnost-strazske.sk\/wp-content\/uploads\/2009\/09\/casti_omse.pdf\" target=\"_self\">\u010casti sv\u00e4tej om\u0161e<\/a><\/h5>\n<h5><a href=\"http:\/\/www.farnost-strazske.sk\/wp-content\/uploads\/2009\/09\/Ordinarium_Missae.pdf\" target=\"_self\">Obrady sv\u00e4tej om\u0161e &#8211; latin\u010dina<\/a><\/h5>\n","protected":false},"excerpt":{"rendered":"<p>\u010casti sv\u00e4tej om\u0161e Obrady sv\u00e4tej om\u0161e &#8211; latin\u010dina<\/p>\n","protected":false},"author":1,"featured_media":0,"parent":209,"menu_order":0,"comment_status":"closed","ping_status":"closed","template":"page-3col.php","meta":{"ngg_post_thumbnail":0,"footnotes":""},"class_list":["post-907","page","type-page","status-publish","hentry"],"_links":{"self":[{"href":"https:\/\/www.farnost-strazske.sk\/index.php?rest_route=\/wp\/v2\/pages\/907","targetHints":{"allow":["GET"]}}],"collection":[{"href":"https:\/\/www.farnost-strazske.sk\/index.php?rest_route=\/wp\/v2\/pages"}],"about":[{"href":"https:\/\/www.farnost-strazske.sk\/index.php?rest_route=\/wp\/v2\/types\/page"}],"author":[{"embeddable":true,"href":"https:\/\/www.farnost-strazske.sk\/index.php?rest_route=\/wp\/v2\/users\/1"}],"replies":[{"embeddable":true,"href":"https:\/\/www.farnost-strazske.sk\/index.php?rest_route=%2Fwp%2Fv2%2Fcomments&post=907"}],"version-history":[{"count":4,"href":"https:\/\/www.farnost-strazske.sk\/index.php?rest_route=\/wp\/v2\/pages\/907\/revisions"}],"predecessor-version":[{"id":1658,"href":"https:\/\/www.farnost-strazske.sk\/index.php?rest_route=\/wp\/v2\/pages\/907\/revisions\/1658"}],"up":[{"embeddable":true,"href":"https:\/\/www.farnost-strazske.sk\/index.php?rest_route=\/wp\/v2\/pages\/209"}],"wp:attachment":[{"href":"https:\/\/www.farnost-strazske.sk\/index.php?rest_route=%2Fwp%2Fv2%2Fmedia&parent=907"}],"curies":[{"name":"wp","href":"https:\/\/api.w.org\/{rel}","templated":true}]}}