{"id":92,"date":"2009-05-02T07:32:19","date_gmt":"2009-05-02T05:32:19","guid":{"rendered":"http:\/\/www.farnost-strazske.sk\/?page_id=92"},"modified":"2022-08-23T09:18:54","modified_gmt":"2022-08-23T07:18:54","slug":"spravca-farnosti","status":"publish","type":"page","link":"https:\/\/www.farnost-strazske.sk\/?page_id=92","title":{"rendered":"Spr\u00e1vca farnosti"},"content":{"rendered":"<h3>\u00a0<strong>Mgr. Mari\u00e1n Babjar\u010d\u00edk<\/strong><\/h3>\n<ul>\n<li>1991 \u2013 1997 \u0161t\u00fadium teol\u00f3gie v k\u0148azskom semin\u00e1ri biskupa J\u00e1na Vojta\u0161\u0161\u00e1ka na Spi\u0161skej Kapitule v Spi\u0161skom Podhrad\u00ed<\/li>\n<li>21.07. 1997\u2013 k\u0148azsk\u00e1 vysviacka v Ko\u0161iciach<\/li>\n<\/ul>\n<p><span style=\"text-decoration: underline;\">P\u00f4sobil:<\/span><\/p>\n<ul>\n<li>1997 &#8211; j\u00fan\u00a0 1998 kapl\u00e1n vo farnosti Snina<\/li>\n<li>1998 \u2013apr\u00edl 1999 kapl\u00e1n vo farnosti So\u013e<\/li>\n<li>1999 \u2013 j\u00fan\u00a0 2004 kapl\u00e1n vo farnosti Kapu\u0161any pri Pre\u0161ove<\/li>\n<li>2004 &#8211; janu\u00e1r\u00a0 2008 kapl\u00e1n vo farnosti Ter\u0148a<\/li>\n<li>2008 \u2013 j\u00fan\u00a0 2022\u00a0 far\u00e1r vo farnosti \u013dubot\u00edn<\/li>\n<li>od 1. j\u00fala 2022 far\u00e1r vo farnosti Str\u00e1\u017eske<\/li>\n<\/ul>\n","protected":false},"excerpt":{"rendered":"<p>\u00a0Mgr. Mari\u00e1n Babjar\u010d\u00edk 1991 \u2013 1997 \u0161t\u00fadium teol\u00f3gie v k\u0148azskom semin\u00e1ri biskupa J\u00e1na Vojta\u0161\u0161\u00e1ka na Spi\u0161skej Kapitule v Spi\u0161skom Podhrad\u00ed 21.07. 1997\u2013 k\u0148azsk\u00e1 vysviacka v Ko\u0161iciach P\u00f4sobil: 1997 &#8211; j\u00fan\u00a0 1998 kapl\u00e1n vo farnosti Snina 1998 \u2013apr\u00edl 1999 kapl\u00e1n vo farnosti So\u013e 1999 \u2013 j\u00fan\u00a0 2004 kapl\u00e1n vo farnosti Kapu\u0161any pri Pre\u0161ove 2004 &#8211; janu\u00e1r\u00a0 [&hellip;]<\/p>\n","protected":false},"author":1,"featured_media":0,"parent":9,"menu_order":2,"comment_status":"closed","ping_status":"closed","template":"","meta":{"ngg_post_thumbnail":0,"footnotes":""},"class_list":["post-92","page","type-page","status-publish","hentry"],"_links":{"self":[{"href":"https:\/\/www.farnost-strazske.sk\/index.php?rest_route=\/wp\/v2\/pages\/92","targetHints":{"allow":["GET"]}}],"collection":[{"href":"https:\/\/www.farnost-strazske.sk\/index.php?rest_route=\/wp\/v2\/pages"}],"about":[{"href":"https:\/\/www.farnost-strazske.sk\/index.php?rest_route=\/wp\/v2\/types\/page"}],"author":[{"embeddable":true,"href":"https:\/\/www.farnost-strazske.sk\/index.php?rest_route=\/wp\/v2\/users\/1"}],"replies":[{"embeddable":true,"href":"https:\/\/www.farnost-strazske.sk\/index.php?rest_route=%2Fwp%2Fv2%2Fcomments&post=92"}],"version-history":[{"count":17,"href":"https:\/\/www.farnost-strazske.sk\/index.php?rest_route=\/wp\/v2\/pages\/92\/revisions"}],"predecessor-version":[{"id":43306,"href":"https:\/\/www.farnost-strazske.sk\/index.php?rest_route=\/wp\/v2\/pages\/92\/revisions\/43306"}],"up":[{"embeddable":true,"href":"https:\/\/www.farnost-strazske.sk\/index.php?rest_route=\/wp\/v2\/pages\/9"}],"wp:attachment":[{"href":"https:\/\/www.farnost-strazske.sk\/index.php?rest_route=%2Fwp%2Fv2%2Fmedia&parent=92"}],"curies":[{"name":"wp","href":"https:\/\/api.w.org\/{rel}","templated":true}]}}