{"id":94,"date":"2009-05-02T07:32:37","date_gmt":"2009-05-02T05:32:37","guid":{"rendered":"http:\/\/www.farnost-strazske.sk\/?page_id=94"},"modified":"2020-02-05T21:43:31","modified_gmt":"2020-02-05T20:43:31","slug":"kaplani","status":"publish","type":"page","link":"https:\/\/www.farnost-strazske.sk\/?page_id=94","title":{"rendered":"Kapl\u00e1n"},"content":{"rendered":"<h3><strong>Mgr. \u013dubo\u0161 Jura\u0161ko<\/strong><\/h3>\n<p>&nbsp;<\/p>\n<div class=\"ia-field clearfix plain\">\n<ul>\n<li class=\"title\">Diakon\u00e1t: 14. j\u00fana 2013 &#8211; Ko\u0161ice<\/li>\n<li class=\"title\">Presbyter\u00e1t: 14. j\u00fana 2014 &#8211; Ko\u0161ice<\/li>\n<li>Prim\u00edcie: Pre\u0161ov &#8211; Solivar<\/li>\n<\/ul>\n<\/div>\n<div class=\"ia-field clearfix plain\">\n<p class=\"title\"><span style=\"text-decoration: underline;\">Predch\u00e1dzaj\u00face p\u00f4sobisk\u00e1:<\/span><\/p>\n<div class=\"content\">\n<ul>\n<li>2014 &#8211; 2017 farnos\u0165 Sabinov<\/li>\n<li>2017 &#8211; 2018 farnos\u0165 Sobrance<\/li>\n<li>2018 -2019 farnos\u0165 Budkovce<\/li>\n<\/ul>\n<\/div>\n<\/div>\n","protected":false},"excerpt":{"rendered":"<p>Mgr. \u013dubo\u0161 Jura\u0161ko &nbsp; Diakon\u00e1t: 14. j\u00fana 2013 &#8211; Ko\u0161ice Presbyter\u00e1t: 14. j\u00fana 2014 &#8211; Ko\u0161ice Prim\u00edcie: Pre\u0161ov &#8211; Solivar Predch\u00e1dzaj\u00face p\u00f4sobisk\u00e1: 2014 &#8211; 2017 farnos\u0165 Sabinov 2017 &#8211; 2018 farnos\u0165 Sobrance 2018 -2019 farnos\u0165 Budkovce<\/p>\n","protected":false},"author":1,"featured_media":0,"parent":9,"menu_order":3,"comment_status":"closed","ping_status":"closed","template":"","meta":{"ngg_post_thumbnail":0,"footnotes":""},"class_list":["post-94","page","type-page","status-publish","hentry"],"_links":{"self":[{"href":"https:\/\/www.farnost-strazske.sk\/index.php?rest_route=\/wp\/v2\/pages\/94","targetHints":{"allow":["GET"]}}],"collection":[{"href":"https:\/\/www.farnost-strazske.sk\/index.php?rest_route=\/wp\/v2\/pages"}],"about":[{"href":"https:\/\/www.farnost-strazske.sk\/index.php?rest_route=\/wp\/v2\/types\/page"}],"author":[{"embeddable":true,"href":"https:\/\/www.farnost-strazske.sk\/index.php?rest_route=\/wp\/v2\/users\/1"}],"replies":[{"embeddable":true,"href":"https:\/\/www.farnost-strazske.sk\/index.php?rest_route=%2Fwp%2Fv2%2Fcomments&post=94"}],"version-history":[{"count":19,"href":"https:\/\/www.farnost-strazske.sk\/index.php?rest_route=\/wp\/v2\/pages\/94\/revisions"}],"predecessor-version":[{"id":15792,"href":"https:\/\/www.farnost-strazske.sk\/index.php?rest_route=\/wp\/v2\/pages\/94\/revisions\/15792"}],"up":[{"embeddable":true,"href":"https:\/\/www.farnost-strazske.sk\/index.php?rest_route=\/wp\/v2\/pages\/9"}],"wp:attachment":[{"href":"https:\/\/www.farnost-strazske.sk\/index.php?rest_route=%2Fwp%2Fv2%2Fmedia&parent=94"}],"curies":[{"name":"wp","href":"https:\/\/api.w.org\/{rel}","templated":true}]}}